{"id":38345,"date":"2022-12-05T13:11:03","date_gmt":"2022-12-05T13:11:03","guid":{"rendered":"https:\/\/wisperbikes.com\/hu\/?post_type=product&#038;p=38345"},"modified":"2024-03-06T17:00:08","modified_gmt":"2024-03-06T17:00:08","slug":"torque-controller-26","status":"publish","type":"product","link":"https:\/\/wisperbikes.com\/hu\/shop\/electronic\/torque-controller-26\/","title":{"rendered":"Torque Controller &#8211; 26&#8243;"},"content":{"rendered":"<p>SKU: PWOT31024<\/p>\n","protected":false},"excerpt":{"rendered":"<p>SKU: PWOT31024<\/p>\n","protected":false},"featured_media":38370,"comment_status":"closed","ping_status":"closed","template":"","meta":[],"product_cat":[169],"product_tag":[],"acf":[],"yoast_head":"<!-- This site is optimized with the Yoast SEO plugin v20.12 - https:\/\/yoast.com\/wordpress\/plugins\/seo\/ -->\n<title>Er\u0151vez\u00e9rl\u0151 - 26&quot; - Wisper Bikes<\/title>\n<meta name=\"description\" content=\"Min\u0151s\u00e9gi Er\u0151vez\u00e9rl\u0151 - 26&quot;, Wisper Electric Bikes rakt\u00e1r\u00e1ban, az Egyes\u00fclt Kir\u00e1lys\u00e1g vezet\u0151 e-ker\u00e9kp\u00e1r alkatr\u00e9sz- \u00e9s kieg\u00e9sz\u00edt\u0151 sz\u00e1ll\u00edt\u00f3j\u00e1t\u00f3l.\" \/>\n<meta name=\"robots\" content=\"index, follow, max-snippet:-1, max-image-preview:large, max-video-preview:-1\" \/>\n<link rel=\"canonical\" href=\"https:\/\/wisperbikes.com\/hu\/shop\/electronic\/torque-controller-26\/\" \/>\n<meta property=\"og:locale\" content=\"hu_HU\" \/>\n<meta property=\"og:type\" content=\"article\" \/>\n<meta property=\"og:title\" content=\"Er\u0151vez\u00e9rl\u0151 - 26&quot; - Wisper Bikes\" \/>\n<meta property=\"og:description\" content=\"Min\u0151s\u00e9gi Er\u0151vez\u00e9rl\u0151 - 26&quot;, Wisper Electric Bikes rakt\u00e1r\u00e1ban, az Egyes\u00fclt Kir\u00e1lys\u00e1g vezet\u0151 e-ker\u00e9kp\u00e1r alkatr\u00e9sz- \u00e9s kieg\u00e9sz\u00edt\u0151 sz\u00e1ll\u00edt\u00f3j\u00e1t\u00f3l.\" \/>\n<meta property=\"og:url\" content=\"https:\/\/wisperbikes.com\/hu\/shop\/electronic\/torque-controller-26\/\" \/>\n<meta property=\"og:site_name\" content=\"Wisper Bikes\" \/>\n<meta property=\"article:publisher\" content=\"https:\/\/www.facebook.com\/Amps.Bike\/\" \/>\n<meta property=\"article:modified_time\" content=\"2024-03-06T17:00:08+00:00\" \/>\n<meta property=\"og:image\" content=\"https:\/\/wisperbikes.com\/hu\/wp-content\/uploads\/2022\/12\/26-SE-Controller-Leads-1.png\" \/>\n\t<meta property=\"og:image:width\" content=\"2680\" \/>\n\t<meta property=\"og:image:height\" content=\"2680\" \/>\n\t<meta property=\"og:image:type\" content=\"image\/png\" \/>\n<meta name=\"twitter:card\" content=\"summary_large_image\" \/>\n<meta name=\"twitter:site\" content=\"@wisperebikes\" \/>\n<meta name=\"twitter:label1\" content=\"Becs\u00fclt olvas\u00e1si id\u0151\" \/>\n\t<meta name=\"twitter:data1\" content=\"1 perc\" \/>\n<script type=\"application\/ld+json\" class=\"yoast-schema-graph\">{\"@context\":\"https:\/\/schema.org\",\"@graph\":[{\"@type\":\"WebPage\",\"@id\":\"https:\/\/wisperbikes.com\/hu\/shop\/electronic\/torque-controller-26\/\",\"url\":\"https:\/\/wisperbikes.com\/hu\/shop\/electronic\/torque-controller-26\/\",\"name\":\"Er\u0151vez\u00e9rl\u0151 - 26\\\" - Wisper Bikes\",\"isPartOf\":{\"@id\":\"https:\/\/wisperbikes.com\/hu\/#website\"},\"datePublished\":\"2022-12-05T13:11:03+00:00\",\"dateModified\":\"2024-03-06T17:00:08+00:00\",\"description\":\"Min\u0151s\u00e9gi Er\u0151vez\u00e9rl\u0151 - 26\\\", Wisper Electric Bikes rakt\u00e1r\u00e1ban, az Egyes\u00fclt Kir\u00e1lys\u00e1g vezet\u0151 e-ker\u00e9kp\u00e1r alkatr\u00e9sz- \u00e9s kieg\u00e9sz\u00edt\u0151 sz\u00e1ll\u00edt\u00f3j\u00e1t\u00f3l.\",\"breadcrumb\":{\"@id\":\"https:\/\/wisperbikes.com\/hu\/shop\/electronic\/torque-controller-26\/#breadcrumb\"},\"inLanguage\":\"hu\",\"potentialAction\":[{\"@type\":\"ReadAction\",\"target\":[\"https:\/\/wisperbikes.com\/hu\/shop\/electronic\/torque-controller-26\/\"]}]},{\"@type\":\"BreadcrumbList\",\"@id\":\"https:\/\/wisperbikes.com\/hu\/shop\/electronic\/torque-controller-26\/#breadcrumb\",\"itemListElement\":[{\"@type\":\"ListItem\",\"position\":1,\"name\":\"Home\",\"item\":\"https:\/\/wisperbikes.com\/hu\/\"},{\"@type\":\"ListItem\",\"position\":2,\"name\":\"Our Shop\",\"item\":\"https:\/\/wisperbikes.com\/hu\/shop\/\"},{\"@type\":\"ListItem\",\"position\":3,\"name\":\"Torque Controller &#8211; 26&#8243;\"}]},{\"@type\":\"WebSite\",\"@id\":\"https:\/\/wisperbikes.com\/hu\/#website\",\"url\":\"https:\/\/wisperbikes.com\/hu\/\",\"name\":\"Wisper Bikes\",\"description\":\"Electric Bikes\",\"publisher\":{\"@id\":\"https:\/\/wisperbikes.com\/hu\/#organization\"},\"potentialAction\":[{\"@type\":\"SearchAction\",\"target\":{\"@type\":\"EntryPoint\",\"urlTemplate\":\"https:\/\/wisperbikes.com\/hu\/?s={search_term_string}\"},\"query-input\":\"required name=search_term_string\"}],\"inLanguage\":\"hu\"},{\"@type\":\"Organization\",\"@id\":\"https:\/\/wisperbikes.com\/hu\/#organization\",\"name\":\"Wisper Electric Bikes\",\"alternateName\":\"Wisper E-Bikes\",\"url\":\"https:\/\/wisperbikes.com\/hu\/\",\"logo\":{\"@type\":\"ImageObject\",\"inLanguage\":\"hu\",\"@id\":\"https:\/\/wisperbikes.com\/hu\/#\/schema\/logo\/image\/\",\"url\":\"https:\/\/wisperbikes.com\/hu\/wp-content\/uploads\/2021\/06\/WISPER-Logo.png\",\"contentUrl\":\"https:\/\/wisperbikes.com\/hu\/wp-content\/uploads\/2021\/06\/WISPER-Logo.png\",\"width\":250,\"height\":65,\"caption\":\"Wisper Electric Bikes\"},\"image\":{\"@id\":\"https:\/\/wisperbikes.com\/hu\/#\/schema\/logo\/image\/\"},\"sameAs\":[\"https:\/\/www.facebook.com\/Amps.Bike\/\",\"https:\/\/twitter.com\/wisperebikes\",\"https:\/\/www.instagram.com\/wisperbikes\/\"]}]}<\/script>\n<!-- \/ Yoast SEO plugin. -->","yoast_head_json":{"title":"Er\u0151vez\u00e9rl\u0151 - 26\" - Wisper Bikes","description":"Min\u0151s\u00e9gi Er\u0151vez\u00e9rl\u0151 - 26\", Wisper Electric Bikes rakt\u00e1r\u00e1ban, az Egyes\u00fclt Kir\u00e1lys\u00e1g vezet\u0151 e-ker\u00e9kp\u00e1r alkatr\u00e9sz- \u00e9s kieg\u00e9sz\u00edt\u0151 sz\u00e1ll\u00edt\u00f3j\u00e1t\u00f3l.","robots":{"index":"index","follow":"follow","max-snippet":"max-snippet:-1","max-image-preview":"max-image-preview:large","max-video-preview":"max-video-preview:-1"},"canonical":"https:\/\/wisperbikes.com\/hu\/shop\/electronic\/torque-controller-26\/","og_locale":"hu_HU","og_type":"article","og_title":"Er\u0151vez\u00e9rl\u0151 - 26\" - Wisper Bikes","og_description":"Min\u0151s\u00e9gi Er\u0151vez\u00e9rl\u0151 - 26\", Wisper Electric Bikes rakt\u00e1r\u00e1ban, az Egyes\u00fclt Kir\u00e1lys\u00e1g vezet\u0151 e-ker\u00e9kp\u00e1r alkatr\u00e9sz- \u00e9s kieg\u00e9sz\u00edt\u0151 sz\u00e1ll\u00edt\u00f3j\u00e1t\u00f3l.","og_url":"https:\/\/wisperbikes.com\/hu\/shop\/electronic\/torque-controller-26\/","og_site_name":"Wisper Bikes","article_publisher":"https:\/\/www.facebook.com\/Amps.Bike\/","article_modified_time":"2024-03-06T17:00:08+00:00","og_image":[{"width":2680,"height":2680,"url":"https:\/\/wisperbikes.com\/hu\/wp-content\/uploads\/2022\/12\/26-SE-Controller-Leads-1.png","type":"image\/png"}],"twitter_card":"summary_large_image","twitter_site":"@wisperebikes","twitter_misc":{"Becs\u00fclt olvas\u00e1si id\u0151":"1 perc"},"schema":{"@context":"https:\/\/schema.org","@graph":[{"@type":"WebPage","@id":"https:\/\/wisperbikes.com\/hu\/shop\/electronic\/torque-controller-26\/","url":"https:\/\/wisperbikes.com\/hu\/shop\/electronic\/torque-controller-26\/","name":"Er\u0151vez\u00e9rl\u0151 - 26\" - Wisper Bikes","isPartOf":{"@id":"https:\/\/wisperbikes.com\/hu\/#website"},"datePublished":"2022-12-05T13:11:03+00:00","dateModified":"2024-03-06T17:00:08+00:00","description":"Min\u0151s\u00e9gi Er\u0151vez\u00e9rl\u0151 - 26\", Wisper Electric Bikes rakt\u00e1r\u00e1ban, az Egyes\u00fclt Kir\u00e1lys\u00e1g vezet\u0151 e-ker\u00e9kp\u00e1r alkatr\u00e9sz- \u00e9s kieg\u00e9sz\u00edt\u0151 sz\u00e1ll\u00edt\u00f3j\u00e1t\u00f3l.","breadcrumb":{"@id":"https:\/\/wisperbikes.com\/hu\/shop\/electronic\/torque-controller-26\/#breadcrumb"},"inLanguage":"hu","potentialAction":[{"@type":"ReadAction","target":["https:\/\/wisperbikes.com\/hu\/shop\/electronic\/torque-controller-26\/"]}]},{"@type":"BreadcrumbList","@id":"https:\/\/wisperbikes.com\/hu\/shop\/electronic\/torque-controller-26\/#breadcrumb","itemListElement":[{"@type":"ListItem","position":1,"name":"Home","item":"https:\/\/wisperbikes.com\/hu\/"},{"@type":"ListItem","position":2,"name":"Our Shop","item":"https:\/\/wisperbikes.com\/hu\/shop\/"},{"@type":"ListItem","position":3,"name":"Torque Controller &#8211; 26&#8243;"}]},{"@type":"WebSite","@id":"https:\/\/wisperbikes.com\/hu\/#website","url":"https:\/\/wisperbikes.com\/hu\/","name":"Wisper Bikes","description":"Electric Bikes","publisher":{"@id":"https:\/\/wisperbikes.com\/hu\/#organization"},"potentialAction":[{"@type":"SearchAction","target":{"@type":"EntryPoint","urlTemplate":"https:\/\/wisperbikes.com\/hu\/?s={search_term_string}"},"query-input":"required name=search_term_string"}],"inLanguage":"hu"},{"@type":"Organization","@id":"https:\/\/wisperbikes.com\/hu\/#organization","name":"Wisper Electric Bikes","alternateName":"Wisper E-Bikes","url":"https:\/\/wisperbikes.com\/hu\/","logo":{"@type":"ImageObject","inLanguage":"hu","@id":"https:\/\/wisperbikes.com\/hu\/#\/schema\/logo\/image\/","url":"https:\/\/wisperbikes.com\/hu\/wp-content\/uploads\/2021\/06\/WISPER-Logo.png","contentUrl":"https:\/\/wisperbikes.com\/hu\/wp-content\/uploads\/2021\/06\/WISPER-Logo.png","width":250,"height":65,"caption":"Wisper Electric Bikes"},"image":{"@id":"https:\/\/wisperbikes.com\/hu\/#\/schema\/logo\/image\/"},"sameAs":["https:\/\/www.facebook.com\/Amps.Bike\/","https:\/\/twitter.com\/wisperebikes","https:\/\/www.instagram.com\/wisperbikes\/"]}]}},"_links":{"self":[{"href":"https:\/\/wisperbikes.com\/hu\/wp-json\/wp\/v2\/product\/38345"}],"collection":[{"href":"https:\/\/wisperbikes.com\/hu\/wp-json\/wp\/v2\/product"}],"about":[{"href":"https:\/\/wisperbikes.com\/hu\/wp-json\/wp\/v2\/types\/product"}],"replies":[{"embeddable":true,"href":"https:\/\/wisperbikes.com\/hu\/wp-json\/wp\/v2\/comments?post=38345"}],"wp:featuredmedia":[{"embeddable":true,"href":"https:\/\/wisperbikes.com\/hu\/wp-json\/wp\/v2\/media\/38370"}],"wp:attachment":[{"href":"https:\/\/wisperbikes.com\/hu\/wp-json\/wp\/v2\/media?parent=38345"}],"wp:term":[{"taxonomy":"product_cat","embeddable":true,"href":"https:\/\/wisperbikes.com\/hu\/wp-json\/wp\/v2\/product_cat?post=38345"},{"taxonomy":"product_tag","embeddable":true,"href":"https:\/\/wisperbikes.com\/hu\/wp-json\/wp\/v2\/product_tag?post=38345"}],"curies":[{"name":"wp","href":"https:\/\/api.w.org\/{rel}","templated":true}]}}