{"id":38352,"date":"2022-12-05T13:11:04","date_gmt":"2022-12-05T13:11:04","guid":{"rendered":"https:\/\/wisperbikes.com\/hu\/?post_type=product&#038;p=38352"},"modified":"2024-03-06T12:35:50","modified_gmt":"2024-03-06T12:35:50","slug":"se-torque-throttle-2019","status":"publish","type":"product","link":"https:\/\/wisperbikes.com\/hu\/shop\/electronic\/se-torque-throttle-2019\/","title":{"rendered":"SE\/Torque Throttle 2019"},"content":{"rendered":"<p>SKU: PWOS31022<\/p>\n","protected":false},"excerpt":{"rendered":"<p>SKU: PWOS31022<\/p>\n","protected":false},"featured_media":38357,"comment_status":"closed","ping_status":"closed","template":"","meta":[],"product_cat":[169],"product_tag":[],"acf":[],"yoast_head":"<!-- This site is optimized with the Yoast SEO plugin v20.12 - https:\/\/yoast.com\/wordpress\/plugins\/seo\/ -->\n<title>SE\/Torque G\u00e1zkar 2019 - Wisper Ker\u00e9kp\u00e1rok<\/title>\n<meta name=\"description\" content=\"Friss\u00edtsd fel ma az eBike \u00e9lm\u00e9nyedet a mi kiv\u00e1l\u00f3 min\u0151s\u00e9g\u0171 SE\/Torque g\u00e1zkarunkkal. V\u00e1s\u00e1rolj a Wispern\u00e9l most, \u00e9s \u00e9lvezd a v\u00e9gtelen\u00fcl k\u00e9nyelmes ker\u00e9kp\u00e1roz\u00e1st!\" \/>\n<meta name=\"robots\" content=\"index, follow, max-snippet:-1, max-image-preview:large, max-video-preview:-1\" \/>\n<link rel=\"canonical\" href=\"https:\/\/wisperbikes.com\/hu\/shop\/electronic\/se-torque-throttle-2019\/\" \/>\n<meta property=\"og:locale\" content=\"hu_HU\" \/>\n<meta property=\"og:type\" content=\"article\" \/>\n<meta property=\"og:title\" content=\"SE\/Torque G\u00e1zkar 2019 - Wisper Ker\u00e9kp\u00e1rok\" \/>\n<meta property=\"og:description\" content=\"Friss\u00edtsd fel ma az eBike \u00e9lm\u00e9nyedet a mi kiv\u00e1l\u00f3 min\u0151s\u00e9g\u0171 SE\/Torque g\u00e1zkarunkkal. V\u00e1s\u00e1rolj a Wispern\u00e9l most, \u00e9s \u00e9lvezd a v\u00e9gtelen\u00fcl k\u00e9nyelmes ker\u00e9kp\u00e1roz\u00e1st!\" \/>\n<meta property=\"og:url\" content=\"https:\/\/wisperbikes.com\/hu\/shop\/electronic\/se-torque-throttle-2019\/\" \/>\n<meta property=\"og:site_name\" content=\"Wisper Bikes\" \/>\n<meta property=\"article:publisher\" content=\"https:\/\/www.facebook.com\/Amps.Bike\/\" \/>\n<meta property=\"article:modified_time\" content=\"2024-03-06T12:35:50+00:00\" \/>\n<meta property=\"og:image\" content=\"https:\/\/wisperbikes.com\/hu\/wp-content\/uploads\/2022\/12\/2019-Throttle.png\" \/>\n\t<meta property=\"og:image:width\" content=\"2180\" \/>\n\t<meta property=\"og:image:height\" content=\"2180\" \/>\n\t<meta property=\"og:image:type\" content=\"image\/png\" \/>\n<meta name=\"twitter:card\" content=\"summary_large_image\" \/>\n<meta name=\"twitter:site\" content=\"@wisperebikes\" \/>\n<meta name=\"twitter:label1\" content=\"Becs\u00fclt olvas\u00e1si id\u0151\" \/>\n\t<meta name=\"twitter:data1\" content=\"1 perc\" \/>\n<script type=\"application\/ld+json\" class=\"yoast-schema-graph\">{\"@context\":\"https:\/\/schema.org\",\"@graph\":[{\"@type\":\"WebPage\",\"@id\":\"https:\/\/wisperbikes.com\/hu\/shop\/electronic\/se-torque-throttle-2019\/\",\"url\":\"https:\/\/wisperbikes.com\/hu\/shop\/electronic\/se-torque-throttle-2019\/\",\"name\":\"SE\/Torque G\u00e1zkar 2019 - Wisper Ker\u00e9kp\u00e1rok\",\"isPartOf\":{\"@id\":\"https:\/\/wisperbikes.com\/hu\/#website\"},\"datePublished\":\"2022-12-05T13:11:04+00:00\",\"dateModified\":\"2024-03-06T12:35:50+00:00\",\"description\":\"Friss\u00edtsd fel ma az eBike \u00e9lm\u00e9nyedet a mi kiv\u00e1l\u00f3 min\u0151s\u00e9g\u0171 SE\/Torque g\u00e1zkarunkkal. V\u00e1s\u00e1rolj a Wispern\u00e9l most, \u00e9s \u00e9lvezd a v\u00e9gtelen\u00fcl k\u00e9nyelmes ker\u00e9kp\u00e1roz\u00e1st!\",\"breadcrumb\":{\"@id\":\"https:\/\/wisperbikes.com\/hu\/shop\/electronic\/se-torque-throttle-2019\/#breadcrumb\"},\"inLanguage\":\"hu\",\"potentialAction\":[{\"@type\":\"ReadAction\",\"target\":[\"https:\/\/wisperbikes.com\/hu\/shop\/electronic\/se-torque-throttle-2019\/\"]}]},{\"@type\":\"BreadcrumbList\",\"@id\":\"https:\/\/wisperbikes.com\/hu\/shop\/electronic\/se-torque-throttle-2019\/#breadcrumb\",\"itemListElement\":[{\"@type\":\"ListItem\",\"position\":1,\"name\":\"Home\",\"item\":\"https:\/\/wisperbikes.com\/hu\/\"},{\"@type\":\"ListItem\",\"position\":2,\"name\":\"Our Shop\",\"item\":\"https:\/\/wisperbikes.com\/hu\/shop\/\"},{\"@type\":\"ListItem\",\"position\":3,\"name\":\"SE\/Torque Throttle 2019\"}]},{\"@type\":\"WebSite\",\"@id\":\"https:\/\/wisperbikes.com\/hu\/#website\",\"url\":\"https:\/\/wisperbikes.com\/hu\/\",\"name\":\"Wisper Bikes\",\"description\":\"Electric Bikes\",\"publisher\":{\"@id\":\"https:\/\/wisperbikes.com\/hu\/#organization\"},\"potentialAction\":[{\"@type\":\"SearchAction\",\"target\":{\"@type\":\"EntryPoint\",\"urlTemplate\":\"https:\/\/wisperbikes.com\/hu\/?s={search_term_string}\"},\"query-input\":\"required name=search_term_string\"}],\"inLanguage\":\"hu\"},{\"@type\":\"Organization\",\"@id\":\"https:\/\/wisperbikes.com\/hu\/#organization\",\"name\":\"Wisper Electric Bikes\",\"alternateName\":\"Wisper E-Bikes\",\"url\":\"https:\/\/wisperbikes.com\/hu\/\",\"logo\":{\"@type\":\"ImageObject\",\"inLanguage\":\"hu\",\"@id\":\"https:\/\/wisperbikes.com\/hu\/#\/schema\/logo\/image\/\",\"url\":\"https:\/\/wisperbikes.com\/hu\/wp-content\/uploads\/2021\/06\/WISPER-Logo.png\",\"contentUrl\":\"https:\/\/wisperbikes.com\/hu\/wp-content\/uploads\/2021\/06\/WISPER-Logo.png\",\"width\":250,\"height\":65,\"caption\":\"Wisper Electric Bikes\"},\"image\":{\"@id\":\"https:\/\/wisperbikes.com\/hu\/#\/schema\/logo\/image\/\"},\"sameAs\":[\"https:\/\/www.facebook.com\/Amps.Bike\/\",\"https:\/\/twitter.com\/wisperebikes\",\"https:\/\/www.instagram.com\/wisperbikes\/\"]}]}<\/script>\n<!-- \/ Yoast SEO plugin. -->","yoast_head_json":{"title":"SE\/Torque G\u00e1zkar 2019 - Wisper Ker\u00e9kp\u00e1rok","description":"Friss\u00edtsd fel ma az eBike \u00e9lm\u00e9nyedet a mi kiv\u00e1l\u00f3 min\u0151s\u00e9g\u0171 SE\/Torque g\u00e1zkarunkkal. V\u00e1s\u00e1rolj a Wispern\u00e9l most, \u00e9s \u00e9lvezd a v\u00e9gtelen\u00fcl k\u00e9nyelmes ker\u00e9kp\u00e1roz\u00e1st!","robots":{"index":"index","follow":"follow","max-snippet":"max-snippet:-1","max-image-preview":"max-image-preview:large","max-video-preview":"max-video-preview:-1"},"canonical":"https:\/\/wisperbikes.com\/hu\/shop\/electronic\/se-torque-throttle-2019\/","og_locale":"hu_HU","og_type":"article","og_title":"SE\/Torque G\u00e1zkar 2019 - Wisper Ker\u00e9kp\u00e1rok","og_description":"Friss\u00edtsd fel ma az eBike \u00e9lm\u00e9nyedet a mi kiv\u00e1l\u00f3 min\u0151s\u00e9g\u0171 SE\/Torque g\u00e1zkarunkkal. V\u00e1s\u00e1rolj a Wispern\u00e9l most, \u00e9s \u00e9lvezd a v\u00e9gtelen\u00fcl k\u00e9nyelmes ker\u00e9kp\u00e1roz\u00e1st!","og_url":"https:\/\/wisperbikes.com\/hu\/shop\/electronic\/se-torque-throttle-2019\/","og_site_name":"Wisper Bikes","article_publisher":"https:\/\/www.facebook.com\/Amps.Bike\/","article_modified_time":"2024-03-06T12:35:50+00:00","og_image":[{"width":2180,"height":2180,"url":"https:\/\/wisperbikes.com\/hu\/wp-content\/uploads\/2022\/12\/2019-Throttle.png","type":"image\/png"}],"twitter_card":"summary_large_image","twitter_site":"@wisperebikes","twitter_misc":{"Becs\u00fclt olvas\u00e1si id\u0151":"1 perc"},"schema":{"@context":"https:\/\/schema.org","@graph":[{"@type":"WebPage","@id":"https:\/\/wisperbikes.com\/hu\/shop\/electronic\/se-torque-throttle-2019\/","url":"https:\/\/wisperbikes.com\/hu\/shop\/electronic\/se-torque-throttle-2019\/","name":"SE\/Torque G\u00e1zkar 2019 - Wisper Ker\u00e9kp\u00e1rok","isPartOf":{"@id":"https:\/\/wisperbikes.com\/hu\/#website"},"datePublished":"2022-12-05T13:11:04+00:00","dateModified":"2024-03-06T12:35:50+00:00","description":"Friss\u00edtsd fel ma az eBike \u00e9lm\u00e9nyedet a mi kiv\u00e1l\u00f3 min\u0151s\u00e9g\u0171 SE\/Torque g\u00e1zkarunkkal. V\u00e1s\u00e1rolj a Wispern\u00e9l most, \u00e9s \u00e9lvezd a v\u00e9gtelen\u00fcl k\u00e9nyelmes ker\u00e9kp\u00e1roz\u00e1st!","breadcrumb":{"@id":"https:\/\/wisperbikes.com\/hu\/shop\/electronic\/se-torque-throttle-2019\/#breadcrumb"},"inLanguage":"hu","potentialAction":[{"@type":"ReadAction","target":["https:\/\/wisperbikes.com\/hu\/shop\/electronic\/se-torque-throttle-2019\/"]}]},{"@type":"BreadcrumbList","@id":"https:\/\/wisperbikes.com\/hu\/shop\/electronic\/se-torque-throttle-2019\/#breadcrumb","itemListElement":[{"@type":"ListItem","position":1,"name":"Home","item":"https:\/\/wisperbikes.com\/hu\/"},{"@type":"ListItem","position":2,"name":"Our Shop","item":"https:\/\/wisperbikes.com\/hu\/shop\/"},{"@type":"ListItem","position":3,"name":"SE\/Torque Throttle 2019"}]},{"@type":"WebSite","@id":"https:\/\/wisperbikes.com\/hu\/#website","url":"https:\/\/wisperbikes.com\/hu\/","name":"Wisper Bikes","description":"Electric Bikes","publisher":{"@id":"https:\/\/wisperbikes.com\/hu\/#organization"},"potentialAction":[{"@type":"SearchAction","target":{"@type":"EntryPoint","urlTemplate":"https:\/\/wisperbikes.com\/hu\/?s={search_term_string}"},"query-input":"required name=search_term_string"}],"inLanguage":"hu"},{"@type":"Organization","@id":"https:\/\/wisperbikes.com\/hu\/#organization","name":"Wisper Electric Bikes","alternateName":"Wisper E-Bikes","url":"https:\/\/wisperbikes.com\/hu\/","logo":{"@type":"ImageObject","inLanguage":"hu","@id":"https:\/\/wisperbikes.com\/hu\/#\/schema\/logo\/image\/","url":"https:\/\/wisperbikes.com\/hu\/wp-content\/uploads\/2021\/06\/WISPER-Logo.png","contentUrl":"https:\/\/wisperbikes.com\/hu\/wp-content\/uploads\/2021\/06\/WISPER-Logo.png","width":250,"height":65,"caption":"Wisper Electric Bikes"},"image":{"@id":"https:\/\/wisperbikes.com\/hu\/#\/schema\/logo\/image\/"},"sameAs":["https:\/\/www.facebook.com\/Amps.Bike\/","https:\/\/twitter.com\/wisperebikes","https:\/\/www.instagram.com\/wisperbikes\/"]}]}},"_links":{"self":[{"href":"https:\/\/wisperbikes.com\/hu\/wp-json\/wp\/v2\/product\/38352"}],"collection":[{"href":"https:\/\/wisperbikes.com\/hu\/wp-json\/wp\/v2\/product"}],"about":[{"href":"https:\/\/wisperbikes.com\/hu\/wp-json\/wp\/v2\/types\/product"}],"replies":[{"embeddable":true,"href":"https:\/\/wisperbikes.com\/hu\/wp-json\/wp\/v2\/comments?post=38352"}],"wp:featuredmedia":[{"embeddable":true,"href":"https:\/\/wisperbikes.com\/hu\/wp-json\/wp\/v2\/media\/38357"}],"wp:attachment":[{"href":"https:\/\/wisperbikes.com\/hu\/wp-json\/wp\/v2\/media?parent=38352"}],"wp:term":[{"taxonomy":"product_cat","embeddable":true,"href":"https:\/\/wisperbikes.com\/hu\/wp-json\/wp\/v2\/product_cat?post=38352"},{"taxonomy":"product_tag","embeddable":true,"href":"https:\/\/wisperbikes.com\/hu\/wp-json\/wp\/v2\/product_tag?post=38352"}],"curies":[{"name":"wp","href":"https:\/\/api.w.org\/{rel}","templated":true}]}}