{"id":38354,"date":"2022-12-05T13:11:04","date_gmt":"2022-12-05T13:11:04","guid":{"rendered":"https:\/\/wisperbikes.com\/hu\/?post_type=product&#038;p=38354"},"modified":"2024-03-13T10:36:29","modified_gmt":"2024-03-13T10:36:29","slug":"wayfarer-hub-motor-akm","status":"publish","type":"product","link":"https:\/\/wisperbikes.com\/hu\/shop\/motors\/wayfarer-hub-motor-akm\/","title":{"rendered":"Wayfarer Hub Motor &#8211; AKM"},"content":{"rendered":"","protected":false},"excerpt":{"rendered":"","protected":false},"featured_media":38358,"comment_status":"closed","ping_status":"closed","template":"","meta":[],"product_cat":[963],"product_tag":[],"acf":[],"yoast_head":"<!-- This site is optimized with the Yoast SEO plugin v20.12 - https:\/\/yoast.com\/wordpress\/plugins\/seo\/ -->\n<title>Wayfarer agymotor - AKM - Wisper Ker\u00e9kp\u00e1rok<\/title>\n<meta name=\"description\" content=\"Ismerd meg az AKM Wayfarer agymotor erej\u00e9t a Wisper Ker\u00e9kp\u00e1rok \u00e1ltal. Ide\u00e1lis sima, hat\u00e9kony utakhoz, jav\u00edtott nyomat\u00e9kkal \u00e9s megb\u00edzhat\u00f3s\u00e1ggal.\" \/>\n<meta name=\"robots\" content=\"index, follow, max-snippet:-1, max-image-preview:large, max-video-preview:-1\" \/>\n<link rel=\"canonical\" href=\"https:\/\/wisperbikes.com\/hu\/shop\/motors\/wayfarer-hub-motor-akm\/\" \/>\n<meta property=\"og:locale\" content=\"hu_HU\" \/>\n<meta property=\"og:type\" content=\"article\" \/>\n<meta property=\"og:title\" content=\"Wayfarer agymotor - AKM - Wisper Ker\u00e9kp\u00e1rok\" \/>\n<meta property=\"og:description\" content=\"Ismerd meg az AKM Wayfarer agymotor erej\u00e9t a Wisper Ker\u00e9kp\u00e1rok \u00e1ltal. Ide\u00e1lis sima, hat\u00e9kony utakhoz, jav\u00edtott nyomat\u00e9kkal \u00e9s megb\u00edzhat\u00f3s\u00e1ggal.\" \/>\n<meta property=\"og:url\" content=\"https:\/\/wisperbikes.com\/hu\/shop\/motors\/wayfarer-hub-motor-akm\/\" \/>\n<meta property=\"og:site_name\" content=\"Wisper Bikes\" \/>\n<meta property=\"article:publisher\" content=\"https:\/\/www.facebook.com\/Amps.Bike\/\" \/>\n<meta property=\"article:modified_time\" content=\"2024-03-13T10:36:29+00:00\" \/>\n<meta property=\"og:image\" content=\"https:\/\/wisperbikes.com\/hu\/wp-content\/uploads\/2022\/12\/Wayfarer-Hub-Motor-AKM.png\" \/>\n\t<meta property=\"og:image:width\" content=\"3114\" \/>\n\t<meta property=\"og:image:height\" content=\"3113\" \/>\n\t<meta property=\"og:image:type\" content=\"image\/png\" \/>\n<meta name=\"twitter:card\" content=\"summary_large_image\" \/>\n<meta name=\"twitter:site\" content=\"@wisperebikes\" \/>\n<script type=\"application\/ld+json\" class=\"yoast-schema-graph\">{\"@context\":\"https:\/\/schema.org\",\"@graph\":[{\"@type\":\"WebPage\",\"@id\":\"https:\/\/wisperbikes.com\/hu\/shop\/motors\/wayfarer-hub-motor-akm\/\",\"url\":\"https:\/\/wisperbikes.com\/hu\/shop\/motors\/wayfarer-hub-motor-akm\/\",\"name\":\"Wayfarer agymotor - AKM - Wisper Ker\u00e9kp\u00e1rok\",\"isPartOf\":{\"@id\":\"https:\/\/wisperbikes.com\/hu\/#website\"},\"datePublished\":\"2022-12-05T13:11:04+00:00\",\"dateModified\":\"2024-03-13T10:36:29+00:00\",\"description\":\"Ismerd meg az AKM Wayfarer agymotor erej\u00e9t a Wisper Ker\u00e9kp\u00e1rok \u00e1ltal. Ide\u00e1lis sima, hat\u00e9kony utakhoz, jav\u00edtott nyomat\u00e9kkal \u00e9s megb\u00edzhat\u00f3s\u00e1ggal.\",\"breadcrumb\":{\"@id\":\"https:\/\/wisperbikes.com\/hu\/shop\/motors\/wayfarer-hub-motor-akm\/#breadcrumb\"},\"inLanguage\":\"hu\",\"potentialAction\":[{\"@type\":\"ReadAction\",\"target\":[\"https:\/\/wisperbikes.com\/hu\/shop\/motors\/wayfarer-hub-motor-akm\/\"]}]},{\"@type\":\"BreadcrumbList\",\"@id\":\"https:\/\/wisperbikes.com\/hu\/shop\/motors\/wayfarer-hub-motor-akm\/#breadcrumb\",\"itemListElement\":[{\"@type\":\"ListItem\",\"position\":1,\"name\":\"Home\",\"item\":\"https:\/\/wisperbikes.com\/hu\/\"},{\"@type\":\"ListItem\",\"position\":2,\"name\":\"Our Shop\",\"item\":\"https:\/\/wisperbikes.com\/hu\/shop\/\"},{\"@type\":\"ListItem\",\"position\":3,\"name\":\"Wayfarer Hub Motor &#8211; AKM\"}]},{\"@type\":\"WebSite\",\"@id\":\"https:\/\/wisperbikes.com\/hu\/#website\",\"url\":\"https:\/\/wisperbikes.com\/hu\/\",\"name\":\"Wisper Bikes\",\"description\":\"Electric Bikes\",\"publisher\":{\"@id\":\"https:\/\/wisperbikes.com\/hu\/#organization\"},\"potentialAction\":[{\"@type\":\"SearchAction\",\"target\":{\"@type\":\"EntryPoint\",\"urlTemplate\":\"https:\/\/wisperbikes.com\/hu\/?s={search_term_string}\"},\"query-input\":\"required name=search_term_string\"}],\"inLanguage\":\"hu\"},{\"@type\":\"Organization\",\"@id\":\"https:\/\/wisperbikes.com\/hu\/#organization\",\"name\":\"Wisper Electric Bikes\",\"alternateName\":\"Wisper E-Bikes\",\"url\":\"https:\/\/wisperbikes.com\/hu\/\",\"logo\":{\"@type\":\"ImageObject\",\"inLanguage\":\"hu\",\"@id\":\"https:\/\/wisperbikes.com\/hu\/#\/schema\/logo\/image\/\",\"url\":\"https:\/\/wisperbikes.com\/hu\/wp-content\/uploads\/2021\/06\/WISPER-Logo.png\",\"contentUrl\":\"https:\/\/wisperbikes.com\/hu\/wp-content\/uploads\/2021\/06\/WISPER-Logo.png\",\"width\":250,\"height\":65,\"caption\":\"Wisper Electric Bikes\"},\"image\":{\"@id\":\"https:\/\/wisperbikes.com\/hu\/#\/schema\/logo\/image\/\"},\"sameAs\":[\"https:\/\/www.facebook.com\/Amps.Bike\/\",\"https:\/\/twitter.com\/wisperebikes\",\"https:\/\/www.instagram.com\/wisperbikes\/\"]}]}<\/script>\n<!-- \/ Yoast SEO plugin. -->","yoast_head_json":{"title":"Wayfarer agymotor - AKM - Wisper Ker\u00e9kp\u00e1rok","description":"Ismerd meg az AKM Wayfarer agymotor erej\u00e9t a Wisper Ker\u00e9kp\u00e1rok \u00e1ltal. Ide\u00e1lis sima, hat\u00e9kony utakhoz, jav\u00edtott nyomat\u00e9kkal \u00e9s megb\u00edzhat\u00f3s\u00e1ggal.","robots":{"index":"index","follow":"follow","max-snippet":"max-snippet:-1","max-image-preview":"max-image-preview:large","max-video-preview":"max-video-preview:-1"},"canonical":"https:\/\/wisperbikes.com\/hu\/shop\/motors\/wayfarer-hub-motor-akm\/","og_locale":"hu_HU","og_type":"article","og_title":"Wayfarer agymotor - AKM - Wisper Ker\u00e9kp\u00e1rok","og_description":"Ismerd meg az AKM Wayfarer agymotor erej\u00e9t a Wisper Ker\u00e9kp\u00e1rok \u00e1ltal. Ide\u00e1lis sima, hat\u00e9kony utakhoz, jav\u00edtott nyomat\u00e9kkal \u00e9s megb\u00edzhat\u00f3s\u00e1ggal.","og_url":"https:\/\/wisperbikes.com\/hu\/shop\/motors\/wayfarer-hub-motor-akm\/","og_site_name":"Wisper Bikes","article_publisher":"https:\/\/www.facebook.com\/Amps.Bike\/","article_modified_time":"2024-03-13T10:36:29+00:00","og_image":[{"width":3114,"height":3113,"url":"https:\/\/wisperbikes.com\/hu\/wp-content\/uploads\/2022\/12\/Wayfarer-Hub-Motor-AKM.png","type":"image\/png"}],"twitter_card":"summary_large_image","twitter_site":"@wisperebikes","schema":{"@context":"https:\/\/schema.org","@graph":[{"@type":"WebPage","@id":"https:\/\/wisperbikes.com\/hu\/shop\/motors\/wayfarer-hub-motor-akm\/","url":"https:\/\/wisperbikes.com\/hu\/shop\/motors\/wayfarer-hub-motor-akm\/","name":"Wayfarer agymotor - AKM - Wisper Ker\u00e9kp\u00e1rok","isPartOf":{"@id":"https:\/\/wisperbikes.com\/hu\/#website"},"datePublished":"2022-12-05T13:11:04+00:00","dateModified":"2024-03-13T10:36:29+00:00","description":"Ismerd meg az AKM Wayfarer agymotor erej\u00e9t a Wisper Ker\u00e9kp\u00e1rok \u00e1ltal. Ide\u00e1lis sima, hat\u00e9kony utakhoz, jav\u00edtott nyomat\u00e9kkal \u00e9s megb\u00edzhat\u00f3s\u00e1ggal.","breadcrumb":{"@id":"https:\/\/wisperbikes.com\/hu\/shop\/motors\/wayfarer-hub-motor-akm\/#breadcrumb"},"inLanguage":"hu","potentialAction":[{"@type":"ReadAction","target":["https:\/\/wisperbikes.com\/hu\/shop\/motors\/wayfarer-hub-motor-akm\/"]}]},{"@type":"BreadcrumbList","@id":"https:\/\/wisperbikes.com\/hu\/shop\/motors\/wayfarer-hub-motor-akm\/#breadcrumb","itemListElement":[{"@type":"ListItem","position":1,"name":"Home","item":"https:\/\/wisperbikes.com\/hu\/"},{"@type":"ListItem","position":2,"name":"Our Shop","item":"https:\/\/wisperbikes.com\/hu\/shop\/"},{"@type":"ListItem","position":3,"name":"Wayfarer Hub Motor &#8211; AKM"}]},{"@type":"WebSite","@id":"https:\/\/wisperbikes.com\/hu\/#website","url":"https:\/\/wisperbikes.com\/hu\/","name":"Wisper Bikes","description":"Electric Bikes","publisher":{"@id":"https:\/\/wisperbikes.com\/hu\/#organization"},"potentialAction":[{"@type":"SearchAction","target":{"@type":"EntryPoint","urlTemplate":"https:\/\/wisperbikes.com\/hu\/?s={search_term_string}"},"query-input":"required name=search_term_string"}],"inLanguage":"hu"},{"@type":"Organization","@id":"https:\/\/wisperbikes.com\/hu\/#organization","name":"Wisper Electric Bikes","alternateName":"Wisper E-Bikes","url":"https:\/\/wisperbikes.com\/hu\/","logo":{"@type":"ImageObject","inLanguage":"hu","@id":"https:\/\/wisperbikes.com\/hu\/#\/schema\/logo\/image\/","url":"https:\/\/wisperbikes.com\/hu\/wp-content\/uploads\/2021\/06\/WISPER-Logo.png","contentUrl":"https:\/\/wisperbikes.com\/hu\/wp-content\/uploads\/2021\/06\/WISPER-Logo.png","width":250,"height":65,"caption":"Wisper Electric Bikes"},"image":{"@id":"https:\/\/wisperbikes.com\/hu\/#\/schema\/logo\/image\/"},"sameAs":["https:\/\/www.facebook.com\/Amps.Bike\/","https:\/\/twitter.com\/wisperebikes","https:\/\/www.instagram.com\/wisperbikes\/"]}]}},"_links":{"self":[{"href":"https:\/\/wisperbikes.com\/hu\/wp-json\/wp\/v2\/product\/38354"}],"collection":[{"href":"https:\/\/wisperbikes.com\/hu\/wp-json\/wp\/v2\/product"}],"about":[{"href":"https:\/\/wisperbikes.com\/hu\/wp-json\/wp\/v2\/types\/product"}],"replies":[{"embeddable":true,"href":"https:\/\/wisperbikes.com\/hu\/wp-json\/wp\/v2\/comments?post=38354"}],"wp:featuredmedia":[{"embeddable":true,"href":"https:\/\/wisperbikes.com\/hu\/wp-json\/wp\/v2\/media\/38358"}],"wp:attachment":[{"href":"https:\/\/wisperbikes.com\/hu\/wp-json\/wp\/v2\/media?parent=38354"}],"wp:term":[{"taxonomy":"product_cat","embeddable":true,"href":"https:\/\/wisperbikes.com\/hu\/wp-json\/wp\/v2\/product_cat?post=38354"},{"taxonomy":"product_tag","embeddable":true,"href":"https:\/\/wisperbikes.com\/hu\/wp-json\/wp\/v2\/product_tag?post=38354"}],"curies":[{"name":"wp","href":"https:\/\/api.w.org\/{rel}","templated":true}]}}