{"id":38376,"date":"2022-12-06T08:10:16","date_gmt":"2022-12-06T08:10:16","guid":{"rendered":"https:\/\/wisperbikes.com\/hu\/?post_type=product&#038;p=38376"},"modified":"2024-03-08T14:56:37","modified_gmt":"2024-03-08T14:56:37","slug":"wisper-se-hub-motor-sy-20","status":"publish","type":"product","link":"https:\/\/wisperbikes.com\/hu\/shop\/motors\/wisper-se-hub-motor-sy-20\/","title":{"rendered":"Wisper SE Hub Motor SY &#8211; 20&#8243;"},"content":{"rendered":"","protected":false},"excerpt":{"rendered":"","protected":false},"featured_media":38377,"comment_status":"closed","ping_status":"closed","template":"","meta":[],"product_cat":[963],"product_tag":[],"acf":[],"yoast_head":"<!-- This site is optimized with the Yoast SEO plugin v20.12 - https:\/\/yoast.com\/wordpress\/plugins\/seo\/ -->\n<title>Wisper SE agymotor SY - 20&quot; - Wisper ker\u00e9kp\u00e1rok<\/title>\n<meta name=\"description\" content=\"Se voc\u00ea est\u00e1 procurando um motor potente e eficiente para sua e-bike, o Wisper SE Hub Motor SY - 20&quot; \u00e9 uma \u00f3tima op\u00e7\u00e3o. Compre com a Wisper hoje mesmo!\" \/>\n<meta name=\"robots\" content=\"index, follow, max-snippet:-1, max-image-preview:large, max-video-preview:-1\" \/>\n<link rel=\"canonical\" href=\"https:\/\/wisperbikes.com\/hu\/shop\/motors\/wisper-se-hub-motor-sy-20\/\" \/>\n<meta property=\"og:locale\" content=\"hu_HU\" \/>\n<meta property=\"og:type\" content=\"article\" \/>\n<meta property=\"og:title\" content=\"Wisper SE agymotor SY - 20&quot; - Wisper ker\u00e9kp\u00e1rok\" \/>\n<meta property=\"og:description\" content=\"Se voc\u00ea est\u00e1 procurando um motor potente e eficiente para sua e-bike, o Wisper SE Hub Motor SY - 20&quot; \u00e9 uma \u00f3tima op\u00e7\u00e3o. Compre com a Wisper hoje mesmo!\" \/>\n<meta property=\"og:url\" content=\"https:\/\/wisperbikes.com\/hu\/shop\/motors\/wisper-se-hub-motor-sy-20\/\" \/>\n<meta property=\"og:site_name\" content=\"Wisper Bikes\" \/>\n<meta property=\"article:publisher\" content=\"https:\/\/www.facebook.com\/Amps.Bike\/\" \/>\n<meta property=\"article:modified_time\" content=\"2024-03-08T14:56:37+00:00\" \/>\n<meta property=\"og:image\" content=\"https:\/\/wisperbikes.com\/hu\/wp-content\/uploads\/2022\/12\/PWOS31004-WISPER-SE-HUB-MOTOR-SY-250W2015-1.jpg\" \/>\n\t<meta property=\"og:image:width\" content=\"970\" \/>\n\t<meta property=\"og:image:height\" content=\"970\" \/>\n\t<meta property=\"og:image:type\" content=\"image\/jpeg\" \/>\n<meta name=\"twitter:card\" content=\"summary_large_image\" \/>\n<meta name=\"twitter:site\" content=\"@wisperebikes\" \/>\n<script type=\"application\/ld+json\" class=\"yoast-schema-graph\">{\"@context\":\"https:\/\/schema.org\",\"@graph\":[{\"@type\":\"WebPage\",\"@id\":\"https:\/\/wisperbikes.com\/hu\/shop\/motors\/wisper-se-hub-motor-sy-20\/\",\"url\":\"https:\/\/wisperbikes.com\/hu\/shop\/motors\/wisper-se-hub-motor-sy-20\/\",\"name\":\"Wisper SE agymotor SY - 20\\\" - Wisper ker\u00e9kp\u00e1rok\",\"isPartOf\":{\"@id\":\"https:\/\/wisperbikes.com\/hu\/#website\"},\"datePublished\":\"2022-12-06T08:10:16+00:00\",\"dateModified\":\"2024-03-08T14:56:37+00:00\",\"description\":\"Se voc\u00ea est\u00e1 procurando um motor potente e eficiente para sua e-bike, o Wisper SE Hub Motor SY - 20\\\" \u00e9 uma \u00f3tima op\u00e7\u00e3o. Compre com a Wisper hoje mesmo!\",\"breadcrumb\":{\"@id\":\"https:\/\/wisperbikes.com\/hu\/shop\/motors\/wisper-se-hub-motor-sy-20\/#breadcrumb\"},\"inLanguage\":\"hu\",\"potentialAction\":[{\"@type\":\"ReadAction\",\"target\":[\"https:\/\/wisperbikes.com\/hu\/shop\/motors\/wisper-se-hub-motor-sy-20\/\"]}]},{\"@type\":\"BreadcrumbList\",\"@id\":\"https:\/\/wisperbikes.com\/hu\/shop\/motors\/wisper-se-hub-motor-sy-20\/#breadcrumb\",\"itemListElement\":[{\"@type\":\"ListItem\",\"position\":1,\"name\":\"Home\",\"item\":\"https:\/\/wisperbikes.com\/hu\/\"},{\"@type\":\"ListItem\",\"position\":2,\"name\":\"Our Shop\",\"item\":\"https:\/\/wisperbikes.com\/hu\/shop\/\"},{\"@type\":\"ListItem\",\"position\":3,\"name\":\"Wisper SE Hub Motor SY &#8211; 20&#8243;\"}]},{\"@type\":\"WebSite\",\"@id\":\"https:\/\/wisperbikes.com\/hu\/#website\",\"url\":\"https:\/\/wisperbikes.com\/hu\/\",\"name\":\"Wisper Bikes\",\"description\":\"Electric Bikes\",\"publisher\":{\"@id\":\"https:\/\/wisperbikes.com\/hu\/#organization\"},\"potentialAction\":[{\"@type\":\"SearchAction\",\"target\":{\"@type\":\"EntryPoint\",\"urlTemplate\":\"https:\/\/wisperbikes.com\/hu\/?s={search_term_string}\"},\"query-input\":\"required name=search_term_string\"}],\"inLanguage\":\"hu\"},{\"@type\":\"Organization\",\"@id\":\"https:\/\/wisperbikes.com\/hu\/#organization\",\"name\":\"Wisper Electric Bikes\",\"alternateName\":\"Wisper E-Bikes\",\"url\":\"https:\/\/wisperbikes.com\/hu\/\",\"logo\":{\"@type\":\"ImageObject\",\"inLanguage\":\"hu\",\"@id\":\"https:\/\/wisperbikes.com\/hu\/#\/schema\/logo\/image\/\",\"url\":\"https:\/\/wisperbikes.com\/hu\/wp-content\/uploads\/2021\/06\/WISPER-Logo.png\",\"contentUrl\":\"https:\/\/wisperbikes.com\/hu\/wp-content\/uploads\/2021\/06\/WISPER-Logo.png\",\"width\":250,\"height\":65,\"caption\":\"Wisper Electric Bikes\"},\"image\":{\"@id\":\"https:\/\/wisperbikes.com\/hu\/#\/schema\/logo\/image\/\"},\"sameAs\":[\"https:\/\/www.facebook.com\/Amps.Bike\/\",\"https:\/\/twitter.com\/wisperebikes\",\"https:\/\/www.instagram.com\/wisperbikes\/\"]}]}<\/script>\n<!-- \/ Yoast SEO plugin. -->","yoast_head_json":{"title":"Wisper SE agymotor SY - 20\" - Wisper ker\u00e9kp\u00e1rok","description":"Se voc\u00ea est\u00e1 procurando um motor potente e eficiente para sua e-bike, o Wisper SE Hub Motor SY - 20\" \u00e9 uma \u00f3tima op\u00e7\u00e3o. Compre com a Wisper hoje mesmo!","robots":{"index":"index","follow":"follow","max-snippet":"max-snippet:-1","max-image-preview":"max-image-preview:large","max-video-preview":"max-video-preview:-1"},"canonical":"https:\/\/wisperbikes.com\/hu\/shop\/motors\/wisper-se-hub-motor-sy-20\/","og_locale":"hu_HU","og_type":"article","og_title":"Wisper SE agymotor SY - 20\" - Wisper ker\u00e9kp\u00e1rok","og_description":"Se voc\u00ea est\u00e1 procurando um motor potente e eficiente para sua e-bike, o Wisper SE Hub Motor SY - 20\" \u00e9 uma \u00f3tima op\u00e7\u00e3o. Compre com a Wisper hoje mesmo!","og_url":"https:\/\/wisperbikes.com\/hu\/shop\/motors\/wisper-se-hub-motor-sy-20\/","og_site_name":"Wisper Bikes","article_publisher":"https:\/\/www.facebook.com\/Amps.Bike\/","article_modified_time":"2024-03-08T14:56:37+00:00","og_image":[{"width":970,"height":970,"url":"https:\/\/wisperbikes.com\/hu\/wp-content\/uploads\/2022\/12\/PWOS31004-WISPER-SE-HUB-MOTOR-SY-250W2015-1.jpg","type":"image\/jpeg"}],"twitter_card":"summary_large_image","twitter_site":"@wisperebikes","schema":{"@context":"https:\/\/schema.org","@graph":[{"@type":"WebPage","@id":"https:\/\/wisperbikes.com\/hu\/shop\/motors\/wisper-se-hub-motor-sy-20\/","url":"https:\/\/wisperbikes.com\/hu\/shop\/motors\/wisper-se-hub-motor-sy-20\/","name":"Wisper SE agymotor SY - 20\" - Wisper ker\u00e9kp\u00e1rok","isPartOf":{"@id":"https:\/\/wisperbikes.com\/hu\/#website"},"datePublished":"2022-12-06T08:10:16+00:00","dateModified":"2024-03-08T14:56:37+00:00","description":"Se voc\u00ea est\u00e1 procurando um motor potente e eficiente para sua e-bike, o Wisper SE Hub Motor SY - 20\" \u00e9 uma \u00f3tima op\u00e7\u00e3o. Compre com a Wisper hoje mesmo!","breadcrumb":{"@id":"https:\/\/wisperbikes.com\/hu\/shop\/motors\/wisper-se-hub-motor-sy-20\/#breadcrumb"},"inLanguage":"hu","potentialAction":[{"@type":"ReadAction","target":["https:\/\/wisperbikes.com\/hu\/shop\/motors\/wisper-se-hub-motor-sy-20\/"]}]},{"@type":"BreadcrumbList","@id":"https:\/\/wisperbikes.com\/hu\/shop\/motors\/wisper-se-hub-motor-sy-20\/#breadcrumb","itemListElement":[{"@type":"ListItem","position":1,"name":"Home","item":"https:\/\/wisperbikes.com\/hu\/"},{"@type":"ListItem","position":2,"name":"Our Shop","item":"https:\/\/wisperbikes.com\/hu\/shop\/"},{"@type":"ListItem","position":3,"name":"Wisper SE Hub Motor SY &#8211; 20&#8243;"}]},{"@type":"WebSite","@id":"https:\/\/wisperbikes.com\/hu\/#website","url":"https:\/\/wisperbikes.com\/hu\/","name":"Wisper Bikes","description":"Electric Bikes","publisher":{"@id":"https:\/\/wisperbikes.com\/hu\/#organization"},"potentialAction":[{"@type":"SearchAction","target":{"@type":"EntryPoint","urlTemplate":"https:\/\/wisperbikes.com\/hu\/?s={search_term_string}"},"query-input":"required name=search_term_string"}],"inLanguage":"hu"},{"@type":"Organization","@id":"https:\/\/wisperbikes.com\/hu\/#organization","name":"Wisper Electric Bikes","alternateName":"Wisper E-Bikes","url":"https:\/\/wisperbikes.com\/hu\/","logo":{"@type":"ImageObject","inLanguage":"hu","@id":"https:\/\/wisperbikes.com\/hu\/#\/schema\/logo\/image\/","url":"https:\/\/wisperbikes.com\/hu\/wp-content\/uploads\/2021\/06\/WISPER-Logo.png","contentUrl":"https:\/\/wisperbikes.com\/hu\/wp-content\/uploads\/2021\/06\/WISPER-Logo.png","width":250,"height":65,"caption":"Wisper Electric Bikes"},"image":{"@id":"https:\/\/wisperbikes.com\/hu\/#\/schema\/logo\/image\/"},"sameAs":["https:\/\/www.facebook.com\/Amps.Bike\/","https:\/\/twitter.com\/wisperebikes","https:\/\/www.instagram.com\/wisperbikes\/"]}]}},"_links":{"self":[{"href":"https:\/\/wisperbikes.com\/hu\/wp-json\/wp\/v2\/product\/38376"}],"collection":[{"href":"https:\/\/wisperbikes.com\/hu\/wp-json\/wp\/v2\/product"}],"about":[{"href":"https:\/\/wisperbikes.com\/hu\/wp-json\/wp\/v2\/types\/product"}],"replies":[{"embeddable":true,"href":"https:\/\/wisperbikes.com\/hu\/wp-json\/wp\/v2\/comments?post=38376"}],"wp:featuredmedia":[{"embeddable":true,"href":"https:\/\/wisperbikes.com\/hu\/wp-json\/wp\/v2\/media\/38377"}],"wp:attachment":[{"href":"https:\/\/wisperbikes.com\/hu\/wp-json\/wp\/v2\/media?parent=38376"}],"wp:term":[{"taxonomy":"product_cat","embeddable":true,"href":"https:\/\/wisperbikes.com\/hu\/wp-json\/wp\/v2\/product_cat?post=38376"},{"taxonomy":"product_tag","embeddable":true,"href":"https:\/\/wisperbikes.com\/hu\/wp-json\/wp\/v2\/product_tag?post=38376"}],"curies":[{"name":"wp","href":"https:\/\/api.w.org\/{rel}","templated":true}]}}