{"id":41050,"date":"2024-08-19T12:18:49","date_gmt":"2024-08-19T12:18:49","guid":{"rendered":"https:\/\/wisperbikes.com\/hu\/?post_type=product&#038;p=41050"},"modified":"2025-04-03T09:52:41","modified_gmt":"2025-04-03T09:52:41","slug":"wayfarer-cadence-sensor-sy-motors","status":"publish","type":"product","link":"https:\/\/wisperbikes.com\/hu\/shop\/electronic\/wayfarer-cadence-sensor-sy-motors\/","title":{"rendered":"Wayfarer Cadence Sensor &#8211; SY Motors"},"content":{"rendered":"<p>SKU: ZP33032<\/p>\n","protected":false},"excerpt":{"rendered":"<p>SKU: ZP33032<\/p>\n","protected":false},"featured_media":38367,"comment_status":"closed","ping_status":"closed","template":"","meta":[],"product_cat":[169],"product_tag":[],"acf":[],"yoast_head":"<!-- This site is optimized with the Yoast SEO plugin v20.12 - https:\/\/yoast.com\/wordpress\/plugins\/seo\/ -->\n<title>Wayfarer \u00dctem\u00e9rz\u00e9kel\u0151 - SY Motors - Wisper Bikes<\/title>\n<meta name=\"description\" content=\"Fokozza Wisper Wayfarer e-bike teljes\u00edtm\u00e9ny\u00e9t a SY Motors \u00fctem\u00e9rz\u00e9kel\u0151vel \u2013 \u00e9lvezze a sima, \u00e9rz\u00e9keny ped\u00e1lseg\u00edts\u00e9get egy k\u00f6nnyen telep\u00edthet\u0151 megold\u00e1ssal.\" \/>\n<meta name=\"robots\" content=\"index, follow, max-snippet:-1, max-image-preview:large, max-video-preview:-1\" \/>\n<link rel=\"canonical\" href=\"https:\/\/wisperbikes.com\/hu\/shop\/electronic\/wayfarer-cadence-sensor-sy-motors\/\" \/>\n<meta property=\"og:locale\" content=\"hu_HU\" \/>\n<meta property=\"og:type\" content=\"article\" \/>\n<meta property=\"og:title\" content=\"Wayfarer \u00dctem\u00e9rz\u00e9kel\u0151 - SY Motors - Wisper Bikes\" \/>\n<meta property=\"og:description\" content=\"Fokozza Wisper Wayfarer e-bike teljes\u00edtm\u00e9ny\u00e9t a SY Motors \u00fctem\u00e9rz\u00e9kel\u0151vel \u2013 \u00e9lvezze a sima, \u00e9rz\u00e9keny ped\u00e1lseg\u00edts\u00e9get egy k\u00f6nnyen telep\u00edthet\u0151 megold\u00e1ssal.\" \/>\n<meta property=\"og:url\" content=\"https:\/\/wisperbikes.com\/hu\/shop\/electronic\/wayfarer-cadence-sensor-sy-motors\/\" \/>\n<meta property=\"og:site_name\" content=\"Wisper Bikes\" \/>\n<meta property=\"article:publisher\" content=\"https:\/\/www.facebook.com\/Amps.Bike\/\" \/>\n<meta property=\"article:modified_time\" content=\"2025-04-03T09:52:41+00:00\" \/>\n<meta property=\"og:image\" content=\"https:\/\/wisperbikes.com\/hu\/wp-content\/uploads\/2022\/12\/Wayfarer-Cadence-Sensor.png\" \/>\n\t<meta property=\"og:image:width\" content=\"2784\" \/>\n\t<meta property=\"og:image:height\" content=\"2784\" \/>\n\t<meta property=\"og:image:type\" content=\"image\/png\" \/>\n<meta name=\"twitter:card\" content=\"summary_large_image\" \/>\n<meta name=\"twitter:site\" content=\"@wisperebikes\" \/>\n<meta name=\"twitter:label1\" content=\"Becs\u00fclt olvas\u00e1si id\u0151\" \/>\n\t<meta name=\"twitter:data1\" content=\"1 perc\" \/>\n<script type=\"application\/ld+json\" class=\"yoast-schema-graph\">{\"@context\":\"https:\/\/schema.org\",\"@graph\":[{\"@type\":\"WebPage\",\"@id\":\"https:\/\/wisperbikes.com\/hu\/shop\/electronic\/wayfarer-cadence-sensor-sy-motors\/\",\"url\":\"https:\/\/wisperbikes.com\/hu\/shop\/electronic\/wayfarer-cadence-sensor-sy-motors\/\",\"name\":\"Wayfarer \u00dctem\u00e9rz\u00e9kel\u0151 - SY Motors - Wisper Bikes\",\"isPartOf\":{\"@id\":\"https:\/\/wisperbikes.com\/hu\/#website\"},\"datePublished\":\"2024-08-19T12:18:49+00:00\",\"dateModified\":\"2025-04-03T09:52:41+00:00\",\"description\":\"Fokozza Wisper Wayfarer e-bike teljes\u00edtm\u00e9ny\u00e9t a SY Motors \u00fctem\u00e9rz\u00e9kel\u0151vel \u2013 \u00e9lvezze a sima, \u00e9rz\u00e9keny ped\u00e1lseg\u00edts\u00e9get egy k\u00f6nnyen telep\u00edthet\u0151 megold\u00e1ssal.\",\"breadcrumb\":{\"@id\":\"https:\/\/wisperbikes.com\/hu\/shop\/electronic\/wayfarer-cadence-sensor-sy-motors\/#breadcrumb\"},\"inLanguage\":\"hu\",\"potentialAction\":[{\"@type\":\"ReadAction\",\"target\":[\"https:\/\/wisperbikes.com\/hu\/shop\/electronic\/wayfarer-cadence-sensor-sy-motors\/\"]}]},{\"@type\":\"BreadcrumbList\",\"@id\":\"https:\/\/wisperbikes.com\/hu\/shop\/electronic\/wayfarer-cadence-sensor-sy-motors\/#breadcrumb\",\"itemListElement\":[{\"@type\":\"ListItem\",\"position\":1,\"name\":\"Home\",\"item\":\"https:\/\/wisperbikes.com\/hu\/\"},{\"@type\":\"ListItem\",\"position\":2,\"name\":\"Our Shop\",\"item\":\"https:\/\/wisperbikes.com\/hu\/shop\/\"},{\"@type\":\"ListItem\",\"position\":3,\"name\":\"Wayfarer Cadence Sensor &#8211; SY Motors\"}]},{\"@type\":\"WebSite\",\"@id\":\"https:\/\/wisperbikes.com\/hu\/#website\",\"url\":\"https:\/\/wisperbikes.com\/hu\/\",\"name\":\"Wisper Bikes\",\"description\":\"Electric Bikes\",\"publisher\":{\"@id\":\"https:\/\/wisperbikes.com\/hu\/#organization\"},\"potentialAction\":[{\"@type\":\"SearchAction\",\"target\":{\"@type\":\"EntryPoint\",\"urlTemplate\":\"https:\/\/wisperbikes.com\/hu\/?s={search_term_string}\"},\"query-input\":\"required name=search_term_string\"}],\"inLanguage\":\"hu\"},{\"@type\":\"Organization\",\"@id\":\"https:\/\/wisperbikes.com\/hu\/#organization\",\"name\":\"Wisper Electric Bikes\",\"alternateName\":\"Wisper E-Bikes\",\"url\":\"https:\/\/wisperbikes.com\/hu\/\",\"logo\":{\"@type\":\"ImageObject\",\"inLanguage\":\"hu\",\"@id\":\"https:\/\/wisperbikes.com\/hu\/#\/schema\/logo\/image\/\",\"url\":\"https:\/\/wisperbikes.com\/hu\/wp-content\/uploads\/2021\/06\/WISPER-Logo.png\",\"contentUrl\":\"https:\/\/wisperbikes.com\/hu\/wp-content\/uploads\/2021\/06\/WISPER-Logo.png\",\"width\":250,\"height\":65,\"caption\":\"Wisper Electric Bikes\"},\"image\":{\"@id\":\"https:\/\/wisperbikes.com\/hu\/#\/schema\/logo\/image\/\"},\"sameAs\":[\"https:\/\/www.facebook.com\/Amps.Bike\/\",\"https:\/\/twitter.com\/wisperebikes\",\"https:\/\/www.instagram.com\/wisperbikes\/\"]}]}<\/script>\n<!-- \/ Yoast SEO plugin. -->","yoast_head_json":{"title":"Wayfarer \u00dctem\u00e9rz\u00e9kel\u0151 - SY Motors - Wisper Bikes","description":"Fokozza Wisper Wayfarer e-bike teljes\u00edtm\u00e9ny\u00e9t a SY Motors \u00fctem\u00e9rz\u00e9kel\u0151vel \u2013 \u00e9lvezze a sima, \u00e9rz\u00e9keny ped\u00e1lseg\u00edts\u00e9get egy k\u00f6nnyen telep\u00edthet\u0151 megold\u00e1ssal.","robots":{"index":"index","follow":"follow","max-snippet":"max-snippet:-1","max-image-preview":"max-image-preview:large","max-video-preview":"max-video-preview:-1"},"canonical":"https:\/\/wisperbikes.com\/hu\/shop\/electronic\/wayfarer-cadence-sensor-sy-motors\/","og_locale":"hu_HU","og_type":"article","og_title":"Wayfarer \u00dctem\u00e9rz\u00e9kel\u0151 - SY Motors - Wisper Bikes","og_description":"Fokozza Wisper Wayfarer e-bike teljes\u00edtm\u00e9ny\u00e9t a SY Motors \u00fctem\u00e9rz\u00e9kel\u0151vel \u2013 \u00e9lvezze a sima, \u00e9rz\u00e9keny ped\u00e1lseg\u00edts\u00e9get egy k\u00f6nnyen telep\u00edthet\u0151 megold\u00e1ssal.","og_url":"https:\/\/wisperbikes.com\/hu\/shop\/electronic\/wayfarer-cadence-sensor-sy-motors\/","og_site_name":"Wisper Bikes","article_publisher":"https:\/\/www.facebook.com\/Amps.Bike\/","article_modified_time":"2025-04-03T09:52:41+00:00","og_image":[{"width":2784,"height":2784,"url":"https:\/\/wisperbikes.com\/hu\/wp-content\/uploads\/2022\/12\/Wayfarer-Cadence-Sensor.png","type":"image\/png"}],"twitter_card":"summary_large_image","twitter_site":"@wisperebikes","twitter_misc":{"Becs\u00fclt olvas\u00e1si id\u0151":"1 perc"},"schema":{"@context":"https:\/\/schema.org","@graph":[{"@type":"WebPage","@id":"https:\/\/wisperbikes.com\/hu\/shop\/electronic\/wayfarer-cadence-sensor-sy-motors\/","url":"https:\/\/wisperbikes.com\/hu\/shop\/electronic\/wayfarer-cadence-sensor-sy-motors\/","name":"Wayfarer \u00dctem\u00e9rz\u00e9kel\u0151 - SY Motors - Wisper Bikes","isPartOf":{"@id":"https:\/\/wisperbikes.com\/hu\/#website"},"datePublished":"2024-08-19T12:18:49+00:00","dateModified":"2025-04-03T09:52:41+00:00","description":"Fokozza Wisper Wayfarer e-bike teljes\u00edtm\u00e9ny\u00e9t a SY Motors \u00fctem\u00e9rz\u00e9kel\u0151vel \u2013 \u00e9lvezze a sima, \u00e9rz\u00e9keny ped\u00e1lseg\u00edts\u00e9get egy k\u00f6nnyen telep\u00edthet\u0151 megold\u00e1ssal.","breadcrumb":{"@id":"https:\/\/wisperbikes.com\/hu\/shop\/electronic\/wayfarer-cadence-sensor-sy-motors\/#breadcrumb"},"inLanguage":"hu","potentialAction":[{"@type":"ReadAction","target":["https:\/\/wisperbikes.com\/hu\/shop\/electronic\/wayfarer-cadence-sensor-sy-motors\/"]}]},{"@type":"BreadcrumbList","@id":"https:\/\/wisperbikes.com\/hu\/shop\/electronic\/wayfarer-cadence-sensor-sy-motors\/#breadcrumb","itemListElement":[{"@type":"ListItem","position":1,"name":"Home","item":"https:\/\/wisperbikes.com\/hu\/"},{"@type":"ListItem","position":2,"name":"Our Shop","item":"https:\/\/wisperbikes.com\/hu\/shop\/"},{"@type":"ListItem","position":3,"name":"Wayfarer Cadence Sensor &#8211; SY Motors"}]},{"@type":"WebSite","@id":"https:\/\/wisperbikes.com\/hu\/#website","url":"https:\/\/wisperbikes.com\/hu\/","name":"Wisper Bikes","description":"Electric Bikes","publisher":{"@id":"https:\/\/wisperbikes.com\/hu\/#organization"},"potentialAction":[{"@type":"SearchAction","target":{"@type":"EntryPoint","urlTemplate":"https:\/\/wisperbikes.com\/hu\/?s={search_term_string}"},"query-input":"required name=search_term_string"}],"inLanguage":"hu"},{"@type":"Organization","@id":"https:\/\/wisperbikes.com\/hu\/#organization","name":"Wisper Electric Bikes","alternateName":"Wisper E-Bikes","url":"https:\/\/wisperbikes.com\/hu\/","logo":{"@type":"ImageObject","inLanguage":"hu","@id":"https:\/\/wisperbikes.com\/hu\/#\/schema\/logo\/image\/","url":"https:\/\/wisperbikes.com\/hu\/wp-content\/uploads\/2021\/06\/WISPER-Logo.png","contentUrl":"https:\/\/wisperbikes.com\/hu\/wp-content\/uploads\/2021\/06\/WISPER-Logo.png","width":250,"height":65,"caption":"Wisper Electric Bikes"},"image":{"@id":"https:\/\/wisperbikes.com\/hu\/#\/schema\/logo\/image\/"},"sameAs":["https:\/\/www.facebook.com\/Amps.Bike\/","https:\/\/twitter.com\/wisperebikes","https:\/\/www.instagram.com\/wisperbikes\/"]}]}},"_links":{"self":[{"href":"https:\/\/wisperbikes.com\/hu\/wp-json\/wp\/v2\/product\/41050"}],"collection":[{"href":"https:\/\/wisperbikes.com\/hu\/wp-json\/wp\/v2\/product"}],"about":[{"href":"https:\/\/wisperbikes.com\/hu\/wp-json\/wp\/v2\/types\/product"}],"replies":[{"embeddable":true,"href":"https:\/\/wisperbikes.com\/hu\/wp-json\/wp\/v2\/comments?post=41050"}],"wp:featuredmedia":[{"embeddable":true,"href":"https:\/\/wisperbikes.com\/hu\/wp-json\/wp\/v2\/media\/38367"}],"wp:attachment":[{"href":"https:\/\/wisperbikes.com\/hu\/wp-json\/wp\/v2\/media?parent=41050"}],"wp:term":[{"taxonomy":"product_cat","embeddable":true,"href":"https:\/\/wisperbikes.com\/hu\/wp-json\/wp\/v2\/product_cat?post=41050"},{"taxonomy":"product_tag","embeddable":true,"href":"https:\/\/wisperbikes.com\/hu\/wp-json\/wp\/v2\/product_tag?post=41050"}],"curies":[{"name":"wp","href":"https:\/\/api.w.org\/{rel}","templated":true}]}}