{"id":24312,"date":"2019-06-14T00:00:00","date_gmt":"2019-06-14T00:00:00","guid":{"rendered":"http:\/\/localhost\/wisper_both\/shop\/uncategorized\/manifold-4-2-5-2\/"},"modified":"2024-03-06T13:14:44","modified_gmt":"2024-03-06T13:14:44","slug":"manifold-4-2-5-2","status":"publish","type":"product","link":"https:\/\/wisperbikes.com\/nl\/shop\/electronic\/manifold-4-2-5-2\/","title":{"rendered":"Manifold (4-2-5-2)"},"content":{"rendered":"","protected":false},"excerpt":{"rendered":"","protected":false},"featured_media":8013,"comment_status":"closed","ping_status":"closed","template":"","meta":[],"product_cat":[169],"product_tag":[],"acf":[],"yoast_head":"<!-- This site is optimized with the Yoast SEO plugin v20.13 - https:\/\/yoast.com\/wordpress\/plugins\/seo\/ -->\n<title>Manifold (4-2-5-2) | Cykeltilbeh\u00f8r | Wisper elektriske cykler<\/title>\n<meta name=\"description\" content=\"K\u00f8b holdbar og langtidsholdbar manifold (4-2-5-2). Den hj\u00e6lper med at fordele str\u00f8mmen j\u00e6vnt til motoren og batterierne og sikrer, at cyklen k\u00f8rer glat.\" \/>\n<meta name=\"robots\" content=\"index, follow, max-snippet:-1, max-image-preview:large, max-video-preview:-1\" \/>\n<link rel=\"canonical\" href=\"https:\/\/wisperbikes.com\/nl\/shop\/electronic\/manifold-4-2-5-2\/\" \/>\n<meta property=\"og:locale\" content=\"nl_NL\" \/>\n<meta property=\"og:type\" content=\"article\" \/>\n<meta property=\"og:title\" content=\"Manifold (4-2-5-2) | Cykeltilbeh\u00f8r | Wisper elektriske cykler\" \/>\n<meta property=\"og:description\" content=\"K\u00f8b holdbar og langtidsholdbar manifold (4-2-5-2). Den hj\u00e6lper med at fordele str\u00f8mmen j\u00e6vnt til motoren og batterierne og sikrer, at cyklen k\u00f8rer glat.\" \/>\n<meta property=\"og:url\" content=\"https:\/\/wisperbikes.com\/nl\/shop\/electronic\/manifold-4-2-5-2\/\" \/>\n<meta property=\"og:site_name\" content=\"Wisper Bikes\" \/>\n<meta property=\"article:publisher\" content=\"https:\/\/www.facebook.com\/Amps.Bike\/\" \/>\n<meta property=\"article:modified_time\" content=\"2024-03-06T13:14:44+00:00\" \/>\n<meta property=\"og:image\" content=\"https:\/\/wisperbikes.com\/nl\/wp-content\/uploads\/2019\/06\/PWX312402-WISPER-CLASSIC-MANIFOLD-1-1.jpg\" \/>\n\t<meta property=\"og:image:width\" content=\"970\" \/>\n\t<meta property=\"og:image:height\" content=\"970\" \/>\n\t<meta property=\"og:image:type\" content=\"image\/jpeg\" \/>\n<meta name=\"twitter:card\" content=\"summary_large_image\" \/>\n<meta name=\"twitter:site\" content=\"@wisperebikes\" \/>\n<script type=\"application\/ld+json\" class=\"yoast-schema-graph\">{\"@context\":\"https:\/\/schema.org\",\"@graph\":[{\"@type\":\"WebPage\",\"@id\":\"https:\/\/wisperbikes.com\/nl\/shop\/electronic\/manifold-4-2-5-2\/\",\"url\":\"https:\/\/wisperbikes.com\/nl\/shop\/electronic\/manifold-4-2-5-2\/\",\"name\":\"Manifold (4-2-5-2) | Cykeltilbeh\u00f8r | Wisper elektriske cykler\",\"isPartOf\":{\"@id\":\"https:\/\/wisperbikes.com\/nl\/#website\"},\"datePublished\":\"2019-06-14T00:00:00+00:00\",\"dateModified\":\"2024-03-06T13:14:44+00:00\",\"description\":\"K\u00f8b holdbar og langtidsholdbar manifold (4-2-5-2). Den hj\u00e6lper med at fordele str\u00f8mmen j\u00e6vnt til motoren og batterierne og sikrer, at cyklen k\u00f8rer glat.\",\"breadcrumb\":{\"@id\":\"https:\/\/wisperbikes.com\/nl\/shop\/electronic\/manifold-4-2-5-2\/#breadcrumb\"},\"inLanguage\":\"nl-NL\",\"potentialAction\":[{\"@type\":\"ReadAction\",\"target\":[\"https:\/\/wisperbikes.com\/nl\/shop\/electronic\/manifold-4-2-5-2\/\"]}]},{\"@type\":\"BreadcrumbList\",\"@id\":\"https:\/\/wisperbikes.com\/nl\/shop\/electronic\/manifold-4-2-5-2\/#breadcrumb\",\"itemListElement\":[{\"@type\":\"ListItem\",\"position\":1,\"name\":\"Home\",\"item\":\"https:\/\/wisperbikes.com\/nl\/\"},{\"@type\":\"ListItem\",\"position\":2,\"name\":\"Our Shop\",\"item\":\"https:\/\/wisperbikes.com\/nl\/shop\/\"},{\"@type\":\"ListItem\",\"position\":3,\"name\":\"Manifold (4-2-5-2)\"}]},{\"@type\":\"WebSite\",\"@id\":\"https:\/\/wisperbikes.com\/nl\/#website\",\"url\":\"https:\/\/wisperbikes.com\/nl\/\",\"name\":\"Wisper Bikes\",\"description\":\"Electric Bikes\",\"publisher\":{\"@id\":\"https:\/\/wisperbikes.com\/nl\/#organization\"},\"potentialAction\":[{\"@type\":\"SearchAction\",\"target\":{\"@type\":\"EntryPoint\",\"urlTemplate\":\"https:\/\/wisperbikes.com\/nl\/?s={search_term_string}\"},\"query-input\":\"required name=search_term_string\"}],\"inLanguage\":\"nl-NL\"},{\"@type\":\"Organization\",\"@id\":\"https:\/\/wisperbikes.com\/nl\/#organization\",\"name\":\"Wisper Electric Bikes\",\"alternateName\":\"Wisper E-Bikes\",\"url\":\"https:\/\/wisperbikes.com\/nl\/\",\"logo\":{\"@type\":\"ImageObject\",\"inLanguage\":\"nl-NL\",\"@id\":\"https:\/\/wisperbikes.com\/nl\/#\/schema\/logo\/image\/\",\"url\":\"https:\/\/wisperbikes.com\/nl\/wp-content\/uploads\/2021\/06\/WISPER-Logo.png\",\"contentUrl\":\"https:\/\/wisperbikes.com\/nl\/wp-content\/uploads\/2021\/06\/WISPER-Logo.png\",\"width\":250,\"height\":65,\"caption\":\"Wisper Electric Bikes\"},\"image\":{\"@id\":\"https:\/\/wisperbikes.com\/nl\/#\/schema\/logo\/image\/\"},\"sameAs\":[\"https:\/\/www.facebook.com\/Amps.Bike\/\",\"https:\/\/twitter.com\/wisperebikes\",\"https:\/\/www.instagram.com\/wisperbikes\/\"]}]}<\/script>\n<!-- \/ Yoast SEO plugin. -->","yoast_head_json":{"title":"Manifold (4-2-5-2) | Cykeltilbeh\u00f8r | Wisper elektriske cykler","description":"K\u00f8b holdbar og langtidsholdbar manifold (4-2-5-2). Den hj\u00e6lper med at fordele str\u00f8mmen j\u00e6vnt til motoren og batterierne og sikrer, at cyklen k\u00f8rer glat.","robots":{"index":"index","follow":"follow","max-snippet":"max-snippet:-1","max-image-preview":"max-image-preview:large","max-video-preview":"max-video-preview:-1"},"canonical":"https:\/\/wisperbikes.com\/nl\/shop\/electronic\/manifold-4-2-5-2\/","og_locale":"nl_NL","og_type":"article","og_title":"Manifold (4-2-5-2) | Cykeltilbeh\u00f8r | Wisper elektriske cykler","og_description":"K\u00f8b holdbar og langtidsholdbar manifold (4-2-5-2). Den hj\u00e6lper med at fordele str\u00f8mmen j\u00e6vnt til motoren og batterierne og sikrer, at cyklen k\u00f8rer glat.","og_url":"https:\/\/wisperbikes.com\/nl\/shop\/electronic\/manifold-4-2-5-2\/","og_site_name":"Wisper Bikes","article_publisher":"https:\/\/www.facebook.com\/Amps.Bike\/","article_modified_time":"2024-03-06T13:14:44+00:00","og_image":[{"width":970,"height":970,"url":"https:\/\/wisperbikes.com\/nl\/wp-content\/uploads\/2019\/06\/PWX312402-WISPER-CLASSIC-MANIFOLD-1-1.jpg","type":"image\/jpeg"}],"twitter_card":"summary_large_image","twitter_site":"@wisperebikes","schema":{"@context":"https:\/\/schema.org","@graph":[{"@type":"WebPage","@id":"https:\/\/wisperbikes.com\/nl\/shop\/electronic\/manifold-4-2-5-2\/","url":"https:\/\/wisperbikes.com\/nl\/shop\/electronic\/manifold-4-2-5-2\/","name":"Manifold (4-2-5-2) | Cykeltilbeh\u00f8r | Wisper elektriske cykler","isPartOf":{"@id":"https:\/\/wisperbikes.com\/nl\/#website"},"datePublished":"2019-06-14T00:00:00+00:00","dateModified":"2024-03-06T13:14:44+00:00","description":"K\u00f8b holdbar og langtidsholdbar manifold (4-2-5-2). Den hj\u00e6lper med at fordele str\u00f8mmen j\u00e6vnt til motoren og batterierne og sikrer, at cyklen k\u00f8rer glat.","breadcrumb":{"@id":"https:\/\/wisperbikes.com\/nl\/shop\/electronic\/manifold-4-2-5-2\/#breadcrumb"},"inLanguage":"nl-NL","potentialAction":[{"@type":"ReadAction","target":["https:\/\/wisperbikes.com\/nl\/shop\/electronic\/manifold-4-2-5-2\/"]}]},{"@type":"BreadcrumbList","@id":"https:\/\/wisperbikes.com\/nl\/shop\/electronic\/manifold-4-2-5-2\/#breadcrumb","itemListElement":[{"@type":"ListItem","position":1,"name":"Home","item":"https:\/\/wisperbikes.com\/nl\/"},{"@type":"ListItem","position":2,"name":"Our Shop","item":"https:\/\/wisperbikes.com\/nl\/shop\/"},{"@type":"ListItem","position":3,"name":"Manifold (4-2-5-2)"}]},{"@type":"WebSite","@id":"https:\/\/wisperbikes.com\/nl\/#website","url":"https:\/\/wisperbikes.com\/nl\/","name":"Wisper Bikes","description":"Electric Bikes","publisher":{"@id":"https:\/\/wisperbikes.com\/nl\/#organization"},"potentialAction":[{"@type":"SearchAction","target":{"@type":"EntryPoint","urlTemplate":"https:\/\/wisperbikes.com\/nl\/?s={search_term_string}"},"query-input":"required name=search_term_string"}],"inLanguage":"nl-NL"},{"@type":"Organization","@id":"https:\/\/wisperbikes.com\/nl\/#organization","name":"Wisper Electric Bikes","alternateName":"Wisper E-Bikes","url":"https:\/\/wisperbikes.com\/nl\/","logo":{"@type":"ImageObject","inLanguage":"nl-NL","@id":"https:\/\/wisperbikes.com\/nl\/#\/schema\/logo\/image\/","url":"https:\/\/wisperbikes.com\/nl\/wp-content\/uploads\/2021\/06\/WISPER-Logo.png","contentUrl":"https:\/\/wisperbikes.com\/nl\/wp-content\/uploads\/2021\/06\/WISPER-Logo.png","width":250,"height":65,"caption":"Wisper Electric Bikes"},"image":{"@id":"https:\/\/wisperbikes.com\/nl\/#\/schema\/logo\/image\/"},"sameAs":["https:\/\/www.facebook.com\/Amps.Bike\/","https:\/\/twitter.com\/wisperebikes","https:\/\/www.instagram.com\/wisperbikes\/"]}]}},"_links":{"self":[{"href":"https:\/\/wisperbikes.com\/nl\/wp-json\/wp\/v2\/product\/24312"}],"collection":[{"href":"https:\/\/wisperbikes.com\/nl\/wp-json\/wp\/v2\/product"}],"about":[{"href":"https:\/\/wisperbikes.com\/nl\/wp-json\/wp\/v2\/types\/product"}],"replies":[{"embeddable":true,"href":"https:\/\/wisperbikes.com\/nl\/wp-json\/wp\/v2\/comments?post=24312"}],"wp:featuredmedia":[{"embeddable":true,"href":"https:\/\/wisperbikes.com\/nl\/wp-json\/wp\/v2\/media\/8013"}],"wp:attachment":[{"href":"https:\/\/wisperbikes.com\/nl\/wp-json\/wp\/v2\/media?parent=24312"}],"wp:term":[{"taxonomy":"product_cat","embeddable":true,"href":"https:\/\/wisperbikes.com\/nl\/wp-json\/wp\/v2\/product_cat?post=24312"},{"taxonomy":"product_tag","embeddable":true,"href":"https:\/\/wisperbikes.com\/nl\/wp-json\/wp\/v2\/product_tag?post=24312"}],"curies":[{"name":"wp","href":"https:\/\/api.w.org\/{rel}","templated":true}]}}