{"id":24166,"date":"2018-12-10T00:00:00","date_gmt":"2018-12-10T00:00:00","guid":{"rendered":"http:\/\/localhost\/wisper_both\/shop\/uncategorized\/road-jersey\/"},"modified":"2024-02-08T20:01:31","modified_gmt":"2024-02-08T20:01:31","slug":"road-jersey","status":"publish","type":"product","link":"https:\/\/wisperbikes.com\/pt\/shop\/accessories\/clothing\/road-jersey\/","title":{"rendered":"Road Jersey"},"content":{"rendered":"","protected":false},"excerpt":{"rendered":"<p>The L&#8217;Etape cycling range, these Jerseys use the latest material from Italy and all hand made in Europe to the highest specification. The L&#8217;Etape Range has been designed with your everyday cyclist and the smaller Race teams in mind, made from microfibre material. The material has a silver thread called Bioactive and aids the wicking properties of the jerseys, the silver thread also reacts with bacteria helping to reduce the smell of sweat.<br \/>\nSee <a style=\"text-decoration: underline;\" href=\"https:\/\/wisperbikes.com\/pt\/shop\/accessories\/clothing\/mtb-jersey\/\">MTB Long Sleeve Jersey.<\/a><\/p>\n","protected":false},"featured_media":4833,"comment_status":"closed","ping_status":"closed","template":"","meta":[],"product_cat":[168,157,240],"product_tag":[],"class_list":{"0":"post-24166","1":"product","2":"type-product","3":"status-publish","4":"has-post-thumbnail","6":"product_cat-accessories","7":"product_cat-clothing","8":"product_cat-uncategorised","9":"product_shipping_class-wisper-shipping-small-items","10":"description-off","12":"first","13":"instock","14":"taxable","15":"shipping-taxable","16":"product-type-simple"},"acf":[],"yoast_head":"<!-- This site is optimized with the Yoast SEO plugin v24.1 - https:\/\/yoast.com\/wordpress\/plugins\/seo\/ -->\n<title>Camisas de bicicleta | Biciciclas el\u00e9tricas mais s\u00e1bias<\/title>\n<meta name=\"description\" content=\"Nossas camisas de estrada s\u00e3o projetadas para serem confort\u00e1veis \u200b\u200be respir\u00e1veis, para que voc\u00ea possa se refrescar, mesmo quando est\u00e1 suando.\" \/>\n<meta name=\"robots\" content=\"index, follow, max-snippet:-1, max-image-preview:large, max-video-preview:-1\" \/>\n<link rel=\"canonical\" href=\"https:\/\/wisperbikes.com\/pt\/shop\/accessories\/clothing\/road-jersey\/\" \/>\n<meta property=\"og:locale\" content=\"pt_PT\" \/>\n<meta property=\"og:type\" content=\"article\" \/>\n<meta property=\"og:title\" content=\"Camisas de bicicleta | Biciciclas el\u00e9tricas mais s\u00e1bias\" \/>\n<meta property=\"og:description\" content=\"Nossas camisas de estrada s\u00e3o projetadas para serem confort\u00e1veis \u200b\u200be respir\u00e1veis, para que voc\u00ea possa se refrescar, mesmo quando est\u00e1 suando.\" \/>\n<meta property=\"og:url\" content=\"https:\/\/wisperbikes.com\/pt\/shop\/accessories\/clothing\/road-jersey\/\" \/>\n<meta property=\"og:site_name\" content=\"Wisper Bikes\" \/>\n<meta property=\"article:publisher\" content=\"https:\/\/www.facebook.com\/Amps.Bike\/\" \/>\n<meta property=\"article:modified_time\" content=\"2024-02-08T20:01:31+00:00\" \/>\n<meta property=\"og:image\" content=\"https:\/\/wisperbikes.com\/pt\/wp-content\/uploads\/2018\/12\/Road-Jersey.jpg\" \/>\n\t<meta property=\"og:image:width\" content=\"600\" \/>\n\t<meta property=\"og:image:height\" content=\"600\" \/>\n\t<meta property=\"og:image:type\" content=\"image\/jpeg\" \/>\n<meta name=\"twitter:card\" content=\"summary_large_image\" \/>\n<meta name=\"twitter:site\" content=\"@wisperebikes\" \/>\n<script type=\"application\/ld+json\" class=\"yoast-schema-graph\">{\"@context\":\"https:\/\/schema.org\",\"@graph\":[{\"@type\":\"WebPage\",\"@id\":\"https:\/\/wisperbikes.com\/pt\/shop\/accessories\/clothing\/road-jersey\/\",\"url\":\"https:\/\/wisperbikes.com\/pt\/shop\/accessories\/clothing\/road-jersey\/\",\"name\":\"Camisas de bicicleta | Biciciclas el\u00e9tricas mais s\u00e1bias\",\"isPartOf\":{\"@id\":\"https:\/\/wisperbikes.com\/pt\/#website\"},\"primaryImageOfPage\":{\"@id\":\"https:\/\/wisperbikes.com\/pt\/shop\/accessories\/clothing\/road-jersey\/#primaryimage\"},\"image\":{\"@id\":\"https:\/\/wisperbikes.com\/pt\/shop\/accessories\/clothing\/road-jersey\/#primaryimage\"},\"thumbnailUrl\":\"https:\/\/wisperbikes.com\/pt\/wp-content\/uploads\/2018\/12\/Road-Jersey.jpg\",\"datePublished\":\"2018-12-10T00:00:00+00:00\",\"dateModified\":\"2024-02-08T20:01:31+00:00\",\"description\":\"Nossas camisas de estrada s\u00e3o projetadas para serem confort\u00e1veis \u200b\u200be respir\u00e1veis, para que voc\u00ea possa se refrescar, mesmo quando est\u00e1 suando.\",\"breadcrumb\":{\"@id\":\"https:\/\/wisperbikes.com\/pt\/shop\/accessories\/clothing\/road-jersey\/#breadcrumb\"},\"inLanguage\":\"pt-PT\",\"potentialAction\":[{\"@type\":\"ReadAction\",\"target\":[\"https:\/\/wisperbikes.com\/pt\/shop\/accessories\/clothing\/road-jersey\/\"]}]},{\"@type\":\"ImageObject\",\"inLanguage\":\"pt-PT\",\"@id\":\"https:\/\/wisperbikes.com\/pt\/shop\/accessories\/clothing\/road-jersey\/#primaryimage\",\"url\":\"https:\/\/wisperbikes.com\/pt\/wp-content\/uploads\/2018\/12\/Road-Jersey.jpg\",\"contentUrl\":\"https:\/\/wisperbikes.com\/pt\/wp-content\/uploads\/2018\/12\/Road-Jersey.jpg\",\"width\":600,\"height\":600},{\"@type\":\"BreadcrumbList\",\"@id\":\"https:\/\/wisperbikes.com\/pt\/shop\/accessories\/clothing\/road-jersey\/#breadcrumb\",\"itemListElement\":[{\"@type\":\"ListItem\",\"position\":1,\"name\":\"Home\",\"item\":\"https:\/\/wisperbikes.com\/pt\/\"},{\"@type\":\"ListItem\",\"position\":2,\"name\":\"Our Shop\",\"item\":\"https:\/\/wisperbikes.com\/pt\/shop\/\"},{\"@type\":\"ListItem\",\"position\":3,\"name\":\"Road Jersey\"}]},{\"@type\":\"WebSite\",\"@id\":\"https:\/\/wisperbikes.com\/pt\/#website\",\"url\":\"https:\/\/wisperbikes.com\/pt\/\",\"name\":\"Wisper Bikes\",\"description\":\"Electric Bikes\",\"publisher\":{\"@id\":\"https:\/\/wisperbikes.com\/pt\/#organization\"},\"potentialAction\":[{\"@type\":\"SearchAction\",\"target\":{\"@type\":\"EntryPoint\",\"urlTemplate\":\"https:\/\/wisperbikes.com\/pt\/?s={search_term_string}\"},\"query-input\":{\"@type\":\"PropertyValueSpecification\",\"valueRequired\":true,\"valueName\":\"search_term_string\"}}],\"inLanguage\":\"pt-PT\"},{\"@type\":\"Organization\",\"@id\":\"https:\/\/wisperbikes.com\/pt\/#organization\",\"name\":\"Wisper Electric Bikes\",\"alternateName\":\"Wisper E-Bikes\",\"url\":\"https:\/\/wisperbikes.com\/pt\/\",\"logo\":{\"@type\":\"ImageObject\",\"inLanguage\":\"pt-PT\",\"@id\":\"https:\/\/wisperbikes.com\/pt\/#\/schema\/logo\/image\/\",\"url\":\"https:\/\/wisperbikes.com\/pt\/wp-content\/uploads\/2021\/06\/WISPER-Logo.png\",\"contentUrl\":\"https:\/\/wisperbikes.com\/pt\/wp-content\/uploads\/2021\/06\/WISPER-Logo.png\",\"width\":250,\"height\":65,\"caption\":\"Wisper Electric Bikes\"},\"image\":{\"@id\":\"https:\/\/wisperbikes.com\/pt\/#\/schema\/logo\/image\/\"},\"sameAs\":[\"https:\/\/www.facebook.com\/Amps.Bike\/\",\"https:\/\/x.com\/wisperebikes\",\"https:\/\/www.instagram.com\/wisperbikes\/\"]}]}<\/script>\n<!-- \/ Yoast SEO plugin. -->","yoast_head_json":{"title":"Camisas de bicicleta | Biciciclas el\u00e9tricas mais s\u00e1bias","description":"Nossas camisas de estrada s\u00e3o projetadas para serem confort\u00e1veis \u200b\u200be respir\u00e1veis, para que voc\u00ea possa se refrescar, mesmo quando est\u00e1 suando.","robots":{"index":"index","follow":"follow","max-snippet":"max-snippet:-1","max-image-preview":"max-image-preview:large","max-video-preview":"max-video-preview:-1"},"canonical":"https:\/\/wisperbikes.com\/pt\/shop\/accessories\/clothing\/road-jersey\/","og_locale":"pt_PT","og_type":"article","og_title":"Camisas de bicicleta | Biciciclas el\u00e9tricas mais s\u00e1bias","og_description":"Nossas camisas de estrada s\u00e3o projetadas para serem confort\u00e1veis \u200b\u200be respir\u00e1veis, para que voc\u00ea possa se refrescar, mesmo quando est\u00e1 suando.","og_url":"https:\/\/wisperbikes.com\/pt\/shop\/accessories\/clothing\/road-jersey\/","og_site_name":"Wisper Bikes","article_publisher":"https:\/\/www.facebook.com\/Amps.Bike\/","article_modified_time":"2024-02-08T20:01:31+00:00","og_image":[{"width":600,"height":600,"url":"https:\/\/wisperbikes.com\/pt\/wp-content\/uploads\/2018\/12\/Road-Jersey.jpg","type":"image\/jpeg"}],"twitter_card":"summary_large_image","twitter_site":"@wisperebikes","schema":{"@context":"https:\/\/schema.org","@graph":[{"@type":"WebPage","@id":"https:\/\/wisperbikes.com\/pt\/shop\/accessories\/clothing\/road-jersey\/","url":"https:\/\/wisperbikes.com\/pt\/shop\/accessories\/clothing\/road-jersey\/","name":"Camisas de bicicleta | Biciciclas el\u00e9tricas mais s\u00e1bias","isPartOf":{"@id":"https:\/\/wisperbikes.com\/pt\/#website"},"primaryImageOfPage":{"@id":"https:\/\/wisperbikes.com\/pt\/shop\/accessories\/clothing\/road-jersey\/#primaryimage"},"image":{"@id":"https:\/\/wisperbikes.com\/pt\/shop\/accessories\/clothing\/road-jersey\/#primaryimage"},"thumbnailUrl":"https:\/\/wisperbikes.com\/pt\/wp-content\/uploads\/2018\/12\/Road-Jersey.jpg","datePublished":"2018-12-10T00:00:00+00:00","dateModified":"2024-02-08T20:01:31+00:00","description":"Nossas camisas de estrada s\u00e3o projetadas para serem confort\u00e1veis \u200b\u200be respir\u00e1veis, para que voc\u00ea possa se refrescar, mesmo quando est\u00e1 suando.","breadcrumb":{"@id":"https:\/\/wisperbikes.com\/pt\/shop\/accessories\/clothing\/road-jersey\/#breadcrumb"},"inLanguage":"pt-PT","potentialAction":[{"@type":"ReadAction","target":["https:\/\/wisperbikes.com\/pt\/shop\/accessories\/clothing\/road-jersey\/"]}]},{"@type":"ImageObject","inLanguage":"pt-PT","@id":"https:\/\/wisperbikes.com\/pt\/shop\/accessories\/clothing\/road-jersey\/#primaryimage","url":"https:\/\/wisperbikes.com\/pt\/wp-content\/uploads\/2018\/12\/Road-Jersey.jpg","contentUrl":"https:\/\/wisperbikes.com\/pt\/wp-content\/uploads\/2018\/12\/Road-Jersey.jpg","width":600,"height":600},{"@type":"BreadcrumbList","@id":"https:\/\/wisperbikes.com\/pt\/shop\/accessories\/clothing\/road-jersey\/#breadcrumb","itemListElement":[{"@type":"ListItem","position":1,"name":"Home","item":"https:\/\/wisperbikes.com\/pt\/"},{"@type":"ListItem","position":2,"name":"Our Shop","item":"https:\/\/wisperbikes.com\/pt\/shop\/"},{"@type":"ListItem","position":3,"name":"Road Jersey"}]},{"@type":"WebSite","@id":"https:\/\/wisperbikes.com\/pt\/#website","url":"https:\/\/wisperbikes.com\/pt\/","name":"Wisper Bikes","description":"Electric Bikes","publisher":{"@id":"https:\/\/wisperbikes.com\/pt\/#organization"},"potentialAction":[{"@type":"SearchAction","target":{"@type":"EntryPoint","urlTemplate":"https:\/\/wisperbikes.com\/pt\/?s={search_term_string}"},"query-input":{"@type":"PropertyValueSpecification","valueRequired":true,"valueName":"search_term_string"}}],"inLanguage":"pt-PT"},{"@type":"Organization","@id":"https:\/\/wisperbikes.com\/pt\/#organization","name":"Wisper Electric Bikes","alternateName":"Wisper E-Bikes","url":"https:\/\/wisperbikes.com\/pt\/","logo":{"@type":"ImageObject","inLanguage":"pt-PT","@id":"https:\/\/wisperbikes.com\/pt\/#\/schema\/logo\/image\/","url":"https:\/\/wisperbikes.com\/pt\/wp-content\/uploads\/2021\/06\/WISPER-Logo.png","contentUrl":"https:\/\/wisperbikes.com\/pt\/wp-content\/uploads\/2021\/06\/WISPER-Logo.png","width":250,"height":65,"caption":"Wisper Electric Bikes"},"image":{"@id":"https:\/\/wisperbikes.com\/pt\/#\/schema\/logo\/image\/"},"sameAs":["https:\/\/www.facebook.com\/Amps.Bike\/","https:\/\/x.com\/wisperebikes","https:\/\/www.instagram.com\/wisperbikes\/"]}]}},"_links":{"self":[{"href":"https:\/\/wisperbikes.com\/pt\/wp-json\/wp\/v2\/product\/24166","targetHints":{"allow":["GET"]}}],"collection":[{"href":"https:\/\/wisperbikes.com\/pt\/wp-json\/wp\/v2\/product"}],"about":[{"href":"https:\/\/wisperbikes.com\/pt\/wp-json\/wp\/v2\/types\/product"}],"replies":[{"embeddable":true,"href":"https:\/\/wisperbikes.com\/pt\/wp-json\/wp\/v2\/comments?post=24166"}],"wp:featuredmedia":[{"embeddable":true,"href":"https:\/\/wisperbikes.com\/pt\/wp-json\/wp\/v2\/media\/4833"}],"wp:attachment":[{"href":"https:\/\/wisperbikes.com\/pt\/wp-json\/wp\/v2\/media?parent=24166"}],"wp:term":[{"taxonomy":"product_cat","embeddable":true,"href":"https:\/\/wisperbikes.com\/pt\/wp-json\/wp\/v2\/product_cat?post=24166"},{"taxonomy":"product_tag","embeddable":true,"href":"https:\/\/wisperbikes.com\/pt\/wp-json\/wp\/v2\/product_tag?post=24166"}],"curies":[{"name":"wp","href":"https:\/\/api.w.org\/{rel}","templated":true}]}}