{"id":24168,"date":"2018-12-10T00:00:00","date_gmt":"2018-12-10T00:00:00","guid":{"rendered":"http:\/\/localhost\/wisper_both\/shop\/uncategorized\/mtb-jersey\/"},"modified":"2024-02-14T10:36:19","modified_gmt":"2024-02-14T10:36:19","slug":"mtb-jersey","status":"publish","type":"product","link":"https:\/\/wisperbikes.com\/pt\/shop\/accessories\/clothing\/mtb-jersey\/","title":{"rendered":"Mtb Jersey"},"content":{"rendered":"","protected":false},"excerpt":{"rendered":"<p><a style=\"text-decoration: underline;\" href=\"https:\/\/wisperbikes.com\/pt\/\">Wisper<\/a> range of Long Sleeve jerseys is quite simple, we only make one standard and that to the highest quality. Using the latest technology in fabrics we ensure these jerseys will keep you warm on those cooler days. These jerseys are ideal for almost every day riding in the UK and a favourite with most of our clubs and teams.<br \/>\nSee<a style=\"text-decoration: underline;\" href=\"https:\/\/wisperbikes.com\/pt\/shop\/accessories\/clothing\/road-jersey\/\"> Short Sleeve Road Jersy<\/a>.<\/p>\n","protected":false},"featured_media":4825,"comment_status":"closed","ping_status":"closed","template":"","meta":[],"product_cat":[157],"product_tag":[],"class_list":{"0":"post-24168","1":"product","2":"type-product","3":"status-publish","4":"has-post-thumbnail","6":"product_cat-clothing","7":"product_shipping_class-wisper-shipping-small-items","8":"description-off","10":"first","11":"instock","12":"taxable","13":"shipping-taxable","14":"product-type-simple"},"acf":[],"yoast_head":"<!-- This site is optimized with the Yoast SEO plugin v24.1 - https:\/\/yoast.com\/wordpress\/plugins\/seo\/ -->\n<title>Jersey MTB | Jersey de bicicleta de montanha<\/title>\n<meta name=\"description\" content=\"A camisa de manga longa mais s\u00e1bia \u00e9 perfeita para aqueles dias frios na bicicleta. Eles s\u00e3o feitos de tecidos respir\u00e1veis, que s\u00e3o elegantes e confort\u00e1veis.\" \/>\n<meta name=\"robots\" content=\"index, follow, max-snippet:-1, max-image-preview:large, max-video-preview:-1\" \/>\n<link rel=\"canonical\" href=\"https:\/\/wisperbikes.com\/pt\/shop\/accessories\/clothing\/mtb-jersey\/\" \/>\n<meta property=\"og:locale\" content=\"pt_PT\" \/>\n<meta property=\"og:type\" content=\"article\" \/>\n<meta property=\"og:title\" content=\"Jersey MTB | Jersey de bicicleta de montanha\" \/>\n<meta property=\"og:description\" content=\"A camisa de manga longa mais s\u00e1bia \u00e9 perfeita para aqueles dias frios na bicicleta. Eles s\u00e3o feitos de tecidos respir\u00e1veis, que s\u00e3o elegantes e confort\u00e1veis.\" \/>\n<meta property=\"og:url\" content=\"https:\/\/wisperbikes.com\/pt\/shop\/accessories\/clothing\/mtb-jersey\/\" \/>\n<meta property=\"og:site_name\" content=\"Wisper Bikes\" \/>\n<meta property=\"article:publisher\" content=\"https:\/\/www.facebook.com\/Amps.Bike\/\" \/>\n<meta property=\"article:modified_time\" content=\"2024-02-14T10:36:19+00:00\" \/>\n<meta property=\"og:image\" content=\"https:\/\/wisperbikes.com\/pt\/wp-content\/uploads\/2018\/12\/MTB-Jersey.jpg\" \/>\n\t<meta property=\"og:image:width\" content=\"600\" \/>\n\t<meta property=\"og:image:height\" content=\"600\" \/>\n\t<meta property=\"og:image:type\" content=\"image\/jpeg\" \/>\n<meta name=\"twitter:card\" content=\"summary_large_image\" \/>\n<meta name=\"twitter:site\" content=\"@wisperebikes\" \/>\n<script type=\"application\/ld+json\" class=\"yoast-schema-graph\">{\"@context\":\"https:\/\/schema.org\",\"@graph\":[{\"@type\":\"WebPage\",\"@id\":\"https:\/\/wisperbikes.com\/pt\/shop\/accessories\/clothing\/mtb-jersey\/\",\"url\":\"https:\/\/wisperbikes.com\/pt\/shop\/accessories\/clothing\/mtb-jersey\/\",\"name\":\"Jersey MTB | Jersey de bicicleta de montanha\",\"isPartOf\":{\"@id\":\"https:\/\/wisperbikes.com\/pt\/#website\"},\"primaryImageOfPage\":{\"@id\":\"https:\/\/wisperbikes.com\/pt\/shop\/accessories\/clothing\/mtb-jersey\/#primaryimage\"},\"image\":{\"@id\":\"https:\/\/wisperbikes.com\/pt\/shop\/accessories\/clothing\/mtb-jersey\/#primaryimage\"},\"thumbnailUrl\":\"https:\/\/wisperbikes.com\/pt\/wp-content\/uploads\/2018\/12\/MTB-Jersey.jpg\",\"datePublished\":\"2018-12-10T00:00:00+00:00\",\"dateModified\":\"2024-02-14T10:36:19+00:00\",\"description\":\"A camisa de manga longa mais s\u00e1bia \u00e9 perfeita para aqueles dias frios na bicicleta. Eles s\u00e3o feitos de tecidos respir\u00e1veis, que s\u00e3o elegantes e confort\u00e1veis.\",\"breadcrumb\":{\"@id\":\"https:\/\/wisperbikes.com\/pt\/shop\/accessories\/clothing\/mtb-jersey\/#breadcrumb\"},\"inLanguage\":\"pt-PT\",\"potentialAction\":[{\"@type\":\"ReadAction\",\"target\":[\"https:\/\/wisperbikes.com\/pt\/shop\/accessories\/clothing\/mtb-jersey\/\"]}]},{\"@type\":\"ImageObject\",\"inLanguage\":\"pt-PT\",\"@id\":\"https:\/\/wisperbikes.com\/pt\/shop\/accessories\/clothing\/mtb-jersey\/#primaryimage\",\"url\":\"https:\/\/wisperbikes.com\/pt\/wp-content\/uploads\/2018\/12\/MTB-Jersey.jpg\",\"contentUrl\":\"https:\/\/wisperbikes.com\/pt\/wp-content\/uploads\/2018\/12\/MTB-Jersey.jpg\",\"width\":600,\"height\":600},{\"@type\":\"BreadcrumbList\",\"@id\":\"https:\/\/wisperbikes.com\/pt\/shop\/accessories\/clothing\/mtb-jersey\/#breadcrumb\",\"itemListElement\":[{\"@type\":\"ListItem\",\"position\":1,\"name\":\"Home\",\"item\":\"https:\/\/wisperbikes.com\/pt\/\"},{\"@type\":\"ListItem\",\"position\":2,\"name\":\"Our Shop\",\"item\":\"https:\/\/wisperbikes.com\/pt\/shop\/\"},{\"@type\":\"ListItem\",\"position\":3,\"name\":\"Mtb Jersey\"}]},{\"@type\":\"WebSite\",\"@id\":\"https:\/\/wisperbikes.com\/pt\/#website\",\"url\":\"https:\/\/wisperbikes.com\/pt\/\",\"name\":\"Wisper Bikes\",\"description\":\"Electric Bikes\",\"publisher\":{\"@id\":\"https:\/\/wisperbikes.com\/pt\/#organization\"},\"potentialAction\":[{\"@type\":\"SearchAction\",\"target\":{\"@type\":\"EntryPoint\",\"urlTemplate\":\"https:\/\/wisperbikes.com\/pt\/?s={search_term_string}\"},\"query-input\":{\"@type\":\"PropertyValueSpecification\",\"valueRequired\":true,\"valueName\":\"search_term_string\"}}],\"inLanguage\":\"pt-PT\"},{\"@type\":\"Organization\",\"@id\":\"https:\/\/wisperbikes.com\/pt\/#organization\",\"name\":\"Wisper Electric Bikes\",\"alternateName\":\"Wisper E-Bikes\",\"url\":\"https:\/\/wisperbikes.com\/pt\/\",\"logo\":{\"@type\":\"ImageObject\",\"inLanguage\":\"pt-PT\",\"@id\":\"https:\/\/wisperbikes.com\/pt\/#\/schema\/logo\/image\/\",\"url\":\"https:\/\/wisperbikes.com\/pt\/wp-content\/uploads\/2021\/06\/WISPER-Logo.png\",\"contentUrl\":\"https:\/\/wisperbikes.com\/pt\/wp-content\/uploads\/2021\/06\/WISPER-Logo.png\",\"width\":250,\"height\":65,\"caption\":\"Wisper Electric Bikes\"},\"image\":{\"@id\":\"https:\/\/wisperbikes.com\/pt\/#\/schema\/logo\/image\/\"},\"sameAs\":[\"https:\/\/www.facebook.com\/Amps.Bike\/\",\"https:\/\/x.com\/wisperebikes\",\"https:\/\/www.instagram.com\/wisperbikes\/\"]}]}<\/script>\n<!-- \/ Yoast SEO plugin. -->","yoast_head_json":{"title":"Jersey MTB | Jersey de bicicleta de montanha","description":"A camisa de manga longa mais s\u00e1bia \u00e9 perfeita para aqueles dias frios na bicicleta. Eles s\u00e3o feitos de tecidos respir\u00e1veis, que s\u00e3o elegantes e confort\u00e1veis.","robots":{"index":"index","follow":"follow","max-snippet":"max-snippet:-1","max-image-preview":"max-image-preview:large","max-video-preview":"max-video-preview:-1"},"canonical":"https:\/\/wisperbikes.com\/pt\/shop\/accessories\/clothing\/mtb-jersey\/","og_locale":"pt_PT","og_type":"article","og_title":"Jersey MTB | Jersey de bicicleta de montanha","og_description":"A camisa de manga longa mais s\u00e1bia \u00e9 perfeita para aqueles dias frios na bicicleta. Eles s\u00e3o feitos de tecidos respir\u00e1veis, que s\u00e3o elegantes e confort\u00e1veis.","og_url":"https:\/\/wisperbikes.com\/pt\/shop\/accessories\/clothing\/mtb-jersey\/","og_site_name":"Wisper Bikes","article_publisher":"https:\/\/www.facebook.com\/Amps.Bike\/","article_modified_time":"2024-02-14T10:36:19+00:00","og_image":[{"width":600,"height":600,"url":"https:\/\/wisperbikes.com\/pt\/wp-content\/uploads\/2018\/12\/MTB-Jersey.jpg","type":"image\/jpeg"}],"twitter_card":"summary_large_image","twitter_site":"@wisperebikes","schema":{"@context":"https:\/\/schema.org","@graph":[{"@type":"WebPage","@id":"https:\/\/wisperbikes.com\/pt\/shop\/accessories\/clothing\/mtb-jersey\/","url":"https:\/\/wisperbikes.com\/pt\/shop\/accessories\/clothing\/mtb-jersey\/","name":"Jersey MTB | Jersey de bicicleta de montanha","isPartOf":{"@id":"https:\/\/wisperbikes.com\/pt\/#website"},"primaryImageOfPage":{"@id":"https:\/\/wisperbikes.com\/pt\/shop\/accessories\/clothing\/mtb-jersey\/#primaryimage"},"image":{"@id":"https:\/\/wisperbikes.com\/pt\/shop\/accessories\/clothing\/mtb-jersey\/#primaryimage"},"thumbnailUrl":"https:\/\/wisperbikes.com\/pt\/wp-content\/uploads\/2018\/12\/MTB-Jersey.jpg","datePublished":"2018-12-10T00:00:00+00:00","dateModified":"2024-02-14T10:36:19+00:00","description":"A camisa de manga longa mais s\u00e1bia \u00e9 perfeita para aqueles dias frios na bicicleta. Eles s\u00e3o feitos de tecidos respir\u00e1veis, que s\u00e3o elegantes e confort\u00e1veis.","breadcrumb":{"@id":"https:\/\/wisperbikes.com\/pt\/shop\/accessories\/clothing\/mtb-jersey\/#breadcrumb"},"inLanguage":"pt-PT","potentialAction":[{"@type":"ReadAction","target":["https:\/\/wisperbikes.com\/pt\/shop\/accessories\/clothing\/mtb-jersey\/"]}]},{"@type":"ImageObject","inLanguage":"pt-PT","@id":"https:\/\/wisperbikes.com\/pt\/shop\/accessories\/clothing\/mtb-jersey\/#primaryimage","url":"https:\/\/wisperbikes.com\/pt\/wp-content\/uploads\/2018\/12\/MTB-Jersey.jpg","contentUrl":"https:\/\/wisperbikes.com\/pt\/wp-content\/uploads\/2018\/12\/MTB-Jersey.jpg","width":600,"height":600},{"@type":"BreadcrumbList","@id":"https:\/\/wisperbikes.com\/pt\/shop\/accessories\/clothing\/mtb-jersey\/#breadcrumb","itemListElement":[{"@type":"ListItem","position":1,"name":"Home","item":"https:\/\/wisperbikes.com\/pt\/"},{"@type":"ListItem","position":2,"name":"Our Shop","item":"https:\/\/wisperbikes.com\/pt\/shop\/"},{"@type":"ListItem","position":3,"name":"Mtb Jersey"}]},{"@type":"WebSite","@id":"https:\/\/wisperbikes.com\/pt\/#website","url":"https:\/\/wisperbikes.com\/pt\/","name":"Wisper Bikes","description":"Electric Bikes","publisher":{"@id":"https:\/\/wisperbikes.com\/pt\/#organization"},"potentialAction":[{"@type":"SearchAction","target":{"@type":"EntryPoint","urlTemplate":"https:\/\/wisperbikes.com\/pt\/?s={search_term_string}"},"query-input":{"@type":"PropertyValueSpecification","valueRequired":true,"valueName":"search_term_string"}}],"inLanguage":"pt-PT"},{"@type":"Organization","@id":"https:\/\/wisperbikes.com\/pt\/#organization","name":"Wisper Electric Bikes","alternateName":"Wisper E-Bikes","url":"https:\/\/wisperbikes.com\/pt\/","logo":{"@type":"ImageObject","inLanguage":"pt-PT","@id":"https:\/\/wisperbikes.com\/pt\/#\/schema\/logo\/image\/","url":"https:\/\/wisperbikes.com\/pt\/wp-content\/uploads\/2021\/06\/WISPER-Logo.png","contentUrl":"https:\/\/wisperbikes.com\/pt\/wp-content\/uploads\/2021\/06\/WISPER-Logo.png","width":250,"height":65,"caption":"Wisper Electric Bikes"},"image":{"@id":"https:\/\/wisperbikes.com\/pt\/#\/schema\/logo\/image\/"},"sameAs":["https:\/\/www.facebook.com\/Amps.Bike\/","https:\/\/x.com\/wisperebikes","https:\/\/www.instagram.com\/wisperbikes\/"]}]}},"_links":{"self":[{"href":"https:\/\/wisperbikes.com\/pt\/wp-json\/wp\/v2\/product\/24168","targetHints":{"allow":["GET"]}}],"collection":[{"href":"https:\/\/wisperbikes.com\/pt\/wp-json\/wp\/v2\/product"}],"about":[{"href":"https:\/\/wisperbikes.com\/pt\/wp-json\/wp\/v2\/types\/product"}],"replies":[{"embeddable":true,"href":"https:\/\/wisperbikes.com\/pt\/wp-json\/wp\/v2\/comments?post=24168"}],"wp:featuredmedia":[{"embeddable":true,"href":"https:\/\/wisperbikes.com\/pt\/wp-json\/wp\/v2\/media\/4825"}],"wp:attachment":[{"href":"https:\/\/wisperbikes.com\/pt\/wp-json\/wp\/v2\/media?parent=24168"}],"wp:term":[{"taxonomy":"product_cat","embeddable":true,"href":"https:\/\/wisperbikes.com\/pt\/wp-json\/wp\/v2\/product_cat?post=24168"},{"taxonomy":"product_tag","embeddable":true,"href":"https:\/\/wisperbikes.com\/pt\/wp-json\/wp\/v2\/product_tag?post=24168"}],"curies":[{"name":"wp","href":"https:\/\/api.w.org\/{rel}","templated":true}]}}