{"id":24169,"date":"2018-12-10T00:00:00","date_gmt":"2018-12-10T00:00:00","guid":{"rendered":"http:\/\/localhost\/wisper_both\/shop\/uncategorized\/mtb-shorts\/"},"modified":"2024-03-26T09:23:24","modified_gmt":"2024-03-26T09:23:24","slug":"mtb-shorts","status":"publish","type":"product","link":"https:\/\/wisperbikes.com\/pt\/shop\/accessories\/clothing\/mtb-shorts\/","title":{"rendered":"Mtb Shorts"},"content":{"rendered":"","protected":false},"excerpt":{"rendered":"<p>Some people say shorts are the most important piece of clothing when cycling and we have recognised this and over many years developed what we believe to be one of the best quality shorts on the market. Our shorts are packed with technology and the latest fabrics.<\/p>\n","protected":false},"featured_media":4829,"comment_status":"closed","ping_status":"closed","template":"","meta":[],"product_cat":[157],"product_tag":[],"class_list":{"0":"post-24169","1":"product","2":"type-product","3":"status-publish","4":"has-post-thumbnail","6":"product_cat-clothing","7":"product_shipping_class-wisper-shipping-small-items","8":"description-off","10":"first","11":"instock","12":"taxable","13":"shipping-taxable","14":"product-type-simple"},"acf":[],"yoast_head":"<!-- This site is optimized with the Yoast SEO plugin v24.1 - https:\/\/yoast.com\/wordpress\/plugins\/seo\/ -->\n<title>Shorts mtb | Shorts de bicicleta de montanha | Wisper<\/title>\n<meta name=\"description\" content=\"Feita com t\u00e9cnicas e materiais de \u00faltima gera\u00e7\u00e3o, esta camisa oferece conforto e eleg\u00e2ncia, com recursos que o ajudar\u00e3o a dar o seu melhor na bicicleta.\" \/>\n<meta name=\"robots\" content=\"index, follow, max-snippet:-1, max-image-preview:large, max-video-preview:-1\" \/>\n<link rel=\"canonical\" href=\"https:\/\/wisperbikes.com\/pt\/shop\/accessories\/clothing\/mtb-shorts\/\" \/>\n<meta property=\"og:locale\" content=\"pt_PT\" \/>\n<meta property=\"og:type\" content=\"article\" \/>\n<meta property=\"og:title\" content=\"Shorts mtb | Shorts de bicicleta de montanha | Wisper\" \/>\n<meta property=\"og:description\" content=\"Feita com t\u00e9cnicas e materiais de \u00faltima gera\u00e7\u00e3o, esta camisa oferece conforto e eleg\u00e2ncia, com recursos que o ajudar\u00e3o a dar o seu melhor na bicicleta.\" \/>\n<meta property=\"og:url\" content=\"https:\/\/wisperbikes.com\/pt\/shop\/accessories\/clothing\/mtb-shorts\/\" \/>\n<meta property=\"og:site_name\" content=\"Wisper Bikes\" \/>\n<meta property=\"article:publisher\" content=\"https:\/\/www.facebook.com\/Amps.Bike\/\" \/>\n<meta property=\"article:modified_time\" content=\"2024-03-26T09:23:24+00:00\" \/>\n<meta property=\"og:image\" content=\"https:\/\/wisperbikes.com\/pt\/wp-content\/uploads\/2018\/12\/MTB-Shorts-2.jpg\" \/>\n\t<meta property=\"og:image:width\" content=\"600\" \/>\n\t<meta property=\"og:image:height\" content=\"600\" \/>\n\t<meta property=\"og:image:type\" content=\"image\/jpeg\" \/>\n<meta name=\"twitter:card\" content=\"summary_large_image\" \/>\n<meta name=\"twitter:site\" content=\"@wisperebikes\" \/>\n<script type=\"application\/ld+json\" class=\"yoast-schema-graph\">{\"@context\":\"https:\/\/schema.org\",\"@graph\":[{\"@type\":\"WebPage\",\"@id\":\"https:\/\/wisperbikes.com\/pt\/shop\/accessories\/clothing\/mtb-shorts\/\",\"url\":\"https:\/\/wisperbikes.com\/pt\/shop\/accessories\/clothing\/mtb-shorts\/\",\"name\":\"Shorts mtb | Shorts de bicicleta de montanha | Wisper\",\"isPartOf\":{\"@id\":\"https:\/\/wisperbikes.com\/pt\/#website\"},\"primaryImageOfPage\":{\"@id\":\"https:\/\/wisperbikes.com\/pt\/shop\/accessories\/clothing\/mtb-shorts\/#primaryimage\"},\"image\":{\"@id\":\"https:\/\/wisperbikes.com\/pt\/shop\/accessories\/clothing\/mtb-shorts\/#primaryimage\"},\"thumbnailUrl\":\"https:\/\/wisperbikes.com\/pt\/wp-content\/uploads\/2018\/12\/MTB-Shorts-2.jpg\",\"datePublished\":\"2018-12-10T00:00:00+00:00\",\"dateModified\":\"2024-03-26T09:23:24+00:00\",\"description\":\"Feita com t\u00e9cnicas e materiais de \u00faltima gera\u00e7\u00e3o, esta camisa oferece conforto e eleg\u00e2ncia, com recursos que o ajudar\u00e3o a dar o seu melhor na bicicleta.\",\"breadcrumb\":{\"@id\":\"https:\/\/wisperbikes.com\/pt\/shop\/accessories\/clothing\/mtb-shorts\/#breadcrumb\"},\"inLanguage\":\"pt-PT\",\"potentialAction\":[{\"@type\":\"ReadAction\",\"target\":[\"https:\/\/wisperbikes.com\/pt\/shop\/accessories\/clothing\/mtb-shorts\/\"]}]},{\"@type\":\"ImageObject\",\"inLanguage\":\"pt-PT\",\"@id\":\"https:\/\/wisperbikes.com\/pt\/shop\/accessories\/clothing\/mtb-shorts\/#primaryimage\",\"url\":\"https:\/\/wisperbikes.com\/pt\/wp-content\/uploads\/2018\/12\/MTB-Shorts-2.jpg\",\"contentUrl\":\"https:\/\/wisperbikes.com\/pt\/wp-content\/uploads\/2018\/12\/MTB-Shorts-2.jpg\",\"width\":600,\"height\":600,\"caption\":\"Road Shorts\"},{\"@type\":\"BreadcrumbList\",\"@id\":\"https:\/\/wisperbikes.com\/pt\/shop\/accessories\/clothing\/mtb-shorts\/#breadcrumb\",\"itemListElement\":[{\"@type\":\"ListItem\",\"position\":1,\"name\":\"Home\",\"item\":\"https:\/\/wisperbikes.com\/pt\/\"},{\"@type\":\"ListItem\",\"position\":2,\"name\":\"Our Shop\",\"item\":\"https:\/\/wisperbikes.com\/pt\/shop\/\"},{\"@type\":\"ListItem\",\"position\":3,\"name\":\"Mtb Shorts\"}]},{\"@type\":\"WebSite\",\"@id\":\"https:\/\/wisperbikes.com\/pt\/#website\",\"url\":\"https:\/\/wisperbikes.com\/pt\/\",\"name\":\"Wisper Bikes\",\"description\":\"Electric Bikes\",\"publisher\":{\"@id\":\"https:\/\/wisperbikes.com\/pt\/#organization\"},\"potentialAction\":[{\"@type\":\"SearchAction\",\"target\":{\"@type\":\"EntryPoint\",\"urlTemplate\":\"https:\/\/wisperbikes.com\/pt\/?s={search_term_string}\"},\"query-input\":{\"@type\":\"PropertyValueSpecification\",\"valueRequired\":true,\"valueName\":\"search_term_string\"}}],\"inLanguage\":\"pt-PT\"},{\"@type\":\"Organization\",\"@id\":\"https:\/\/wisperbikes.com\/pt\/#organization\",\"name\":\"Wisper Electric Bikes\",\"alternateName\":\"Wisper E-Bikes\",\"url\":\"https:\/\/wisperbikes.com\/pt\/\",\"logo\":{\"@type\":\"ImageObject\",\"inLanguage\":\"pt-PT\",\"@id\":\"https:\/\/wisperbikes.com\/pt\/#\/schema\/logo\/image\/\",\"url\":\"https:\/\/wisperbikes.com\/pt\/wp-content\/uploads\/2021\/06\/WISPER-Logo.png\",\"contentUrl\":\"https:\/\/wisperbikes.com\/pt\/wp-content\/uploads\/2021\/06\/WISPER-Logo.png\",\"width\":250,\"height\":65,\"caption\":\"Wisper Electric Bikes\"},\"image\":{\"@id\":\"https:\/\/wisperbikes.com\/pt\/#\/schema\/logo\/image\/\"},\"sameAs\":[\"https:\/\/www.facebook.com\/Amps.Bike\/\",\"https:\/\/x.com\/wisperebikes\",\"https:\/\/www.instagram.com\/wisperbikes\/\"]}]}<\/script>\n<!-- \/ Yoast SEO plugin. -->","yoast_head_json":{"title":"Shorts mtb | Shorts de bicicleta de montanha | Wisper","description":"Feita com t\u00e9cnicas e materiais de \u00faltima gera\u00e7\u00e3o, esta camisa oferece conforto e eleg\u00e2ncia, com recursos que o ajudar\u00e3o a dar o seu melhor na bicicleta.","robots":{"index":"index","follow":"follow","max-snippet":"max-snippet:-1","max-image-preview":"max-image-preview:large","max-video-preview":"max-video-preview:-1"},"canonical":"https:\/\/wisperbikes.com\/pt\/shop\/accessories\/clothing\/mtb-shorts\/","og_locale":"pt_PT","og_type":"article","og_title":"Shorts mtb | Shorts de bicicleta de montanha | Wisper","og_description":"Feita com t\u00e9cnicas e materiais de \u00faltima gera\u00e7\u00e3o, esta camisa oferece conforto e eleg\u00e2ncia, com recursos que o ajudar\u00e3o a dar o seu melhor na bicicleta.","og_url":"https:\/\/wisperbikes.com\/pt\/shop\/accessories\/clothing\/mtb-shorts\/","og_site_name":"Wisper Bikes","article_publisher":"https:\/\/www.facebook.com\/Amps.Bike\/","article_modified_time":"2024-03-26T09:23:24+00:00","og_image":[{"width":600,"height":600,"url":"https:\/\/wisperbikes.com\/pt\/wp-content\/uploads\/2018\/12\/MTB-Shorts-2.jpg","type":"image\/jpeg"}],"twitter_card":"summary_large_image","twitter_site":"@wisperebikes","schema":{"@context":"https:\/\/schema.org","@graph":[{"@type":"WebPage","@id":"https:\/\/wisperbikes.com\/pt\/shop\/accessories\/clothing\/mtb-shorts\/","url":"https:\/\/wisperbikes.com\/pt\/shop\/accessories\/clothing\/mtb-shorts\/","name":"Shorts mtb | Shorts de bicicleta de montanha | Wisper","isPartOf":{"@id":"https:\/\/wisperbikes.com\/pt\/#website"},"primaryImageOfPage":{"@id":"https:\/\/wisperbikes.com\/pt\/shop\/accessories\/clothing\/mtb-shorts\/#primaryimage"},"image":{"@id":"https:\/\/wisperbikes.com\/pt\/shop\/accessories\/clothing\/mtb-shorts\/#primaryimage"},"thumbnailUrl":"https:\/\/wisperbikes.com\/pt\/wp-content\/uploads\/2018\/12\/MTB-Shorts-2.jpg","datePublished":"2018-12-10T00:00:00+00:00","dateModified":"2024-03-26T09:23:24+00:00","description":"Feita com t\u00e9cnicas e materiais de \u00faltima gera\u00e7\u00e3o, esta camisa oferece conforto e eleg\u00e2ncia, com recursos que o ajudar\u00e3o a dar o seu melhor na bicicleta.","breadcrumb":{"@id":"https:\/\/wisperbikes.com\/pt\/shop\/accessories\/clothing\/mtb-shorts\/#breadcrumb"},"inLanguage":"pt-PT","potentialAction":[{"@type":"ReadAction","target":["https:\/\/wisperbikes.com\/pt\/shop\/accessories\/clothing\/mtb-shorts\/"]}]},{"@type":"ImageObject","inLanguage":"pt-PT","@id":"https:\/\/wisperbikes.com\/pt\/shop\/accessories\/clothing\/mtb-shorts\/#primaryimage","url":"https:\/\/wisperbikes.com\/pt\/wp-content\/uploads\/2018\/12\/MTB-Shorts-2.jpg","contentUrl":"https:\/\/wisperbikes.com\/pt\/wp-content\/uploads\/2018\/12\/MTB-Shorts-2.jpg","width":600,"height":600,"caption":"Road Shorts"},{"@type":"BreadcrumbList","@id":"https:\/\/wisperbikes.com\/pt\/shop\/accessories\/clothing\/mtb-shorts\/#breadcrumb","itemListElement":[{"@type":"ListItem","position":1,"name":"Home","item":"https:\/\/wisperbikes.com\/pt\/"},{"@type":"ListItem","position":2,"name":"Our Shop","item":"https:\/\/wisperbikes.com\/pt\/shop\/"},{"@type":"ListItem","position":3,"name":"Mtb Shorts"}]},{"@type":"WebSite","@id":"https:\/\/wisperbikes.com\/pt\/#website","url":"https:\/\/wisperbikes.com\/pt\/","name":"Wisper Bikes","description":"Electric Bikes","publisher":{"@id":"https:\/\/wisperbikes.com\/pt\/#organization"},"potentialAction":[{"@type":"SearchAction","target":{"@type":"EntryPoint","urlTemplate":"https:\/\/wisperbikes.com\/pt\/?s={search_term_string}"},"query-input":{"@type":"PropertyValueSpecification","valueRequired":true,"valueName":"search_term_string"}}],"inLanguage":"pt-PT"},{"@type":"Organization","@id":"https:\/\/wisperbikes.com\/pt\/#organization","name":"Wisper Electric Bikes","alternateName":"Wisper E-Bikes","url":"https:\/\/wisperbikes.com\/pt\/","logo":{"@type":"ImageObject","inLanguage":"pt-PT","@id":"https:\/\/wisperbikes.com\/pt\/#\/schema\/logo\/image\/","url":"https:\/\/wisperbikes.com\/pt\/wp-content\/uploads\/2021\/06\/WISPER-Logo.png","contentUrl":"https:\/\/wisperbikes.com\/pt\/wp-content\/uploads\/2021\/06\/WISPER-Logo.png","width":250,"height":65,"caption":"Wisper Electric Bikes"},"image":{"@id":"https:\/\/wisperbikes.com\/pt\/#\/schema\/logo\/image\/"},"sameAs":["https:\/\/www.facebook.com\/Amps.Bike\/","https:\/\/x.com\/wisperebikes","https:\/\/www.instagram.com\/wisperbikes\/"]}]}},"_links":{"self":[{"href":"https:\/\/wisperbikes.com\/pt\/wp-json\/wp\/v2\/product\/24169","targetHints":{"allow":["GET"]}}],"collection":[{"href":"https:\/\/wisperbikes.com\/pt\/wp-json\/wp\/v2\/product"}],"about":[{"href":"https:\/\/wisperbikes.com\/pt\/wp-json\/wp\/v2\/types\/product"}],"replies":[{"embeddable":true,"href":"https:\/\/wisperbikes.com\/pt\/wp-json\/wp\/v2\/comments?post=24169"}],"wp:featuredmedia":[{"embeddable":true,"href":"https:\/\/wisperbikes.com\/pt\/wp-json\/wp\/v2\/media\/4829"}],"wp:attachment":[{"href":"https:\/\/wisperbikes.com\/pt\/wp-json\/wp\/v2\/media?parent=24169"}],"wp:term":[{"taxonomy":"product_cat","embeddable":true,"href":"https:\/\/wisperbikes.com\/pt\/wp-json\/wp\/v2\/product_cat?post=24169"},{"taxonomy":"product_tag","embeddable":true,"href":"https:\/\/wisperbikes.com\/pt\/wp-json\/wp\/v2\/product_tag?post=24169"}],"curies":[{"name":"wp","href":"https:\/\/api.w.org\/{rel}","templated":true}]}}