{"id":24468,"date":"2017-10-23T00:00:00","date_gmt":"2017-10-23T00:00:00","guid":{"rendered":"http:\/\/localhost\/wisper_both\/shop\/uncategorized\/wispertorque-mk2-xt-display\/"},"modified":"2024-03-05T13:06:55","modified_gmt":"2024-03-05T13:06:55","slug":"wispertorque-mk2-xt-display","status":"publish","type":"product","link":"https:\/\/wisperbikes.com\/pt\/shop\/electronic\/wispertorque-mk2-xt-display\/","title":{"rendered":"Wispertorque Mk2 Xt Display"},"content":{"rendered":"<p>TORQUE RANGE<\/p>\n<p>SKU: PWBT31002<\/p>\n","protected":false},"excerpt":{"rendered":"<p>TORQUE RANGE SKU: PWBT31002<\/p>\n","protected":false},"featured_media":7259,"comment_status":"closed","ping_status":"closed","template":"","meta":[],"product_cat":[169],"product_tag":[],"class_list":{"0":"post-24468","1":"product","2":"type-product","3":"status-publish","4":"has-post-thumbnail","6":"product_cat-electronic","7":"product_shipping_class-wisper-shipping-small-items","8":"description-off","10":"first","11":"instock","12":"taxable","13":"shipping-taxable","14":"product-type-simple"},"acf":[],"yoast_head":"<!-- This site is optimized with the Yoast SEO plugin v24.1 - https:\/\/yoast.com\/wordpress\/plugins\/seo\/ -->\n<title>Wisper Torque Mk2 Xt Display | Acess\u00f3rios para Bicicleta<\/title>\n<meta name=\"description\" content=\"O display Wisper Torque MK2 XT \u00e9 essencial para os propriet\u00e1rios de e-bikes, oferecendo dados cruciais de bateria, velocidade e dist\u00e2ncia.\" \/>\n<meta name=\"robots\" content=\"index, follow, max-snippet:-1, max-image-preview:large, max-video-preview:-1\" \/>\n<link rel=\"canonical\" href=\"https:\/\/wisperbikes.com\/pt\/shop\/electronic\/wispertorque-mk2-xt-display\/\" \/>\n<meta property=\"og:locale\" content=\"pt_PT\" \/>\n<meta property=\"og:type\" content=\"article\" \/>\n<meta property=\"og:title\" content=\"Wisper Torque Mk2 Xt Display | Acess\u00f3rios para Bicicleta\" \/>\n<meta property=\"og:description\" content=\"O display Wisper Torque MK2 XT \u00e9 essencial para os propriet\u00e1rios de e-bikes, oferecendo dados cruciais de bateria, velocidade e dist\u00e2ncia.\" \/>\n<meta property=\"og:url\" content=\"https:\/\/wisperbikes.com\/pt\/shop\/electronic\/wispertorque-mk2-xt-display\/\" \/>\n<meta property=\"og:site_name\" content=\"Wisper Bikes\" \/>\n<meta property=\"article:publisher\" content=\"https:\/\/www.facebook.com\/Amps.Bike\/\" \/>\n<meta property=\"article:modified_time\" content=\"2024-03-05T13:06:55+00:00\" \/>\n<meta property=\"og:image\" content=\"https:\/\/wisperbikes.com\/pt\/wp-content\/uploads\/2019\/06\/PWBT31002-WISPER-TORQUE-MK2-XT-DISPLAY-1.jpg\" \/>\n\t<meta property=\"og:image:width\" content=\"970\" \/>\n\t<meta property=\"og:image:height\" content=\"970\" \/>\n\t<meta property=\"og:image:type\" content=\"image\/jpeg\" \/>\n<meta name=\"twitter:card\" content=\"summary_large_image\" \/>\n<meta name=\"twitter:site\" content=\"@wisperebikes\" \/>\n<meta name=\"twitter:label1\" content=\"Tempo estimado de leitura\" \/>\n\t<meta name=\"twitter:data1\" content=\"1 minuto\" \/>\n<script type=\"application\/ld+json\" class=\"yoast-schema-graph\">{\"@context\":\"https:\/\/schema.org\",\"@graph\":[{\"@type\":\"WebPage\",\"@id\":\"https:\/\/wisperbikes.com\/pt\/shop\/electronic\/wispertorque-mk2-xt-display\/\",\"url\":\"https:\/\/wisperbikes.com\/pt\/shop\/electronic\/wispertorque-mk2-xt-display\/\",\"name\":\"Wisper Torque Mk2 Xt Display | Acess\u00f3rios para Bicicleta\",\"isPartOf\":{\"@id\":\"https:\/\/wisperbikes.com\/pt\/#website\"},\"primaryImageOfPage\":{\"@id\":\"https:\/\/wisperbikes.com\/pt\/shop\/electronic\/wispertorque-mk2-xt-display\/#primaryimage\"},\"image\":{\"@id\":\"https:\/\/wisperbikes.com\/pt\/shop\/electronic\/wispertorque-mk2-xt-display\/#primaryimage\"},\"thumbnailUrl\":\"https:\/\/wisperbikes.com\/pt\/wp-content\/uploads\/2019\/06\/PWBT31002-WISPER-TORQUE-MK2-XT-DISPLAY-1.jpg\",\"datePublished\":\"2017-10-23T00:00:00+00:00\",\"dateModified\":\"2024-03-05T13:06:55+00:00\",\"description\":\"O display Wisper Torque MK2 XT \u00e9 essencial para os propriet\u00e1rios de e-bikes, oferecendo dados cruciais de bateria, velocidade e dist\u00e2ncia.\",\"breadcrumb\":{\"@id\":\"https:\/\/wisperbikes.com\/pt\/shop\/electronic\/wispertorque-mk2-xt-display\/#breadcrumb\"},\"inLanguage\":\"pt-PT\",\"potentialAction\":[{\"@type\":\"ReadAction\",\"target\":[\"https:\/\/wisperbikes.com\/pt\/shop\/electronic\/wispertorque-mk2-xt-display\/\"]}]},{\"@type\":\"ImageObject\",\"inLanguage\":\"pt-PT\",\"@id\":\"https:\/\/wisperbikes.com\/pt\/shop\/electronic\/wispertorque-mk2-xt-display\/#primaryimage\",\"url\":\"https:\/\/wisperbikes.com\/pt\/wp-content\/uploads\/2019\/06\/PWBT31002-WISPER-TORQUE-MK2-XT-DISPLAY-1.jpg\",\"contentUrl\":\"https:\/\/wisperbikes.com\/pt\/wp-content\/uploads\/2019\/06\/PWBT31002-WISPER-TORQUE-MK2-XT-DISPLAY-1.jpg\",\"width\":970,\"height\":970},{\"@type\":\"BreadcrumbList\",\"@id\":\"https:\/\/wisperbikes.com\/pt\/shop\/electronic\/wispertorque-mk2-xt-display\/#breadcrumb\",\"itemListElement\":[{\"@type\":\"ListItem\",\"position\":1,\"name\":\"Home\",\"item\":\"https:\/\/wisperbikes.com\/pt\/\"},{\"@type\":\"ListItem\",\"position\":2,\"name\":\"Our Shop\",\"item\":\"https:\/\/wisperbikes.com\/pt\/shop\/\"},{\"@type\":\"ListItem\",\"position\":3,\"name\":\"Wispertorque Mk2 Xt Display\"}]},{\"@type\":\"WebSite\",\"@id\":\"https:\/\/wisperbikes.com\/pt\/#website\",\"url\":\"https:\/\/wisperbikes.com\/pt\/\",\"name\":\"Wisper Bikes\",\"description\":\"Electric Bikes\",\"publisher\":{\"@id\":\"https:\/\/wisperbikes.com\/pt\/#organization\"},\"potentialAction\":[{\"@type\":\"SearchAction\",\"target\":{\"@type\":\"EntryPoint\",\"urlTemplate\":\"https:\/\/wisperbikes.com\/pt\/?s={search_term_string}\"},\"query-input\":{\"@type\":\"PropertyValueSpecification\",\"valueRequired\":true,\"valueName\":\"search_term_string\"}}],\"inLanguage\":\"pt-PT\"},{\"@type\":\"Organization\",\"@id\":\"https:\/\/wisperbikes.com\/pt\/#organization\",\"name\":\"Wisper Electric Bikes\",\"alternateName\":\"Wisper E-Bikes\",\"url\":\"https:\/\/wisperbikes.com\/pt\/\",\"logo\":{\"@type\":\"ImageObject\",\"inLanguage\":\"pt-PT\",\"@id\":\"https:\/\/wisperbikes.com\/pt\/#\/schema\/logo\/image\/\",\"url\":\"https:\/\/wisperbikes.com\/pt\/wp-content\/uploads\/2021\/06\/WISPER-Logo.png\",\"contentUrl\":\"https:\/\/wisperbikes.com\/pt\/wp-content\/uploads\/2021\/06\/WISPER-Logo.png\",\"width\":250,\"height\":65,\"caption\":\"Wisper Electric Bikes\"},\"image\":{\"@id\":\"https:\/\/wisperbikes.com\/pt\/#\/schema\/logo\/image\/\"},\"sameAs\":[\"https:\/\/www.facebook.com\/Amps.Bike\/\",\"https:\/\/x.com\/wisperebikes\",\"https:\/\/www.instagram.com\/wisperbikes\/\"]}]}<\/script>\n<!-- \/ Yoast SEO plugin. -->","yoast_head_json":{"title":"Wisper Torque Mk2 Xt Display | Acess\u00f3rios para Bicicleta","description":"O display Wisper Torque MK2 XT \u00e9 essencial para os propriet\u00e1rios de e-bikes, oferecendo dados cruciais de bateria, velocidade e dist\u00e2ncia.","robots":{"index":"index","follow":"follow","max-snippet":"max-snippet:-1","max-image-preview":"max-image-preview:large","max-video-preview":"max-video-preview:-1"},"canonical":"https:\/\/wisperbikes.com\/pt\/shop\/electronic\/wispertorque-mk2-xt-display\/","og_locale":"pt_PT","og_type":"article","og_title":"Wisper Torque Mk2 Xt Display | Acess\u00f3rios para Bicicleta","og_description":"O display Wisper Torque MK2 XT \u00e9 essencial para os propriet\u00e1rios de e-bikes, oferecendo dados cruciais de bateria, velocidade e dist\u00e2ncia.","og_url":"https:\/\/wisperbikes.com\/pt\/shop\/electronic\/wispertorque-mk2-xt-display\/","og_site_name":"Wisper Bikes","article_publisher":"https:\/\/www.facebook.com\/Amps.Bike\/","article_modified_time":"2024-03-05T13:06:55+00:00","og_image":[{"width":970,"height":970,"url":"https:\/\/wisperbikes.com\/pt\/wp-content\/uploads\/2019\/06\/PWBT31002-WISPER-TORQUE-MK2-XT-DISPLAY-1.jpg","type":"image\/jpeg"}],"twitter_card":"summary_large_image","twitter_site":"@wisperebikes","twitter_misc":{"Tempo estimado de leitura":"1 minuto"},"schema":{"@context":"https:\/\/schema.org","@graph":[{"@type":"WebPage","@id":"https:\/\/wisperbikes.com\/pt\/shop\/electronic\/wispertorque-mk2-xt-display\/","url":"https:\/\/wisperbikes.com\/pt\/shop\/electronic\/wispertorque-mk2-xt-display\/","name":"Wisper Torque Mk2 Xt Display | Acess\u00f3rios para Bicicleta","isPartOf":{"@id":"https:\/\/wisperbikes.com\/pt\/#website"},"primaryImageOfPage":{"@id":"https:\/\/wisperbikes.com\/pt\/shop\/electronic\/wispertorque-mk2-xt-display\/#primaryimage"},"image":{"@id":"https:\/\/wisperbikes.com\/pt\/shop\/electronic\/wispertorque-mk2-xt-display\/#primaryimage"},"thumbnailUrl":"https:\/\/wisperbikes.com\/pt\/wp-content\/uploads\/2019\/06\/PWBT31002-WISPER-TORQUE-MK2-XT-DISPLAY-1.jpg","datePublished":"2017-10-23T00:00:00+00:00","dateModified":"2024-03-05T13:06:55+00:00","description":"O display Wisper Torque MK2 XT \u00e9 essencial para os propriet\u00e1rios de e-bikes, oferecendo dados cruciais de bateria, velocidade e dist\u00e2ncia.","breadcrumb":{"@id":"https:\/\/wisperbikes.com\/pt\/shop\/electronic\/wispertorque-mk2-xt-display\/#breadcrumb"},"inLanguage":"pt-PT","potentialAction":[{"@type":"ReadAction","target":["https:\/\/wisperbikes.com\/pt\/shop\/electronic\/wispertorque-mk2-xt-display\/"]}]},{"@type":"ImageObject","inLanguage":"pt-PT","@id":"https:\/\/wisperbikes.com\/pt\/shop\/electronic\/wispertorque-mk2-xt-display\/#primaryimage","url":"https:\/\/wisperbikes.com\/pt\/wp-content\/uploads\/2019\/06\/PWBT31002-WISPER-TORQUE-MK2-XT-DISPLAY-1.jpg","contentUrl":"https:\/\/wisperbikes.com\/pt\/wp-content\/uploads\/2019\/06\/PWBT31002-WISPER-TORQUE-MK2-XT-DISPLAY-1.jpg","width":970,"height":970},{"@type":"BreadcrumbList","@id":"https:\/\/wisperbikes.com\/pt\/shop\/electronic\/wispertorque-mk2-xt-display\/#breadcrumb","itemListElement":[{"@type":"ListItem","position":1,"name":"Home","item":"https:\/\/wisperbikes.com\/pt\/"},{"@type":"ListItem","position":2,"name":"Our Shop","item":"https:\/\/wisperbikes.com\/pt\/shop\/"},{"@type":"ListItem","position":3,"name":"Wispertorque Mk2 Xt Display"}]},{"@type":"WebSite","@id":"https:\/\/wisperbikes.com\/pt\/#website","url":"https:\/\/wisperbikes.com\/pt\/","name":"Wisper Bikes","description":"Electric Bikes","publisher":{"@id":"https:\/\/wisperbikes.com\/pt\/#organization"},"potentialAction":[{"@type":"SearchAction","target":{"@type":"EntryPoint","urlTemplate":"https:\/\/wisperbikes.com\/pt\/?s={search_term_string}"},"query-input":{"@type":"PropertyValueSpecification","valueRequired":true,"valueName":"search_term_string"}}],"inLanguage":"pt-PT"},{"@type":"Organization","@id":"https:\/\/wisperbikes.com\/pt\/#organization","name":"Wisper Electric Bikes","alternateName":"Wisper E-Bikes","url":"https:\/\/wisperbikes.com\/pt\/","logo":{"@type":"ImageObject","inLanguage":"pt-PT","@id":"https:\/\/wisperbikes.com\/pt\/#\/schema\/logo\/image\/","url":"https:\/\/wisperbikes.com\/pt\/wp-content\/uploads\/2021\/06\/WISPER-Logo.png","contentUrl":"https:\/\/wisperbikes.com\/pt\/wp-content\/uploads\/2021\/06\/WISPER-Logo.png","width":250,"height":65,"caption":"Wisper Electric Bikes"},"image":{"@id":"https:\/\/wisperbikes.com\/pt\/#\/schema\/logo\/image\/"},"sameAs":["https:\/\/www.facebook.com\/Amps.Bike\/","https:\/\/x.com\/wisperebikes","https:\/\/www.instagram.com\/wisperbikes\/"]}]}},"_links":{"self":[{"href":"https:\/\/wisperbikes.com\/pt\/wp-json\/wp\/v2\/product\/24468","targetHints":{"allow":["GET"]}}],"collection":[{"href":"https:\/\/wisperbikes.com\/pt\/wp-json\/wp\/v2\/product"}],"about":[{"href":"https:\/\/wisperbikes.com\/pt\/wp-json\/wp\/v2\/types\/product"}],"replies":[{"embeddable":true,"href":"https:\/\/wisperbikes.com\/pt\/wp-json\/wp\/v2\/comments?post=24468"}],"wp:featuredmedia":[{"embeddable":true,"href":"https:\/\/wisperbikes.com\/pt\/wp-json\/wp\/v2\/media\/7259"}],"wp:attachment":[{"href":"https:\/\/wisperbikes.com\/pt\/wp-json\/wp\/v2\/media?parent=24468"}],"wp:term":[{"taxonomy":"product_cat","embeddable":true,"href":"https:\/\/wisperbikes.com\/pt\/wp-json\/wp\/v2\/product_cat?post=24468"},{"taxonomy":"product_tag","embeddable":true,"href":"https:\/\/wisperbikes.com\/pt\/wp-json\/wp\/v2\/product_tag?post=24468"}],"curies":[{"name":"wp","href":"https:\/\/api.w.org\/{rel}","templated":true}]}}