{"id":24554,"date":"2018-06-08T00:00:00","date_gmt":"2018-06-08T00:00:00","guid":{"rendered":"http:\/\/localhost\/wisper_both\/shop\/uncategorized\/wisper-700wh-battery\/"},"modified":"2024-04-08T10:45:58","modified_gmt":"2024-04-08T10:45:58","slug":"wisper-700wh-battery","status":"publish","type":"product","link":"https:\/\/wisperbikes.com\/pt\/shop\/batteries\/traditional-batteries\/wisper-700wh-battery\/","title":{"rendered":"Wisper 700Wh Battery"},"content":{"rendered":"<p>Wisper 700Wh Battery<\/p>\n<p>SKU: BWO21700<\/p>\n","protected":false},"excerpt":{"rendered":"<p>Wisper 700Wh Battery SKU: BWO21700<\/p>\n","protected":false},"featured_media":28554,"comment_status":"closed","ping_status":"closed","template":"","meta":[],"product_cat":[899,170],"product_tag":[],"class_list":{"0":"post-24554","1":"product","2":"type-product","3":"status-publish","4":"has-post-thumbnail","6":"product_cat-traditional-batteries","7":"product_cat-batteries","8":"product_shipping_class-wisper-shipping-medium-items","9":"description-off","11":"first","12":"instock","13":"taxable","14":"shipping-taxable","15":"product-type-simple"},"acf":[],"yoast_head":"<!-- This site is optimized with the Yoast SEO plugin v24.1 - https:\/\/yoast.com\/wordpress\/plugins\/seo\/ -->\n<title>Wisper 700Wh bateria | Acess\u00f3rios para bicicletas<\/title>\n<meta name=\"description\" content=\"A bateria Wisper de 700Wh \u00e9 \u00f3tima para aqueles que vivem em \u00e1reas com muitas colinas, pois fornece energia extra para ajud\u00e1-lo a escal\u00e1-las sem esfor\u00e7o.\" \/>\n<meta name=\"robots\" content=\"index, nofollow, max-snippet:-1, max-image-preview:large, max-video-preview:-1\" \/>\n<link rel=\"canonical\" href=\"https:\/\/wisperbikes.com\/pt\/shop\/batteries\/traditional-batteries\/wisper-700wh-battery\/\" \/>\n<meta property=\"og:locale\" content=\"pt_PT\" \/>\n<meta property=\"og:type\" content=\"article\" \/>\n<meta property=\"og:title\" content=\"Wisper 700Wh bateria | Acess\u00f3rios para bicicletas\" \/>\n<meta property=\"og:description\" content=\"A bateria Wisper de 700Wh \u00e9 \u00f3tima para aqueles que vivem em \u00e1reas com muitas colinas, pois fornece energia extra para ajud\u00e1-lo a escal\u00e1-las sem esfor\u00e7o.\" \/>\n<meta property=\"og:url\" content=\"https:\/\/wisperbikes.com\/pt\/shop\/batteries\/traditional-batteries\/wisper-700wh-battery\/\" \/>\n<meta property=\"og:site_name\" content=\"Wisper Bikes\" \/>\n<meta property=\"article:publisher\" content=\"https:\/\/www.facebook.com\/Amps.Bike\/\" \/>\n<meta property=\"article:modified_time\" content=\"2024-04-08T10:45:58+00:00\" \/>\n<meta property=\"og:image\" content=\"https:\/\/wisperbikes.com\/pt\/wp-content\/uploads\/2018\/06\/WISPER-700WH-BATTERY.jpg\" \/>\n\t<meta property=\"og:image:width\" content=\"600\" \/>\n\t<meta property=\"og:image:height\" content=\"600\" \/>\n\t<meta property=\"og:image:type\" content=\"image\/jpeg\" \/>\n<meta name=\"twitter:card\" content=\"summary_large_image\" \/>\n<meta name=\"twitter:site\" content=\"@wisperebikes\" \/>\n<meta name=\"twitter:label1\" content=\"Tempo estimado de leitura\" \/>\n\t<meta name=\"twitter:data1\" content=\"1 minuto\" \/>\n<script type=\"application\/ld+json\" class=\"yoast-schema-graph\">{\"@context\":\"https:\/\/schema.org\",\"@graph\":[{\"@type\":\"WebPage\",\"@id\":\"https:\/\/wisperbikes.com\/pt\/shop\/batteries\/traditional-batteries\/wisper-700wh-battery\/\",\"url\":\"https:\/\/wisperbikes.com\/pt\/shop\/batteries\/traditional-batteries\/wisper-700wh-battery\/\",\"name\":\"Wisper 700Wh bateria | Acess\u00f3rios para bicicletas\",\"isPartOf\":{\"@id\":\"https:\/\/wisperbikes.com\/pt\/#website\"},\"primaryImageOfPage\":{\"@id\":\"https:\/\/wisperbikes.com\/pt\/shop\/batteries\/traditional-batteries\/wisper-700wh-battery\/#primaryimage\"},\"image\":{\"@id\":\"https:\/\/wisperbikes.com\/pt\/shop\/batteries\/traditional-batteries\/wisper-700wh-battery\/#primaryimage\"},\"thumbnailUrl\":\"https:\/\/wisperbikes.com\/pt\/wp-content\/uploads\/2018\/06\/WISPER-700WH-BATTERY.jpg\",\"datePublished\":\"2018-06-08T00:00:00+00:00\",\"dateModified\":\"2024-04-08T10:45:58+00:00\",\"description\":\"A bateria Wisper de 700Wh \u00e9 \u00f3tima para aqueles que vivem em \u00e1reas com muitas colinas, pois fornece energia extra para ajud\u00e1-lo a escal\u00e1-las sem esfor\u00e7o.\",\"breadcrumb\":{\"@id\":\"https:\/\/wisperbikes.com\/pt\/shop\/batteries\/traditional-batteries\/wisper-700wh-battery\/#breadcrumb\"},\"inLanguage\":\"pt-PT\",\"potentialAction\":[{\"@type\":\"ReadAction\",\"target\":[\"https:\/\/wisperbikes.com\/pt\/shop\/batteries\/traditional-batteries\/wisper-700wh-battery\/\"]}]},{\"@type\":\"ImageObject\",\"inLanguage\":\"pt-PT\",\"@id\":\"https:\/\/wisperbikes.com\/pt\/shop\/batteries\/traditional-batteries\/wisper-700wh-battery\/#primaryimage\",\"url\":\"https:\/\/wisperbikes.com\/pt\/wp-content\/uploads\/2018\/06\/WISPER-700WH-BATTERY.jpg\",\"contentUrl\":\"https:\/\/wisperbikes.com\/pt\/wp-content\/uploads\/2018\/06\/WISPER-700WH-BATTERY.jpg\",\"width\":600,\"height\":600,\"caption\":\"Wisper 700WH\"},{\"@type\":\"BreadcrumbList\",\"@id\":\"https:\/\/wisperbikes.com\/pt\/shop\/batteries\/traditional-batteries\/wisper-700wh-battery\/#breadcrumb\",\"itemListElement\":[{\"@type\":\"ListItem\",\"position\":1,\"name\":\"Home\",\"item\":\"https:\/\/wisperbikes.com\/pt\/\"},{\"@type\":\"ListItem\",\"position\":2,\"name\":\"Our Shop\",\"item\":\"https:\/\/wisperbikes.com\/pt\/shop\/\"},{\"@type\":\"ListItem\",\"position\":3,\"name\":\"Wisper 700Wh Battery\"}]},{\"@type\":\"WebSite\",\"@id\":\"https:\/\/wisperbikes.com\/pt\/#website\",\"url\":\"https:\/\/wisperbikes.com\/pt\/\",\"name\":\"Wisper Bikes\",\"description\":\"Electric Bikes\",\"publisher\":{\"@id\":\"https:\/\/wisperbikes.com\/pt\/#organization\"},\"potentialAction\":[{\"@type\":\"SearchAction\",\"target\":{\"@type\":\"EntryPoint\",\"urlTemplate\":\"https:\/\/wisperbikes.com\/pt\/?s={search_term_string}\"},\"query-input\":{\"@type\":\"PropertyValueSpecification\",\"valueRequired\":true,\"valueName\":\"search_term_string\"}}],\"inLanguage\":\"pt-PT\"},{\"@type\":\"Organization\",\"@id\":\"https:\/\/wisperbikes.com\/pt\/#organization\",\"name\":\"Wisper Electric Bikes\",\"alternateName\":\"Wisper E-Bikes\",\"url\":\"https:\/\/wisperbikes.com\/pt\/\",\"logo\":{\"@type\":\"ImageObject\",\"inLanguage\":\"pt-PT\",\"@id\":\"https:\/\/wisperbikes.com\/pt\/#\/schema\/logo\/image\/\",\"url\":\"https:\/\/wisperbikes.com\/pt\/wp-content\/uploads\/2021\/06\/WISPER-Logo.png\",\"contentUrl\":\"https:\/\/wisperbikes.com\/pt\/wp-content\/uploads\/2021\/06\/WISPER-Logo.png\",\"width\":250,\"height\":65,\"caption\":\"Wisper Electric Bikes\"},\"image\":{\"@id\":\"https:\/\/wisperbikes.com\/pt\/#\/schema\/logo\/image\/\"},\"sameAs\":[\"https:\/\/www.facebook.com\/Amps.Bike\/\",\"https:\/\/x.com\/wisperebikes\",\"https:\/\/www.instagram.com\/wisperbikes\/\"]}]}<\/script>\n<!-- \/ Yoast SEO plugin. -->","yoast_head_json":{"title":"Wisper 700Wh bateria | Acess\u00f3rios para bicicletas","description":"A bateria Wisper de 700Wh \u00e9 \u00f3tima para aqueles que vivem em \u00e1reas com muitas colinas, pois fornece energia extra para ajud\u00e1-lo a escal\u00e1-las sem esfor\u00e7o.","robots":{"index":"index","follow":"nofollow","max-snippet":"max-snippet:-1","max-image-preview":"max-image-preview:large","max-video-preview":"max-video-preview:-1"},"canonical":"https:\/\/wisperbikes.com\/pt\/shop\/batteries\/traditional-batteries\/wisper-700wh-battery\/","og_locale":"pt_PT","og_type":"article","og_title":"Wisper 700Wh bateria | Acess\u00f3rios para bicicletas","og_description":"A bateria Wisper de 700Wh \u00e9 \u00f3tima para aqueles que vivem em \u00e1reas com muitas colinas, pois fornece energia extra para ajud\u00e1-lo a escal\u00e1-las sem esfor\u00e7o.","og_url":"https:\/\/wisperbikes.com\/pt\/shop\/batteries\/traditional-batteries\/wisper-700wh-battery\/","og_site_name":"Wisper Bikes","article_publisher":"https:\/\/www.facebook.com\/Amps.Bike\/","article_modified_time":"2024-04-08T10:45:58+00:00","og_image":[{"width":600,"height":600,"url":"https:\/\/wisperbikes.com\/pt\/wp-content\/uploads\/2018\/06\/WISPER-700WH-BATTERY.jpg","type":"image\/jpeg"}],"twitter_card":"summary_large_image","twitter_site":"@wisperebikes","twitter_misc":{"Tempo estimado de leitura":"1 minuto"},"schema":{"@context":"https:\/\/schema.org","@graph":[{"@type":"WebPage","@id":"https:\/\/wisperbikes.com\/pt\/shop\/batteries\/traditional-batteries\/wisper-700wh-battery\/","url":"https:\/\/wisperbikes.com\/pt\/shop\/batteries\/traditional-batteries\/wisper-700wh-battery\/","name":"Wisper 700Wh bateria | Acess\u00f3rios para bicicletas","isPartOf":{"@id":"https:\/\/wisperbikes.com\/pt\/#website"},"primaryImageOfPage":{"@id":"https:\/\/wisperbikes.com\/pt\/shop\/batteries\/traditional-batteries\/wisper-700wh-battery\/#primaryimage"},"image":{"@id":"https:\/\/wisperbikes.com\/pt\/shop\/batteries\/traditional-batteries\/wisper-700wh-battery\/#primaryimage"},"thumbnailUrl":"https:\/\/wisperbikes.com\/pt\/wp-content\/uploads\/2018\/06\/WISPER-700WH-BATTERY.jpg","datePublished":"2018-06-08T00:00:00+00:00","dateModified":"2024-04-08T10:45:58+00:00","description":"A bateria Wisper de 700Wh \u00e9 \u00f3tima para aqueles que vivem em \u00e1reas com muitas colinas, pois fornece energia extra para ajud\u00e1-lo a escal\u00e1-las sem esfor\u00e7o.","breadcrumb":{"@id":"https:\/\/wisperbikes.com\/pt\/shop\/batteries\/traditional-batteries\/wisper-700wh-battery\/#breadcrumb"},"inLanguage":"pt-PT","potentialAction":[{"@type":"ReadAction","target":["https:\/\/wisperbikes.com\/pt\/shop\/batteries\/traditional-batteries\/wisper-700wh-battery\/"]}]},{"@type":"ImageObject","inLanguage":"pt-PT","@id":"https:\/\/wisperbikes.com\/pt\/shop\/batteries\/traditional-batteries\/wisper-700wh-battery\/#primaryimage","url":"https:\/\/wisperbikes.com\/pt\/wp-content\/uploads\/2018\/06\/WISPER-700WH-BATTERY.jpg","contentUrl":"https:\/\/wisperbikes.com\/pt\/wp-content\/uploads\/2018\/06\/WISPER-700WH-BATTERY.jpg","width":600,"height":600,"caption":"Wisper 700WH"},{"@type":"BreadcrumbList","@id":"https:\/\/wisperbikes.com\/pt\/shop\/batteries\/traditional-batteries\/wisper-700wh-battery\/#breadcrumb","itemListElement":[{"@type":"ListItem","position":1,"name":"Home","item":"https:\/\/wisperbikes.com\/pt\/"},{"@type":"ListItem","position":2,"name":"Our Shop","item":"https:\/\/wisperbikes.com\/pt\/shop\/"},{"@type":"ListItem","position":3,"name":"Wisper 700Wh Battery"}]},{"@type":"WebSite","@id":"https:\/\/wisperbikes.com\/pt\/#website","url":"https:\/\/wisperbikes.com\/pt\/","name":"Wisper Bikes","description":"Electric Bikes","publisher":{"@id":"https:\/\/wisperbikes.com\/pt\/#organization"},"potentialAction":[{"@type":"SearchAction","target":{"@type":"EntryPoint","urlTemplate":"https:\/\/wisperbikes.com\/pt\/?s={search_term_string}"},"query-input":{"@type":"PropertyValueSpecification","valueRequired":true,"valueName":"search_term_string"}}],"inLanguage":"pt-PT"},{"@type":"Organization","@id":"https:\/\/wisperbikes.com\/pt\/#organization","name":"Wisper Electric Bikes","alternateName":"Wisper E-Bikes","url":"https:\/\/wisperbikes.com\/pt\/","logo":{"@type":"ImageObject","inLanguage":"pt-PT","@id":"https:\/\/wisperbikes.com\/pt\/#\/schema\/logo\/image\/","url":"https:\/\/wisperbikes.com\/pt\/wp-content\/uploads\/2021\/06\/WISPER-Logo.png","contentUrl":"https:\/\/wisperbikes.com\/pt\/wp-content\/uploads\/2021\/06\/WISPER-Logo.png","width":250,"height":65,"caption":"Wisper Electric Bikes"},"image":{"@id":"https:\/\/wisperbikes.com\/pt\/#\/schema\/logo\/image\/"},"sameAs":["https:\/\/www.facebook.com\/Amps.Bike\/","https:\/\/x.com\/wisperebikes","https:\/\/www.instagram.com\/wisperbikes\/"]}]}},"_links":{"self":[{"href":"https:\/\/wisperbikes.com\/pt\/wp-json\/wp\/v2\/product\/24554","targetHints":{"allow":["GET"]}}],"collection":[{"href":"https:\/\/wisperbikes.com\/pt\/wp-json\/wp\/v2\/product"}],"about":[{"href":"https:\/\/wisperbikes.com\/pt\/wp-json\/wp\/v2\/types\/product"}],"replies":[{"embeddable":true,"href":"https:\/\/wisperbikes.com\/pt\/wp-json\/wp\/v2\/comments?post=24554"}],"wp:featuredmedia":[{"embeddable":true,"href":"https:\/\/wisperbikes.com\/pt\/wp-json\/wp\/v2\/media\/28554"}],"wp:attachment":[{"href":"https:\/\/wisperbikes.com\/pt\/wp-json\/wp\/v2\/media?parent=24554"}],"wp:term":[{"taxonomy":"product_cat","embeddable":true,"href":"https:\/\/wisperbikes.com\/pt\/wp-json\/wp\/v2\/product_cat?post=24554"},{"taxonomy":"product_tag","embeddable":true,"href":"https:\/\/wisperbikes.com\/pt\/wp-json\/wp\/v2\/product_tag?post=24554"}],"curies":[{"name":"wp","href":"https:\/\/api.w.org\/{rel}","templated":true}]}}