{"id":24568,"date":"2020-02-21T00:00:00","date_gmt":"2020-02-21T00:00:00","guid":{"rendered":"http:\/\/localhost\/wisper_both\/shop\/uncategorized\/shimano-bt-8010-battery-504wh\/"},"modified":"2026-04-20T20:51:42","modified_gmt":"2026-04-20T20:51:42","slug":"shimano-bt-8010-battery-500wh","status":"publish","type":"product","link":"https:\/\/wisperbikes.com\/pt\/shop\/batteries\/wildcat-wolf-batteries\/shimano-bt-8010-battery-500wh\/","title":{"rendered":"Shimano Bt-8010 Battery 504Wh"},"content":{"rendered":"<p>SKU: BWO21007<\/p>\n<p>SHIMANO BT-8010 BATTERY 504Wh<\/p>\n","protected":false},"excerpt":{"rendered":"<p>SKU: BWO21007 SHIMANO BT-8010 BATTERY 504Wh<\/p>\n","protected":false},"featured_media":8737,"comment_status":"closed","ping_status":"closed","template":"","meta":[],"product_cat":[900,170],"product_tag":[],"class_list":{"0":"post-24568","1":"product","2":"type-product","3":"status-publish","4":"has-post-thumbnail","6":"product_cat-wildcat-wolf-batteries","7":"product_cat-batteries","8":"product_shipping_class-wisper-shipping-medium-items","9":"pa_battery-504wh","10":"description-off","12":"first","13":"instock","14":"taxable","15":"shipping-taxable","16":"product-type-simple"},"acf":[],"yoast_head":"<!-- This site is optimized with the Yoast SEO plugin v24.1 - https:\/\/yoast.com\/wordpress\/plugins\/seo\/ -->\n<title>Bateria Shimano BT 8010 500Wh | Acess\u00f3rios para Bicicletas<\/title>\n<meta name=\"description\" content=\"A bateria BT-8010 da Shimano \u00e9 uma bateria interna que fica dentro do canote do selim e \u00e9 facilmente carregada atrav\u00e9s de um carregador externo.\" \/>\n<meta name=\"robots\" content=\"index, follow, max-snippet:-1, max-image-preview:large, max-video-preview:-1\" \/>\n<link rel=\"canonical\" href=\"https:\/\/wisperbikes.com\/pt\/shop\/batteries\/wildcat-wolf-batteries\/shimano-bt-8010-battery-500wh\/\" \/>\n<meta property=\"og:locale\" content=\"pt_PT\" \/>\n<meta property=\"og:type\" content=\"article\" \/>\n<meta property=\"og:title\" content=\"Bateria Shimano BT 8010 500Wh | Acess\u00f3rios para Bicicletas\" \/>\n<meta property=\"og:description\" content=\"A bateria BT-8010 da Shimano \u00e9 uma bateria interna que fica dentro do canote do selim e \u00e9 facilmente carregada atrav\u00e9s de um carregador externo.\" \/>\n<meta property=\"og:url\" content=\"https:\/\/wisperbikes.com\/pt\/shop\/batteries\/wildcat-wolf-batteries\/shimano-bt-8010-battery-500wh\/\" \/>\n<meta property=\"og:site_name\" content=\"Wisper Bikes\" \/>\n<meta property=\"article:publisher\" content=\"https:\/\/www.facebook.com\/Amps.Bike\/\" \/>\n<meta property=\"article:modified_time\" content=\"2026-04-20T20:51:42+00:00\" \/>\n<meta property=\"og:image\" content=\"https:\/\/wisperbikes.com\/pt\/wp-content\/uploads\/2020\/02\/BWO21007-scaled.jpg\" \/>\n\t<meta property=\"og:image:width\" content=\"2560\" \/>\n\t<meta property=\"og:image:height\" content=\"1707\" \/>\n\t<meta property=\"og:image:type\" content=\"image\/jpeg\" \/>\n<meta name=\"twitter:card\" content=\"summary_large_image\" \/>\n<meta name=\"twitter:site\" content=\"@wisperebikes\" \/>\n<meta name=\"twitter:label1\" content=\"Tempo estimado de leitura\" \/>\n\t<meta name=\"twitter:data1\" content=\"1 minuto\" \/>\n<script type=\"application\/ld+json\" class=\"yoast-schema-graph\">{\"@context\":\"https:\/\/schema.org\",\"@graph\":[{\"@type\":\"WebPage\",\"@id\":\"https:\/\/wisperbikes.com\/pt\/shop\/batteries\/wildcat-wolf-batteries\/shimano-bt-8010-battery-500wh\/\",\"url\":\"https:\/\/wisperbikes.com\/pt\/shop\/batteries\/wildcat-wolf-batteries\/shimano-bt-8010-battery-500wh\/\",\"name\":\"Bateria Shimano BT 8010 500Wh | Acess\u00f3rios para Bicicletas\",\"isPartOf\":{\"@id\":\"https:\/\/wisperbikes.com\/pt\/#website\"},\"primaryImageOfPage\":{\"@id\":\"https:\/\/wisperbikes.com\/pt\/shop\/batteries\/wildcat-wolf-batteries\/shimano-bt-8010-battery-500wh\/#primaryimage\"},\"image\":{\"@id\":\"https:\/\/wisperbikes.com\/pt\/shop\/batteries\/wildcat-wolf-batteries\/shimano-bt-8010-battery-500wh\/#primaryimage\"},\"thumbnailUrl\":\"https:\/\/wisperbikes.com\/pt\/wp-content\/uploads\/2020\/02\/BWO21007-scaled.jpg\",\"datePublished\":\"2020-02-21T00:00:00+00:00\",\"dateModified\":\"2026-04-20T20:51:42+00:00\",\"description\":\"A bateria BT-8010 da Shimano \u00e9 uma bateria interna que fica dentro do canote do selim e \u00e9 facilmente carregada atrav\u00e9s de um carregador externo.\",\"breadcrumb\":{\"@id\":\"https:\/\/wisperbikes.com\/pt\/shop\/batteries\/wildcat-wolf-batteries\/shimano-bt-8010-battery-500wh\/#breadcrumb\"},\"inLanguage\":\"pt-PT\",\"potentialAction\":[{\"@type\":\"ReadAction\",\"target\":[\"https:\/\/wisperbikes.com\/pt\/shop\/batteries\/wildcat-wolf-batteries\/shimano-bt-8010-battery-500wh\/\"]}]},{\"@type\":\"ImageObject\",\"inLanguage\":\"pt-PT\",\"@id\":\"https:\/\/wisperbikes.com\/pt\/shop\/batteries\/wildcat-wolf-batteries\/shimano-bt-8010-battery-500wh\/#primaryimage\",\"url\":\"https:\/\/wisperbikes.com\/pt\/wp-content\/uploads\/2020\/02\/BWO21007-scaled.jpg\",\"contentUrl\":\"https:\/\/wisperbikes.com\/pt\/wp-content\/uploads\/2020\/02\/BWO21007-scaled.jpg\",\"width\":2560,\"height\":1707},{\"@type\":\"BreadcrumbList\",\"@id\":\"https:\/\/wisperbikes.com\/pt\/shop\/batteries\/wildcat-wolf-batteries\/shimano-bt-8010-battery-500wh\/#breadcrumb\",\"itemListElement\":[{\"@type\":\"ListItem\",\"position\":1,\"name\":\"Home\",\"item\":\"https:\/\/wisperbikes.com\/pt\/\"},{\"@type\":\"ListItem\",\"position\":2,\"name\":\"Our Shop\",\"item\":\"https:\/\/wisperbikes.com\/pt\/shop\/\"},{\"@type\":\"ListItem\",\"position\":3,\"name\":\"Shimano Bt-8010 Battery 504Wh\"}]},{\"@type\":\"WebSite\",\"@id\":\"https:\/\/wisperbikes.com\/pt\/#website\",\"url\":\"https:\/\/wisperbikes.com\/pt\/\",\"name\":\"Wisper Bikes\",\"description\":\"Electric Bikes\",\"publisher\":{\"@id\":\"https:\/\/wisperbikes.com\/pt\/#organization\"},\"potentialAction\":[{\"@type\":\"SearchAction\",\"target\":{\"@type\":\"EntryPoint\",\"urlTemplate\":\"https:\/\/wisperbikes.com\/pt\/?s={search_term_string}\"},\"query-input\":{\"@type\":\"PropertyValueSpecification\",\"valueRequired\":true,\"valueName\":\"search_term_string\"}}],\"inLanguage\":\"pt-PT\"},{\"@type\":\"Organization\",\"@id\":\"https:\/\/wisperbikes.com\/pt\/#organization\",\"name\":\"Wisper Electric Bikes\",\"alternateName\":\"Wisper E-Bikes\",\"url\":\"https:\/\/wisperbikes.com\/pt\/\",\"logo\":{\"@type\":\"ImageObject\",\"inLanguage\":\"pt-PT\",\"@id\":\"https:\/\/wisperbikes.com\/pt\/#\/schema\/logo\/image\/\",\"url\":\"https:\/\/wisperbikes.com\/pt\/wp-content\/uploads\/2021\/06\/WISPER-Logo.png\",\"contentUrl\":\"https:\/\/wisperbikes.com\/pt\/wp-content\/uploads\/2021\/06\/WISPER-Logo.png\",\"width\":250,\"height\":65,\"caption\":\"Wisper Electric Bikes\"},\"image\":{\"@id\":\"https:\/\/wisperbikes.com\/pt\/#\/schema\/logo\/image\/\"},\"sameAs\":[\"https:\/\/www.facebook.com\/Amps.Bike\/\",\"https:\/\/x.com\/wisperebikes\",\"https:\/\/www.instagram.com\/wisperbikes\/\"]}]}<\/script>\n<!-- \/ Yoast SEO plugin. -->","yoast_head_json":{"title":"Bateria Shimano BT 8010 500Wh | Acess\u00f3rios para Bicicletas","description":"A bateria BT-8010 da Shimano \u00e9 uma bateria interna que fica dentro do canote do selim e \u00e9 facilmente carregada atrav\u00e9s de um carregador externo.","robots":{"index":"index","follow":"follow","max-snippet":"max-snippet:-1","max-image-preview":"max-image-preview:large","max-video-preview":"max-video-preview:-1"},"canonical":"https:\/\/wisperbikes.com\/pt\/shop\/batteries\/wildcat-wolf-batteries\/shimano-bt-8010-battery-500wh\/","og_locale":"pt_PT","og_type":"article","og_title":"Bateria Shimano BT 8010 500Wh | Acess\u00f3rios para Bicicletas","og_description":"A bateria BT-8010 da Shimano \u00e9 uma bateria interna que fica dentro do canote do selim e \u00e9 facilmente carregada atrav\u00e9s de um carregador externo.","og_url":"https:\/\/wisperbikes.com\/pt\/shop\/batteries\/wildcat-wolf-batteries\/shimano-bt-8010-battery-500wh\/","og_site_name":"Wisper Bikes","article_publisher":"https:\/\/www.facebook.com\/Amps.Bike\/","article_modified_time":"2026-04-20T20:51:42+00:00","og_image":[{"width":2560,"height":1707,"url":"https:\/\/wisperbikes.com\/pt\/wp-content\/uploads\/2020\/02\/BWO21007-scaled.jpg","type":"image\/jpeg"}],"twitter_card":"summary_large_image","twitter_site":"@wisperebikes","twitter_misc":{"Tempo estimado de leitura":"1 minuto"},"schema":{"@context":"https:\/\/schema.org","@graph":[{"@type":"WebPage","@id":"https:\/\/wisperbikes.com\/pt\/shop\/batteries\/wildcat-wolf-batteries\/shimano-bt-8010-battery-500wh\/","url":"https:\/\/wisperbikes.com\/pt\/shop\/batteries\/wildcat-wolf-batteries\/shimano-bt-8010-battery-500wh\/","name":"Bateria Shimano BT 8010 500Wh | Acess\u00f3rios para Bicicletas","isPartOf":{"@id":"https:\/\/wisperbikes.com\/pt\/#website"},"primaryImageOfPage":{"@id":"https:\/\/wisperbikes.com\/pt\/shop\/batteries\/wildcat-wolf-batteries\/shimano-bt-8010-battery-500wh\/#primaryimage"},"image":{"@id":"https:\/\/wisperbikes.com\/pt\/shop\/batteries\/wildcat-wolf-batteries\/shimano-bt-8010-battery-500wh\/#primaryimage"},"thumbnailUrl":"https:\/\/wisperbikes.com\/pt\/wp-content\/uploads\/2020\/02\/BWO21007-scaled.jpg","datePublished":"2020-02-21T00:00:00+00:00","dateModified":"2026-04-20T20:51:42+00:00","description":"A bateria BT-8010 da Shimano \u00e9 uma bateria interna que fica dentro do canote do selim e \u00e9 facilmente carregada atrav\u00e9s de um carregador externo.","breadcrumb":{"@id":"https:\/\/wisperbikes.com\/pt\/shop\/batteries\/wildcat-wolf-batteries\/shimano-bt-8010-battery-500wh\/#breadcrumb"},"inLanguage":"pt-PT","potentialAction":[{"@type":"ReadAction","target":["https:\/\/wisperbikes.com\/pt\/shop\/batteries\/wildcat-wolf-batteries\/shimano-bt-8010-battery-500wh\/"]}]},{"@type":"ImageObject","inLanguage":"pt-PT","@id":"https:\/\/wisperbikes.com\/pt\/shop\/batteries\/wildcat-wolf-batteries\/shimano-bt-8010-battery-500wh\/#primaryimage","url":"https:\/\/wisperbikes.com\/pt\/wp-content\/uploads\/2020\/02\/BWO21007-scaled.jpg","contentUrl":"https:\/\/wisperbikes.com\/pt\/wp-content\/uploads\/2020\/02\/BWO21007-scaled.jpg","width":2560,"height":1707},{"@type":"BreadcrumbList","@id":"https:\/\/wisperbikes.com\/pt\/shop\/batteries\/wildcat-wolf-batteries\/shimano-bt-8010-battery-500wh\/#breadcrumb","itemListElement":[{"@type":"ListItem","position":1,"name":"Home","item":"https:\/\/wisperbikes.com\/pt\/"},{"@type":"ListItem","position":2,"name":"Our Shop","item":"https:\/\/wisperbikes.com\/pt\/shop\/"},{"@type":"ListItem","position":3,"name":"Shimano Bt-8010 Battery 504Wh"}]},{"@type":"WebSite","@id":"https:\/\/wisperbikes.com\/pt\/#website","url":"https:\/\/wisperbikes.com\/pt\/","name":"Wisper Bikes","description":"Electric Bikes","publisher":{"@id":"https:\/\/wisperbikes.com\/pt\/#organization"},"potentialAction":[{"@type":"SearchAction","target":{"@type":"EntryPoint","urlTemplate":"https:\/\/wisperbikes.com\/pt\/?s={search_term_string}"},"query-input":{"@type":"PropertyValueSpecification","valueRequired":true,"valueName":"search_term_string"}}],"inLanguage":"pt-PT"},{"@type":"Organization","@id":"https:\/\/wisperbikes.com\/pt\/#organization","name":"Wisper Electric Bikes","alternateName":"Wisper E-Bikes","url":"https:\/\/wisperbikes.com\/pt\/","logo":{"@type":"ImageObject","inLanguage":"pt-PT","@id":"https:\/\/wisperbikes.com\/pt\/#\/schema\/logo\/image\/","url":"https:\/\/wisperbikes.com\/pt\/wp-content\/uploads\/2021\/06\/WISPER-Logo.png","contentUrl":"https:\/\/wisperbikes.com\/pt\/wp-content\/uploads\/2021\/06\/WISPER-Logo.png","width":250,"height":65,"caption":"Wisper Electric Bikes"},"image":{"@id":"https:\/\/wisperbikes.com\/pt\/#\/schema\/logo\/image\/"},"sameAs":["https:\/\/www.facebook.com\/Amps.Bike\/","https:\/\/x.com\/wisperebikes","https:\/\/www.instagram.com\/wisperbikes\/"]}]}},"_links":{"self":[{"href":"https:\/\/wisperbikes.com\/pt\/wp-json\/wp\/v2\/product\/24568","targetHints":{"allow":["GET"]}}],"collection":[{"href":"https:\/\/wisperbikes.com\/pt\/wp-json\/wp\/v2\/product"}],"about":[{"href":"https:\/\/wisperbikes.com\/pt\/wp-json\/wp\/v2\/types\/product"}],"replies":[{"embeddable":true,"href":"https:\/\/wisperbikes.com\/pt\/wp-json\/wp\/v2\/comments?post=24568"}],"wp:featuredmedia":[{"embeddable":true,"href":"https:\/\/wisperbikes.com\/pt\/wp-json\/wp\/v2\/media\/8737"}],"wp:attachment":[{"href":"https:\/\/wisperbikes.com\/pt\/wp-json\/wp\/v2\/media?parent=24568"}],"wp:term":[{"taxonomy":"product_cat","embeddable":true,"href":"https:\/\/wisperbikes.com\/pt\/wp-json\/wp\/v2\/product_cat?post=24568"},{"taxonomy":"product_tag","embeddable":true,"href":"https:\/\/wisperbikes.com\/pt\/wp-json\/wp\/v2\/product_tag?post=24568"}],"curies":[{"name":"wp","href":"https:\/\/api.w.org\/{rel}","templated":true}]}}