{"id":30017,"date":"2021-02-11T13:55:06","date_gmt":"2021-02-11T13:55:06","guid":{"rendered":"https:\/\/wisperbikes.com\/pt\/?post_type=product&#038;p=30017"},"modified":"2024-03-08T11:56:33","modified_gmt":"2024-03-08T11:56:33","slug":"wayfarer-handlebars-straight-635mm","status":"publish","type":"product","link":"https:\/\/wisperbikes.com\/pt\/shop\/accessories\/bike-steering\/wayfarer-handlebars-straight-635mm\/","title":{"rendered":"Wayfarer Handlebars &#8211; Straight 635Mm"},"content":{"rendered":"","protected":false},"excerpt":{"rendered":"","protected":false},"featured_media":30018,"comment_status":"closed","ping_status":"closed","template":"","meta":[],"product_cat":[913,167],"product_tag":[],"class_list":{"0":"post-30017","1":"product","2":"type-product","3":"status-publish","4":"has-post-thumbnail","6":"product_cat-handlebars","7":"product_cat-bike-steering","8":"product_shipping_class-wisper-shipping-medium-items","9":"description-off","11":"first","12":"onbackorder","13":"taxable","14":"shipping-taxable","15":"product-type-simple"},"acf":[],"yoast_head":"<!-- This site is optimized with the Yoast SEO plugin v24.1 - https:\/\/yoast.com\/wordpress\/plugins\/seo\/ -->\n<title>Guid\u00e3o Wayfarer - Reto 635 mm | Roda | Wisper Bikes UK<\/title>\n<meta name=\"description\" content=\"Guid\u00e3o Wayfarer de alta qualidade - Reto 635 mm dispon\u00edvel do fabricante confi\u00e1vel n\u00famero 1, Wisper UK. Pronto para entrega no pr\u00f3ximo dia. Compre hoje!\" \/>\n<meta name=\"robots\" content=\"index, follow, max-snippet:-1, max-image-preview:large, max-video-preview:-1\" \/>\n<link rel=\"canonical\" href=\"https:\/\/wisperbikes.com\/pt\/shop\/accessories\/bike-steering\/wayfarer-handlebars-straight-635mm\/\" \/>\n<meta property=\"og:locale\" content=\"pt_PT\" \/>\n<meta property=\"og:type\" content=\"article\" \/>\n<meta property=\"og:title\" content=\"Guid\u00e3o Wayfarer - Reto 635 mm | Roda | Wisper Bikes UK\" \/>\n<meta property=\"og:description\" content=\"Guid\u00e3o Wayfarer de alta qualidade - Reto 635 mm dispon\u00edvel do fabricante confi\u00e1vel n\u00famero 1, Wisper UK. Pronto para entrega no pr\u00f3ximo dia. Compre hoje!\" \/>\n<meta property=\"og:url\" content=\"https:\/\/wisperbikes.com\/pt\/shop\/accessories\/bike-steering\/wayfarer-handlebars-straight-635mm\/\" \/>\n<meta property=\"og:site_name\" content=\"Wisper Bikes\" \/>\n<meta property=\"article:publisher\" content=\"https:\/\/www.facebook.com\/Amps.Bike\/\" \/>\n<meta property=\"article:modified_time\" content=\"2024-03-08T11:56:33+00:00\" \/>\n<meta property=\"og:image\" content=\"https:\/\/wisperbikes.com\/pt\/wp-content\/uploads\/2021\/02\/Wayfarer-Handlebars-Straight-635mm-scaled.jpg\" \/>\n\t<meta property=\"og:image:width\" content=\"2560\" \/>\n\t<meta property=\"og:image:height\" content=\"1920\" \/>\n\t<meta property=\"og:image:type\" content=\"image\/jpeg\" \/>\n<meta name=\"twitter:card\" content=\"summary_large_image\" \/>\n<meta name=\"twitter:site\" content=\"@wisperebikes\" \/>\n<script type=\"application\/ld+json\" class=\"yoast-schema-graph\">{\"@context\":\"https:\/\/schema.org\",\"@graph\":[{\"@type\":\"WebPage\",\"@id\":\"https:\/\/wisperbikes.com\/pt\/shop\/accessories\/bike-steering\/wayfarer-handlebars-straight-635mm\/\",\"url\":\"https:\/\/wisperbikes.com\/pt\/shop\/accessories\/bike-steering\/wayfarer-handlebars-straight-635mm\/\",\"name\":\"Guid\u00e3o Wayfarer - Reto 635 mm | Roda | Wisper Bikes UK\",\"isPartOf\":{\"@id\":\"https:\/\/wisperbikes.com\/pt\/#website\"},\"primaryImageOfPage\":{\"@id\":\"https:\/\/wisperbikes.com\/pt\/shop\/accessories\/bike-steering\/wayfarer-handlebars-straight-635mm\/#primaryimage\"},\"image\":{\"@id\":\"https:\/\/wisperbikes.com\/pt\/shop\/accessories\/bike-steering\/wayfarer-handlebars-straight-635mm\/#primaryimage\"},\"thumbnailUrl\":\"https:\/\/wisperbikes.com\/pt\/wp-content\/uploads\/2021\/02\/Wayfarer-Handlebars-Straight-635mm-scaled.jpg\",\"datePublished\":\"2021-02-11T13:55:06+00:00\",\"dateModified\":\"2024-03-08T11:56:33+00:00\",\"description\":\"Guid\u00e3o Wayfarer de alta qualidade - Reto 635 mm dispon\u00edvel do fabricante confi\u00e1vel n\u00famero 1, Wisper UK. Pronto para entrega no pr\u00f3ximo dia. Compre hoje!\",\"breadcrumb\":{\"@id\":\"https:\/\/wisperbikes.com\/pt\/shop\/accessories\/bike-steering\/wayfarer-handlebars-straight-635mm\/#breadcrumb\"},\"inLanguage\":\"pt-PT\",\"potentialAction\":[{\"@type\":\"ReadAction\",\"target\":[\"https:\/\/wisperbikes.com\/pt\/shop\/accessories\/bike-steering\/wayfarer-handlebars-straight-635mm\/\"]}]},{\"@type\":\"ImageObject\",\"inLanguage\":\"pt-PT\",\"@id\":\"https:\/\/wisperbikes.com\/pt\/shop\/accessories\/bike-steering\/wayfarer-handlebars-straight-635mm\/#primaryimage\",\"url\":\"https:\/\/wisperbikes.com\/pt\/wp-content\/uploads\/2021\/02\/Wayfarer-Handlebars-Straight-635mm-scaled.jpg\",\"contentUrl\":\"https:\/\/wisperbikes.com\/pt\/wp-content\/uploads\/2021\/02\/Wayfarer-Handlebars-Straight-635mm-scaled.jpg\",\"width\":2560,\"height\":1920,\"caption\":\"Wayfarer Handlebars - Straight 635mm\"},{\"@type\":\"BreadcrumbList\",\"@id\":\"https:\/\/wisperbikes.com\/pt\/shop\/accessories\/bike-steering\/wayfarer-handlebars-straight-635mm\/#breadcrumb\",\"itemListElement\":[{\"@type\":\"ListItem\",\"position\":1,\"name\":\"Home\",\"item\":\"https:\/\/wisperbikes.com\/pt\/\"},{\"@type\":\"ListItem\",\"position\":2,\"name\":\"Our Shop\",\"item\":\"https:\/\/wisperbikes.com\/pt\/shop\/\"},{\"@type\":\"ListItem\",\"position\":3,\"name\":\"Wayfarer Handlebars &#8211; Straight 635Mm\"}]},{\"@type\":\"WebSite\",\"@id\":\"https:\/\/wisperbikes.com\/pt\/#website\",\"url\":\"https:\/\/wisperbikes.com\/pt\/\",\"name\":\"Wisper Bikes\",\"description\":\"Electric Bikes\",\"publisher\":{\"@id\":\"https:\/\/wisperbikes.com\/pt\/#organization\"},\"potentialAction\":[{\"@type\":\"SearchAction\",\"target\":{\"@type\":\"EntryPoint\",\"urlTemplate\":\"https:\/\/wisperbikes.com\/pt\/?s={search_term_string}\"},\"query-input\":{\"@type\":\"PropertyValueSpecification\",\"valueRequired\":true,\"valueName\":\"search_term_string\"}}],\"inLanguage\":\"pt-PT\"},{\"@type\":\"Organization\",\"@id\":\"https:\/\/wisperbikes.com\/pt\/#organization\",\"name\":\"Wisper Electric Bikes\",\"alternateName\":\"Wisper E-Bikes\",\"url\":\"https:\/\/wisperbikes.com\/pt\/\",\"logo\":{\"@type\":\"ImageObject\",\"inLanguage\":\"pt-PT\",\"@id\":\"https:\/\/wisperbikes.com\/pt\/#\/schema\/logo\/image\/\",\"url\":\"https:\/\/wisperbikes.com\/pt\/wp-content\/uploads\/2021\/06\/WISPER-Logo.png\",\"contentUrl\":\"https:\/\/wisperbikes.com\/pt\/wp-content\/uploads\/2021\/06\/WISPER-Logo.png\",\"width\":250,\"height\":65,\"caption\":\"Wisper Electric Bikes\"},\"image\":{\"@id\":\"https:\/\/wisperbikes.com\/pt\/#\/schema\/logo\/image\/\"},\"sameAs\":[\"https:\/\/www.facebook.com\/Amps.Bike\/\",\"https:\/\/x.com\/wisperebikes\",\"https:\/\/www.instagram.com\/wisperbikes\/\"]}]}<\/script>\n<!-- \/ Yoast SEO plugin. -->","yoast_head_json":{"title":"Guid\u00e3o Wayfarer - Reto 635 mm | Roda | Wisper Bikes UK","description":"Guid\u00e3o Wayfarer de alta qualidade - Reto 635 mm dispon\u00edvel do fabricante confi\u00e1vel n\u00famero 1, Wisper UK. Pronto para entrega no pr\u00f3ximo dia. Compre hoje!","robots":{"index":"index","follow":"follow","max-snippet":"max-snippet:-1","max-image-preview":"max-image-preview:large","max-video-preview":"max-video-preview:-1"},"canonical":"https:\/\/wisperbikes.com\/pt\/shop\/accessories\/bike-steering\/wayfarer-handlebars-straight-635mm\/","og_locale":"pt_PT","og_type":"article","og_title":"Guid\u00e3o Wayfarer - Reto 635 mm | Roda | Wisper Bikes UK","og_description":"Guid\u00e3o Wayfarer de alta qualidade - Reto 635 mm dispon\u00edvel do fabricante confi\u00e1vel n\u00famero 1, Wisper UK. Pronto para entrega no pr\u00f3ximo dia. Compre hoje!","og_url":"https:\/\/wisperbikes.com\/pt\/shop\/accessories\/bike-steering\/wayfarer-handlebars-straight-635mm\/","og_site_name":"Wisper Bikes","article_publisher":"https:\/\/www.facebook.com\/Amps.Bike\/","article_modified_time":"2024-03-08T11:56:33+00:00","og_image":[{"width":2560,"height":1920,"url":"https:\/\/wisperbikes.com\/pt\/wp-content\/uploads\/2021\/02\/Wayfarer-Handlebars-Straight-635mm-scaled.jpg","type":"image\/jpeg"}],"twitter_card":"summary_large_image","twitter_site":"@wisperebikes","schema":{"@context":"https:\/\/schema.org","@graph":[{"@type":"WebPage","@id":"https:\/\/wisperbikes.com\/pt\/shop\/accessories\/bike-steering\/wayfarer-handlebars-straight-635mm\/","url":"https:\/\/wisperbikes.com\/pt\/shop\/accessories\/bike-steering\/wayfarer-handlebars-straight-635mm\/","name":"Guid\u00e3o Wayfarer - Reto 635 mm | Roda | Wisper Bikes UK","isPartOf":{"@id":"https:\/\/wisperbikes.com\/pt\/#website"},"primaryImageOfPage":{"@id":"https:\/\/wisperbikes.com\/pt\/shop\/accessories\/bike-steering\/wayfarer-handlebars-straight-635mm\/#primaryimage"},"image":{"@id":"https:\/\/wisperbikes.com\/pt\/shop\/accessories\/bike-steering\/wayfarer-handlebars-straight-635mm\/#primaryimage"},"thumbnailUrl":"https:\/\/wisperbikes.com\/pt\/wp-content\/uploads\/2021\/02\/Wayfarer-Handlebars-Straight-635mm-scaled.jpg","datePublished":"2021-02-11T13:55:06+00:00","dateModified":"2024-03-08T11:56:33+00:00","description":"Guid\u00e3o Wayfarer de alta qualidade - Reto 635 mm dispon\u00edvel do fabricante confi\u00e1vel n\u00famero 1, Wisper UK. Pronto para entrega no pr\u00f3ximo dia. Compre hoje!","breadcrumb":{"@id":"https:\/\/wisperbikes.com\/pt\/shop\/accessories\/bike-steering\/wayfarer-handlebars-straight-635mm\/#breadcrumb"},"inLanguage":"pt-PT","potentialAction":[{"@type":"ReadAction","target":["https:\/\/wisperbikes.com\/pt\/shop\/accessories\/bike-steering\/wayfarer-handlebars-straight-635mm\/"]}]},{"@type":"ImageObject","inLanguage":"pt-PT","@id":"https:\/\/wisperbikes.com\/pt\/shop\/accessories\/bike-steering\/wayfarer-handlebars-straight-635mm\/#primaryimage","url":"https:\/\/wisperbikes.com\/pt\/wp-content\/uploads\/2021\/02\/Wayfarer-Handlebars-Straight-635mm-scaled.jpg","contentUrl":"https:\/\/wisperbikes.com\/pt\/wp-content\/uploads\/2021\/02\/Wayfarer-Handlebars-Straight-635mm-scaled.jpg","width":2560,"height":1920,"caption":"Wayfarer Handlebars - Straight 635mm"},{"@type":"BreadcrumbList","@id":"https:\/\/wisperbikes.com\/pt\/shop\/accessories\/bike-steering\/wayfarer-handlebars-straight-635mm\/#breadcrumb","itemListElement":[{"@type":"ListItem","position":1,"name":"Home","item":"https:\/\/wisperbikes.com\/pt\/"},{"@type":"ListItem","position":2,"name":"Our Shop","item":"https:\/\/wisperbikes.com\/pt\/shop\/"},{"@type":"ListItem","position":3,"name":"Wayfarer Handlebars &#8211; Straight 635Mm"}]},{"@type":"WebSite","@id":"https:\/\/wisperbikes.com\/pt\/#website","url":"https:\/\/wisperbikes.com\/pt\/","name":"Wisper Bikes","description":"Electric Bikes","publisher":{"@id":"https:\/\/wisperbikes.com\/pt\/#organization"},"potentialAction":[{"@type":"SearchAction","target":{"@type":"EntryPoint","urlTemplate":"https:\/\/wisperbikes.com\/pt\/?s={search_term_string}"},"query-input":{"@type":"PropertyValueSpecification","valueRequired":true,"valueName":"search_term_string"}}],"inLanguage":"pt-PT"},{"@type":"Organization","@id":"https:\/\/wisperbikes.com\/pt\/#organization","name":"Wisper Electric Bikes","alternateName":"Wisper E-Bikes","url":"https:\/\/wisperbikes.com\/pt\/","logo":{"@type":"ImageObject","inLanguage":"pt-PT","@id":"https:\/\/wisperbikes.com\/pt\/#\/schema\/logo\/image\/","url":"https:\/\/wisperbikes.com\/pt\/wp-content\/uploads\/2021\/06\/WISPER-Logo.png","contentUrl":"https:\/\/wisperbikes.com\/pt\/wp-content\/uploads\/2021\/06\/WISPER-Logo.png","width":250,"height":65,"caption":"Wisper Electric Bikes"},"image":{"@id":"https:\/\/wisperbikes.com\/pt\/#\/schema\/logo\/image\/"},"sameAs":["https:\/\/www.facebook.com\/Amps.Bike\/","https:\/\/x.com\/wisperebikes","https:\/\/www.instagram.com\/wisperbikes\/"]}]}},"_links":{"self":[{"href":"https:\/\/wisperbikes.com\/pt\/wp-json\/wp\/v2\/product\/30017","targetHints":{"allow":["GET"]}}],"collection":[{"href":"https:\/\/wisperbikes.com\/pt\/wp-json\/wp\/v2\/product"}],"about":[{"href":"https:\/\/wisperbikes.com\/pt\/wp-json\/wp\/v2\/types\/product"}],"replies":[{"embeddable":true,"href":"https:\/\/wisperbikes.com\/pt\/wp-json\/wp\/v2\/comments?post=30017"}],"wp:featuredmedia":[{"embeddable":true,"href":"https:\/\/wisperbikes.com\/pt\/wp-json\/wp\/v2\/media\/30018"}],"wp:attachment":[{"href":"https:\/\/wisperbikes.com\/pt\/wp-json\/wp\/v2\/media?parent=30017"}],"wp:term":[{"taxonomy":"product_cat","embeddable":true,"href":"https:\/\/wisperbikes.com\/pt\/wp-json\/wp\/v2\/product_cat?post=30017"},{"taxonomy":"product_tag","embeddable":true,"href":"https:\/\/wisperbikes.com\/pt\/wp-json\/wp\/v2\/product_tag?post=30017"}],"curies":[{"name":"wp","href":"https:\/\/api.w.org\/{rel}","templated":true}]}}