{"id":30054,"date":"2021-02-15T13:45:54","date_gmt":"2021-02-15T13:45:54","guid":{"rendered":"https:\/\/wisperbikes.com\/pt\/?post_type=product&#038;p=30054"},"modified":"2024-03-01T09:14:23","modified_gmt":"2024-03-01T09:14:23","slug":"wisper-se-2019-display","status":"publish","type":"product","link":"https:\/\/wisperbikes.com\/pt\/shop\/electronic\/wisper-se-2019-display\/","title":{"rendered":"Wisper SE 2019 Display"},"content":{"rendered":"","protected":false},"excerpt":{"rendered":"","protected":false},"featured_media":30055,"comment_status":"closed","ping_status":"closed","template":"","meta":[],"product_cat":[169],"product_tag":[],"class_list":{"0":"post-30054","1":"product","2":"type-product","3":"status-publish","4":"has-post-thumbnail","6":"product_cat-electronic","7":"product_shipping_class-wisper-shipping-small-items","8":"description-off","10":"first","11":"instock","12":"taxable","13":"shipping-taxable","14":"product-type-simple"},"acf":[],"yoast_head":"<!-- This site is optimized with the Yoast SEO plugin v24.1 - https:\/\/yoast.com\/wordpress\/plugins\/seo\/ -->\n<title>Visor Wisper SE 2019 | Eletr\u00f4nicos | Wisper<\/title>\n<meta name=\"description\" content=\"Pegue o incr\u00edvel Painel Wisper SE 2019 da Wisper UK, o principal fabricante de pe\u00e7as e acess\u00f3rios para e-bikes. Entrega no pr\u00f3ximo dia!\" \/>\n<meta name=\"robots\" content=\"index, follow, max-snippet:-1, max-image-preview:large, max-video-preview:-1\" \/>\n<link rel=\"canonical\" href=\"https:\/\/wisperbikes.com\/pt\/shop\/electronic\/wisper-se-2019-display\/\" \/>\n<meta property=\"og:locale\" content=\"pt_PT\" \/>\n<meta property=\"og:type\" content=\"article\" \/>\n<meta property=\"og:title\" content=\"Visor Wisper SE 2019 | Eletr\u00f4nicos | Wisper\" \/>\n<meta property=\"og:description\" content=\"Pegue o incr\u00edvel Painel Wisper SE 2019 da Wisper UK, o principal fabricante de pe\u00e7as e acess\u00f3rios para e-bikes. Entrega no pr\u00f3ximo dia!\" \/>\n<meta property=\"og:url\" content=\"https:\/\/wisperbikes.com\/pt\/shop\/electronic\/wisper-se-2019-display\/\" \/>\n<meta property=\"og:site_name\" content=\"Wisper Bikes\" \/>\n<meta property=\"article:publisher\" content=\"https:\/\/www.facebook.com\/Amps.Bike\/\" \/>\n<meta property=\"article:modified_time\" content=\"2024-03-01T09:14:23+00:00\" \/>\n<meta property=\"og:image\" content=\"https:\/\/wisperbikes.com\/pt\/wp-content\/uploads\/2021\/02\/SE-2019-Display-scaled.jpg\" \/>\n\t<meta property=\"og:image:width\" content=\"1920\" \/>\n\t<meta property=\"og:image:height\" content=\"2560\" \/>\n\t<meta property=\"og:image:type\" content=\"image\/jpeg\" \/>\n<meta name=\"twitter:card\" content=\"summary_large_image\" \/>\n<meta name=\"twitter:site\" content=\"@wisperebikes\" \/>\n<script type=\"application\/ld+json\" class=\"yoast-schema-graph\">{\"@context\":\"https:\/\/schema.org\",\"@graph\":[{\"@type\":\"WebPage\",\"@id\":\"https:\/\/wisperbikes.com\/pt\/shop\/electronic\/wisper-se-2019-display\/\",\"url\":\"https:\/\/wisperbikes.com\/pt\/shop\/electronic\/wisper-se-2019-display\/\",\"name\":\"Visor Wisper SE 2019 | Eletr\u00f4nicos | Wisper\",\"isPartOf\":{\"@id\":\"https:\/\/wisperbikes.com\/pt\/#website\"},\"primaryImageOfPage\":{\"@id\":\"https:\/\/wisperbikes.com\/pt\/shop\/electronic\/wisper-se-2019-display\/#primaryimage\"},\"image\":{\"@id\":\"https:\/\/wisperbikes.com\/pt\/shop\/electronic\/wisper-se-2019-display\/#primaryimage\"},\"thumbnailUrl\":\"https:\/\/wisperbikes.com\/pt\/wp-content\/uploads\/2021\/02\/SE-2019-Display-scaled.jpg\",\"datePublished\":\"2021-02-15T13:45:54+00:00\",\"dateModified\":\"2024-03-01T09:14:23+00:00\",\"description\":\"Pegue o incr\u00edvel Painel Wisper SE 2019 da Wisper UK, o principal fabricante de pe\u00e7as e acess\u00f3rios para e-bikes. Entrega no pr\u00f3ximo dia!\",\"breadcrumb\":{\"@id\":\"https:\/\/wisperbikes.com\/pt\/shop\/electronic\/wisper-se-2019-display\/#breadcrumb\"},\"inLanguage\":\"pt-PT\",\"potentialAction\":[{\"@type\":\"ReadAction\",\"target\":[\"https:\/\/wisperbikes.com\/pt\/shop\/electronic\/wisper-se-2019-display\/\"]}]},{\"@type\":\"ImageObject\",\"inLanguage\":\"pt-PT\",\"@id\":\"https:\/\/wisperbikes.com\/pt\/shop\/electronic\/wisper-se-2019-display\/#primaryimage\",\"url\":\"https:\/\/wisperbikes.com\/pt\/wp-content\/uploads\/2021\/02\/SE-2019-Display-scaled.jpg\",\"contentUrl\":\"https:\/\/wisperbikes.com\/pt\/wp-content\/uploads\/2021\/02\/SE-2019-Display-scaled.jpg\",\"width\":1920,\"height\":2560,\"caption\":\"Wisper Se 2019 Display\"},{\"@type\":\"BreadcrumbList\",\"@id\":\"https:\/\/wisperbikes.com\/pt\/shop\/electronic\/wisper-se-2019-display\/#breadcrumb\",\"itemListElement\":[{\"@type\":\"ListItem\",\"position\":1,\"name\":\"Home\",\"item\":\"https:\/\/wisperbikes.com\/pt\/\"},{\"@type\":\"ListItem\",\"position\":2,\"name\":\"Our Shop\",\"item\":\"https:\/\/wisperbikes.com\/pt\/shop\/\"},{\"@type\":\"ListItem\",\"position\":3,\"name\":\"Wisper SE 2019 Display\"}]},{\"@type\":\"WebSite\",\"@id\":\"https:\/\/wisperbikes.com\/pt\/#website\",\"url\":\"https:\/\/wisperbikes.com\/pt\/\",\"name\":\"Wisper Bikes\",\"description\":\"Electric Bikes\",\"publisher\":{\"@id\":\"https:\/\/wisperbikes.com\/pt\/#organization\"},\"potentialAction\":[{\"@type\":\"SearchAction\",\"target\":{\"@type\":\"EntryPoint\",\"urlTemplate\":\"https:\/\/wisperbikes.com\/pt\/?s={search_term_string}\"},\"query-input\":{\"@type\":\"PropertyValueSpecification\",\"valueRequired\":true,\"valueName\":\"search_term_string\"}}],\"inLanguage\":\"pt-PT\"},{\"@type\":\"Organization\",\"@id\":\"https:\/\/wisperbikes.com\/pt\/#organization\",\"name\":\"Wisper Electric Bikes\",\"alternateName\":\"Wisper E-Bikes\",\"url\":\"https:\/\/wisperbikes.com\/pt\/\",\"logo\":{\"@type\":\"ImageObject\",\"inLanguage\":\"pt-PT\",\"@id\":\"https:\/\/wisperbikes.com\/pt\/#\/schema\/logo\/image\/\",\"url\":\"https:\/\/wisperbikes.com\/pt\/wp-content\/uploads\/2021\/06\/WISPER-Logo.png\",\"contentUrl\":\"https:\/\/wisperbikes.com\/pt\/wp-content\/uploads\/2021\/06\/WISPER-Logo.png\",\"width\":250,\"height\":65,\"caption\":\"Wisper Electric Bikes\"},\"image\":{\"@id\":\"https:\/\/wisperbikes.com\/pt\/#\/schema\/logo\/image\/\"},\"sameAs\":[\"https:\/\/www.facebook.com\/Amps.Bike\/\",\"https:\/\/x.com\/wisperebikes\",\"https:\/\/www.instagram.com\/wisperbikes\/\"]}]}<\/script>\n<!-- \/ Yoast SEO plugin. -->","yoast_head_json":{"title":"Visor Wisper SE 2019 | Eletr\u00f4nicos | Wisper","description":"Pegue o incr\u00edvel Painel Wisper SE 2019 da Wisper UK, o principal fabricante de pe\u00e7as e acess\u00f3rios para e-bikes. Entrega no pr\u00f3ximo dia!","robots":{"index":"index","follow":"follow","max-snippet":"max-snippet:-1","max-image-preview":"max-image-preview:large","max-video-preview":"max-video-preview:-1"},"canonical":"https:\/\/wisperbikes.com\/pt\/shop\/electronic\/wisper-se-2019-display\/","og_locale":"pt_PT","og_type":"article","og_title":"Visor Wisper SE 2019 | Eletr\u00f4nicos | Wisper","og_description":"Pegue o incr\u00edvel Painel Wisper SE 2019 da Wisper UK, o principal fabricante de pe\u00e7as e acess\u00f3rios para e-bikes. Entrega no pr\u00f3ximo dia!","og_url":"https:\/\/wisperbikes.com\/pt\/shop\/electronic\/wisper-se-2019-display\/","og_site_name":"Wisper Bikes","article_publisher":"https:\/\/www.facebook.com\/Amps.Bike\/","article_modified_time":"2024-03-01T09:14:23+00:00","og_image":[{"width":1920,"height":2560,"url":"https:\/\/wisperbikes.com\/pt\/wp-content\/uploads\/2021\/02\/SE-2019-Display-scaled.jpg","type":"image\/jpeg"}],"twitter_card":"summary_large_image","twitter_site":"@wisperebikes","schema":{"@context":"https:\/\/schema.org","@graph":[{"@type":"WebPage","@id":"https:\/\/wisperbikes.com\/pt\/shop\/electronic\/wisper-se-2019-display\/","url":"https:\/\/wisperbikes.com\/pt\/shop\/electronic\/wisper-se-2019-display\/","name":"Visor Wisper SE 2019 | Eletr\u00f4nicos | Wisper","isPartOf":{"@id":"https:\/\/wisperbikes.com\/pt\/#website"},"primaryImageOfPage":{"@id":"https:\/\/wisperbikes.com\/pt\/shop\/electronic\/wisper-se-2019-display\/#primaryimage"},"image":{"@id":"https:\/\/wisperbikes.com\/pt\/shop\/electronic\/wisper-se-2019-display\/#primaryimage"},"thumbnailUrl":"https:\/\/wisperbikes.com\/pt\/wp-content\/uploads\/2021\/02\/SE-2019-Display-scaled.jpg","datePublished":"2021-02-15T13:45:54+00:00","dateModified":"2024-03-01T09:14:23+00:00","description":"Pegue o incr\u00edvel Painel Wisper SE 2019 da Wisper UK, o principal fabricante de pe\u00e7as e acess\u00f3rios para e-bikes. Entrega no pr\u00f3ximo dia!","breadcrumb":{"@id":"https:\/\/wisperbikes.com\/pt\/shop\/electronic\/wisper-se-2019-display\/#breadcrumb"},"inLanguage":"pt-PT","potentialAction":[{"@type":"ReadAction","target":["https:\/\/wisperbikes.com\/pt\/shop\/electronic\/wisper-se-2019-display\/"]}]},{"@type":"ImageObject","inLanguage":"pt-PT","@id":"https:\/\/wisperbikes.com\/pt\/shop\/electronic\/wisper-se-2019-display\/#primaryimage","url":"https:\/\/wisperbikes.com\/pt\/wp-content\/uploads\/2021\/02\/SE-2019-Display-scaled.jpg","contentUrl":"https:\/\/wisperbikes.com\/pt\/wp-content\/uploads\/2021\/02\/SE-2019-Display-scaled.jpg","width":1920,"height":2560,"caption":"Wisper Se 2019 Display"},{"@type":"BreadcrumbList","@id":"https:\/\/wisperbikes.com\/pt\/shop\/electronic\/wisper-se-2019-display\/#breadcrumb","itemListElement":[{"@type":"ListItem","position":1,"name":"Home","item":"https:\/\/wisperbikes.com\/pt\/"},{"@type":"ListItem","position":2,"name":"Our Shop","item":"https:\/\/wisperbikes.com\/pt\/shop\/"},{"@type":"ListItem","position":3,"name":"Wisper SE 2019 Display"}]},{"@type":"WebSite","@id":"https:\/\/wisperbikes.com\/pt\/#website","url":"https:\/\/wisperbikes.com\/pt\/","name":"Wisper Bikes","description":"Electric Bikes","publisher":{"@id":"https:\/\/wisperbikes.com\/pt\/#organization"},"potentialAction":[{"@type":"SearchAction","target":{"@type":"EntryPoint","urlTemplate":"https:\/\/wisperbikes.com\/pt\/?s={search_term_string}"},"query-input":{"@type":"PropertyValueSpecification","valueRequired":true,"valueName":"search_term_string"}}],"inLanguage":"pt-PT"},{"@type":"Organization","@id":"https:\/\/wisperbikes.com\/pt\/#organization","name":"Wisper Electric Bikes","alternateName":"Wisper E-Bikes","url":"https:\/\/wisperbikes.com\/pt\/","logo":{"@type":"ImageObject","inLanguage":"pt-PT","@id":"https:\/\/wisperbikes.com\/pt\/#\/schema\/logo\/image\/","url":"https:\/\/wisperbikes.com\/pt\/wp-content\/uploads\/2021\/06\/WISPER-Logo.png","contentUrl":"https:\/\/wisperbikes.com\/pt\/wp-content\/uploads\/2021\/06\/WISPER-Logo.png","width":250,"height":65,"caption":"Wisper Electric Bikes"},"image":{"@id":"https:\/\/wisperbikes.com\/pt\/#\/schema\/logo\/image\/"},"sameAs":["https:\/\/www.facebook.com\/Amps.Bike\/","https:\/\/x.com\/wisperebikes","https:\/\/www.instagram.com\/wisperbikes\/"]}]}},"_links":{"self":[{"href":"https:\/\/wisperbikes.com\/pt\/wp-json\/wp\/v2\/product\/30054","targetHints":{"allow":["GET"]}}],"collection":[{"href":"https:\/\/wisperbikes.com\/pt\/wp-json\/wp\/v2\/product"}],"about":[{"href":"https:\/\/wisperbikes.com\/pt\/wp-json\/wp\/v2\/types\/product"}],"replies":[{"embeddable":true,"href":"https:\/\/wisperbikes.com\/pt\/wp-json\/wp\/v2\/comments?post=30054"}],"wp:featuredmedia":[{"embeddable":true,"href":"https:\/\/wisperbikes.com\/pt\/wp-json\/wp\/v2\/media\/30055"}],"wp:attachment":[{"href":"https:\/\/wisperbikes.com\/pt\/wp-json\/wp\/v2\/media?parent=30054"}],"wp:term":[{"taxonomy":"product_cat","embeddable":true,"href":"https:\/\/wisperbikes.com\/pt\/wp-json\/wp\/v2\/product_cat?post=30054"},{"taxonomy":"product_tag","embeddable":true,"href":"https:\/\/wisperbikes.com\/pt\/wp-json\/wp\/v2\/product_tag?post=30054"}],"curies":[{"name":"wp","href":"https:\/\/api.w.org\/{rel}","templated":true}]}}