{"id":30758,"date":"2021-04-30T17:31:26","date_gmt":"2021-04-30T17:31:26","guid":{"rendered":"https:\/\/wisperbikes.com\/pt\/?post_type=product&#038;p=30758"},"modified":"2023-08-23T17:27:49","modified_gmt":"2023-08-23T17:27:49","slug":"wisper-705-26","status":"publish","type":"product","link":"https:\/\/wisperbikes.com\/pt\/shop\/e-bikes\/step-through-ebikes\/wisper-705-26\/","title":{"rendered":"Wisper 705 26\u201d Step-Through eBike"},"content":{"rendered":"<p><span data-sheets-value=\"{&quot;1&quot;:2,&quot;2&quot;:&quot;&quot;}\" data-sheets-userformat=\"{&quot;2&quot;:513,&quot;3&quot;:{&quot;1&quot;:0},&quot;12&quot;:0}\"><script type=\"application\/ld+json\">\r\n{\r\n  \"@context\": \"https:\/\/schema.org\/\", \r\n  \"@type\": \"Product\", \r\n  \"name\": \"Wisper 705 26\u201d Step-Through EBike\",\r\n  \"image\": \"https:\/\/wisperbikes.com\/pt\/wp-content\/uploads\/2022\/09\/705-26-Red.jpg\",\r\n  \"description\": \"Representing excellent value for money the 705 Step-through Electric Bike is Wisper\u2019s go to bike and the perfect choice for shopping, commuting or long country rides.\r\n\r\nYou can customise your own Wisper 705 Step-Through ebike today by simply selecting from a range of battery, power unit and colour options.\",\r\n  \"brand\": {\r\n    \"@type\": \"Brand\",\r\n    \"name\": \"Wisper Electric Bikes\"\r\n  },\r\n  \"offers\": {\r\n    \"@type\": \"AggregateOffer\",\r\n    \"url\": \"https:\/\/wisperbikes.com\/pt\/shop\/e-bikes\/step-through-ebikes\/wisper-705-26\/\",\r\n    \"priceCurrency\": \"GBP\",\r\n    \"lowPrice\": \"1599\",\r\n    \"highPrice\": \"2599\"\r\n  },\r\n  \"aggregateRating\": {\r\n    \"@type\": \"AggregateRating\",\r\n    \"ratingValue\": \"5\",\r\n    \"bestRating\": \"5\",\r\n    \"worstRating\": \"1\",\r\n    \"ratingCount\": \"4\",\r\n    \"reviewCount\": \"4\"\r\n  },\r\n  \"review\": [{\r\n    \"@type\": \"Review\",\r\n    \"name\": \"Cusstomer\",\r\n    \"reviewBody\": \"We have bought two Wisper bikes one for me and one for my wife 705 and a wayfaire we are very pleased with them and can\u2019t believe how well balanced they are we can\u2019t wait to get back on them\",\r\n    \"reviewRating\": {\r\n      \"@type\": \"Rating\",\r\n      \"ratingValue\": \"5\",\r\n      \"bestRating\": \"5\",\r\n      \"worstRating\": \"1\"\r\n    },\r\n    \"datePublished\": \"2020-10-20\",\r\n    \"author\": {\"@type\": \"Person\", \"name\": \"Cusstomer\"},\r\n    \"publisher\": {\"@type\": \"Organization\", \"name\": \"Wisper Electric Bikes\"}\r\n  },{\r\n    \"@type\": \"Review\",\r\n    \"name\": \"Brightonian\",\r\n    \"reviewBody\": \"Well made but not especially \u201ccool-looking\u201d I\u2019m just getting the hang of this 705 step-through bike. It is strong and well-made, with high quality braking system, and suspension. The design indicates rectitude rather than machismo. The sudden burst of power takes a bit of getting used to \u2013 but enables me to go up hills without too much effort. It\u2019s a heavy beast to manhandle through the hall way \u2013 but it adds a new dimension to routes and distances that I would not have attempted without the electric assistance.\",\r\n    \"reviewRating\": {\r\n      \"@type\": \"Rating\",\r\n      \"ratingValue\": \"5\",\r\n      \"bestRating\": \"5\",\r\n      \"worstRating\": \"1\"\r\n    },\r\n    \"datePublished\": \"2020-12-13\",\r\n    \"author\": {\"@type\": \"Person\", \"name\": \"Brightonian\"},\r\n    \"publisher\": {\"@type\": \"Organization\", \"name\": \"Wisper Electric Bikes\"}\r\n  },{\r\n    \"@type\": \"Review\",\r\n    \"name\": \"Bernie\",\r\n    \"reviewBody\": \"My wife and I are really pleased with our Wisper bikes. I bought the Wayfarer Adventure and my wofe bought the 705 26inch step through. Both have been on over 2,000 kilometeres of riding on National Cycle Network roads and off road gravel paths and have been very powerful with ranges of 90k + per ride.Super bikes, very robust and from recent experience able to cope with extremely wet weather! Great support as well as we bought one bike from head office at Kemsing and the other from a Dartford dealer bates-ebikes.\",\r\n    \"reviewRating\": {\r\n      \"@type\": \"Rating\",\r\n      \"ratingValue\": \"5\",\r\n      \"bestRating\": \"5\",\r\n      \"worstRating\": \"1\"\r\n    },\r\n    \"datePublished\": \"2021-02-13\",\r\n    \"author\": {\"@type\": \"Person\", \"name\": \"Bernie\"},\r\n    \"publisher\": {\"@type\": \"Organization\", \"name\": \"Wisper Electric Bikes\"}\r\n  },{\r\n    \"@type\": \"Review\",\r\n    \"name\": \"Customer\",\r\n    \"reviewBody\": \"Was pleased when this bike arrived and very pleased now I have done some riding. I feel the quality is good, nothing feels cheap or weak, it is solid and very comfortable. Saddle and handlebars are easy to adjust. Its reactions are instant, & the gearing is smooth and accurate. Battery is proving very efficient and if you are still prepared to pedal and get some exercise & not call on the power continuously, then the mileage is terrific. I will add that I believe the quotes for average mileage is accurate too. Very pleased with this purchase and also think the price was on the money.\",\r\n    \"reviewRating\": {\r\n      \"@type\": \"Rating\",\r\n      \"ratingValue\": \"5\",\r\n      \"bestRating\": \"5\",\r\n      \"worstRating\": \"1\"\r\n    },\r\n    \"datePublished\": \"2022-02-22\",\r\n    \"author\": {\"@type\": \"Person\", \"name\": \"Customer\"},\r\n    \"publisher\": {\"@type\": \"Organization\", \"name\": \"Wisper Electric Bikes\"}\r\n  }]\r\n}\r\n<\/script><\/span><\/p>\n<p><span data-sheets-value=\"{&quot;1&quot;:2,&quot;2&quot;:&quot;Para mais informa\u00e7\u00f5es sobre a op\u00e7\u00e3o Full Throttle, clica aqui.&quot;}\" data-sheets-userformat=\"{&quot;2&quot;:15171,&quot;3&quot;:{&quot;1&quot;:0},&quot;4&quot;:{&quot;1&quot;:2,&quot;2&quot;:16777215},&quot;9&quot;:0,&quot;11&quot;:3,&quot;12&quot;:0,&quot;14&quot;:{&quot;1&quot;:2,&quot;2&quot;:0},&quot;15&quot;:&quot;Rubik, sans-serif&quot;,&quot;16&quot;:12}\">Para mais informa\u00e7\u00f5es sobre a op\u00e7\u00e3o Full Throttle, <a href=\"https:\/\/wisperbikes.com\/pt\/full-throttle-option\/\">clica aqui<\/a>.<\/span><\/p>\n<h3><span data-sheets-value=\"{&quot;1&quot;:2,&quot;2&quot;:&quot;Especifica\u00e7\u00f5es T\u00e9cnicas&quot;}\" data-sheets-userformat=\"{&quot;2&quot;:15171,&quot;3&quot;:{&quot;1&quot;:0},&quot;4&quot;:{&quot;1&quot;:2,&quot;2&quot;:16777215},&quot;9&quot;:0,&quot;11&quot;:3,&quot;12&quot;:0,&quot;14&quot;:{&quot;1&quot;:2,&quot;2&quot;:0},&quot;15&quot;:&quot;Rubik, sans-serif&quot;,&quot;16&quot;:12}\">Especifica\u00e7\u00f5es T\u00e9cnicas<\/span><\/h3>\n<h4>Motor<\/h4>\n<p><span data-sheets-value=\"{&quot;1&quot;:2,&quot;2&quot;:&quot;Wisper de alta efici\u00eancia, motor sem escovas de 250W e alto torque&quot;}\" data-sheets-userformat=\"{&quot;2&quot;:15171,&quot;3&quot;:{&quot;1&quot;:0},&quot;4&quot;:{&quot;1&quot;:2,&quot;2&quot;:16777215},&quot;9&quot;:0,&quot;11&quot;:3,&quot;12&quot;:0,&quot;14&quot;:{&quot;1&quot;:2,&quot;2&quot;:0},&quot;15&quot;:&quot;Rubik, sans-serif&quot;,&quot;16&quot;:12}\">Wisper de alta efici\u00eancia, motor sem escovas de 250W e alto torque<\/span><\/p>\n<h4>Lithium Battery<\/h4>\n<p><span data-sheets-value=\"{&quot;1&quot;:2,&quot;2&quot;:&quot;Autonomia m\u00e9dia 375Wh - M\u00e1ximo 50 milhas (~80 km)&quot;}\" data-sheets-userformat=\"{&quot;2&quot;:15171,&quot;3&quot;:{&quot;1&quot;:0},&quot;4&quot;:{&quot;1&quot;:2,&quot;2&quot;:16777215},&quot;9&quot;:0,&quot;11&quot;:3,&quot;12&quot;:0,&quot;14&quot;:{&quot;1&quot;:2,&quot;2&quot;:0},&quot;15&quot;:&quot;Rubik, sans-serif&quot;,&quot;16&quot;:12}\">Autonomia m\u00e9dia 375Wh &#8211; M\u00e1ximo 50 milhas (~80 km)<\/span><br \/>\n<span data-sheets-value=\"{&quot;1&quot;:2,&quot;2&quot;:&quot;Autonomia longa 575Wh - M\u00e1ximo 75 milhas (~120 km)&quot;}\" data-sheets-userformat=\"{&quot;2&quot;:15171,&quot;3&quot;:{&quot;1&quot;:0},&quot;4&quot;:{&quot;1&quot;:2,&quot;2&quot;:16777215},&quot;9&quot;:0,&quot;11&quot;:3,&quot;12&quot;:0,&quot;14&quot;:{&quot;1&quot;:2,&quot;2&quot;:0},&quot;15&quot;:&quot;Rubik, sans-serif&quot;,&quot;16&quot;:12}\">Autonomia longa 575Wh &#8211; M\u00e1ximo 75 milhas (~120 km)<\/span><br \/>\n<span data-sheets-value=\"{&quot;1&quot;:2,&quot;2&quot;:&quot;Autonomia mega 700W - M\u00e1ximo 100 milhas (~160 km)&quot;}\" data-sheets-userformat=\"{&quot;2&quot;:15171,&quot;3&quot;:{&quot;1&quot;:0},&quot;4&quot;:{&quot;1&quot;:2,&quot;2&quot;:16777215},&quot;9&quot;:0,&quot;11&quot;:3,&quot;12&quot;:0,&quot;14&quot;:{&quot;1&quot;:2,&quot;2&quot;:0},&quot;15&quot;:&quot;Rubik, sans-serif&quot;,&quot;16&quot;:12}\">Autonomia mega 700W &#8211; M\u00e1ximo 100 milhas (~160 km)<\/span><\/p>\n<p>*By upgrading to our high efficiency Torque Power Pack range may be extended by up to 30%<\/p>\n<h4><span data-sheets-value=\"{&quot;1&quot;:2,&quot;2&quot;:&quot;Ao atualizares para o nosso Torque Power Pack de alta efici\u00eancia, a autonomia pode ser aumentada em at\u00e9 30%&quot;}\" data-sheets-userformat=\"{&quot;2&quot;:15171,&quot;3&quot;:{&quot;1&quot;:0},&quot;4&quot;:{&quot;1&quot;:2,&quot;2&quot;:16777215},&quot;9&quot;:0,&quot;11&quot;:3,&quot;12&quot;:0,&quot;14&quot;:{&quot;1&quot;:2,&quot;2&quot;:0},&quot;15&quot;:&quot;Rubik, sans-serif&quot;,&quot;16&quot;:12}\">Ao atualizares para o nosso Torque Power Pack de alta efici\u00eancia, a autonomia pode ser aumentada em at\u00e9 30%<\/span><\/h4>\n<p><span data-sheets-value=\"{&quot;1&quot;:2,&quot;2&quot;:&quot;Usar a tua bicicleta Wisper s\u00f3 no acelerador reduz a tua autonomia at\u00e9 35% e o TTP n\u00e3o vai ajudar a aumentar essa autonomia se estiveres s\u00f3 a usar o acelerador. Mesmo que a tua bicicleta tenha sido atualizada para funcionar apenas no acelerador, ainda recomendamos pedalar sempre que conseguires. Usa o modo de s\u00f3 acelerador quando precisares de descansar ou para ajudar a arrancar.&quot;}\" data-sheets-userformat=\"{&quot;2&quot;:15171,&quot;3&quot;:{&quot;1&quot;:0},&quot;4&quot;:{&quot;1&quot;:2,&quot;2&quot;:16777215},&quot;9&quot;:0,&quot;11&quot;:3,&quot;12&quot;:0,&quot;14&quot;:{&quot;1&quot;:2,&quot;2&quot;:0},&quot;15&quot;:&quot;Rubik, sans-serif&quot;,&quot;16&quot;:12}\">Usar a tua bicicleta Wisper s\u00f3 no acelerador reduz a tua autonomia at\u00e9 35% e o TTP n\u00e3o vai ajudar a aumentar essa autonomia se estiveres s\u00f3 a usar o acelerador. Mesmo que a tua bicicleta tenha sido atualizada para funcionar apenas no acelerador, ainda recomendamos pedalar sempre que conseguires. Usa o modo de s\u00f3 acelerador quando precisares de descansar ou para ajudar a arrancar.<\/span><\/p>\n<h4><span data-sheets-value=\"{&quot;1&quot;:2,&quot;2&quot;:&quot;Controles&quot;}\" data-sheets-userformat=\"{&quot;2&quot;:15171,&quot;3&quot;:{&quot;1&quot;:0},&quot;4&quot;:{&quot;1&quot;:2,&quot;2&quot;:16777215},&quot;9&quot;:0,&quot;11&quot;:3,&quot;12&quot;:0,&quot;14&quot;:{&quot;1&quot;:2,&quot;2&quot;:0},&quot;15&quot;:&quot;Rubik, sans-serif&quot;,&quot;16&quot;:12}\">Controles<\/span><\/h4>\n<p><span data-sheets-value=\"{&quot;1&quot;:2,&quot;2&quot;:&quot;Ecr\u00e3 LCD retroiluminado da Wisper&quot;}\" data-sheets-userformat=\"{&quot;2&quot;:15171,&quot;3&quot;:{&quot;1&quot;:0},&quot;4&quot;:{&quot;1&quot;:2,&quot;2&quot;:16777215},&quot;9&quot;:0,&quot;11&quot;:3,&quot;12&quot;:0,&quot;14&quot;:{&quot;1&quot;:2,&quot;2&quot;:0},&quot;15&quot;:&quot;Rubik, sans-serif&quot;,&quot;16&quot;:12}\">Ecr\u00e3 LCD retroiluminado da Wisper<\/span><\/p>\n<h4><span data-sheets-value=\"{&quot;1&quot;:2,&quot;2&quot;:&quot;Peso da Bicicleta&quot;}\" data-sheets-userformat=\"{&quot;2&quot;:15171,&quot;3&quot;:{&quot;1&quot;:0},&quot;4&quot;:{&quot;1&quot;:2,&quot;2&quot;:16777215},&quot;9&quot;:0,&quot;11&quot;:3,&quot;12&quot;:0,&quot;14&quot;:{&quot;1&quot;:2,&quot;2&quot;:0},&quot;15&quot;:&quot;Rubik, sans-serif&quot;,&quot;16&quot;:12}\">Peso da Bicicleta<\/span><\/h4>\n<p>375Wh: 23kg<br \/>\n575Wh: 24kg<br \/>\n700Wh: 24.5kg<\/p>\n<h4><span data-sheets-value=\"{&quot;1&quot;:2,&quot;2&quot;:&quot;Quadro&quot;}\" data-sheets-userformat=\"{&quot;2&quot;:15171,&quot;3&quot;:{&quot;1&quot;:0},&quot;4&quot;:{&quot;1&quot;:2,&quot;2&quot;:16777215},&quot;9&quot;:0,&quot;11&quot;:3,&quot;12&quot;:0,&quot;14&quot;:{&quot;1&quot;:2,&quot;2&quot;:0},&quot;15&quot;:&quot;Rubik, sans-serif&quot;,&quot;16&quot;:12}\">Quadro<\/span><\/h4>\n<p><span data-sheets-value=\"{&quot;1&quot;:2,&quot;2&quot;:&quot;Soldado \u00e0 m\u00e3o, liga 6061 Alloy T4 e T6 temperada&quot;}\" data-sheets-userformat=\"{&quot;2&quot;:15171,&quot;3&quot;:{&quot;1&quot;:0},&quot;4&quot;:{&quot;1&quot;:2,&quot;2&quot;:16777215},&quot;9&quot;:0,&quot;11&quot;:3,&quot;12&quot;:0,&quot;14&quot;:{&quot;1&quot;:2,&quot;2&quot;:0},&quot;15&quot;:&quot;Rubik, sans-serif&quot;,&quot;16&quot;:12}\">Soldado \u00e0 m\u00e3o, liga 6061 Alloy T4 e T6 temperada<\/span><\/p>\n<h4><span data-sheets-value=\"{&quot;1&quot;:2,&quot;2&quot;:&quot;Tamanho do Quadro&quot;}\" data-sheets-userformat=\"{&quot;2&quot;:15171,&quot;3&quot;:{&quot;1&quot;:0},&quot;4&quot;:{&quot;1&quot;:2,&quot;2&quot;:16777215},&quot;9&quot;:0,&quot;11&quot;:3,&quot;12&quot;:0,&quot;14&quot;:{&quot;1&quot;:2,&quot;2&quot;:0},&quot;15&quot;:&quot;Rubik, sans-serif&quot;,&quot;16&quot;:12}\">Tamanho do Quadro<\/span><\/h4>\n<p><span data-sheets-value=\"{&quot;1&quot;:2,&quot;2&quot;:&quot;Rodas de 26\\&quot;: 18\u201d 46.5cm&quot;}\" data-sheets-userformat=\"{&quot;2&quot;:15171,&quot;3&quot;:{&quot;1&quot;:0},&quot;4&quot;:{&quot;1&quot;:2,&quot;2&quot;:16777215},&quot;9&quot;:0,&quot;11&quot;:3,&quot;12&quot;:0,&quot;14&quot;:{&quot;1&quot;:2,&quot;2&quot;:0},&quot;15&quot;:&quot;Rubik, sans-serif&quot;,&quot;16&quot;:12}\">Rodas de 26&#8243;: 18\u201d 46.5cm<\/span><br \/>\n<span data-sheets-value=\"{&quot;1&quot;:2,&quot;2&quot;:&quot;Rodas de 24\\&quot;: 14.5\u2033 36.5cm&quot;}\" data-sheets-userformat=\"{&quot;2&quot;:15171,&quot;3&quot;:{&quot;1&quot;:0},&quot;4&quot;:{&quot;1&quot;:2,&quot;2&quot;:16777215},&quot;9&quot;:0,&quot;11&quot;:3,&quot;12&quot;:0,&quot;14&quot;:{&quot;1&quot;:2,&quot;2&quot;:0},&quot;15&quot;:&quot;Rubik, sans-serif&quot;,&quot;16&quot;:12}\">Rodas de 24&#8243;: 14.5\u2033 36.5cm<\/span><\/p>\n<p>&nbsp;<\/p>\n<p>&nbsp;<\/p>\n<p><img fetchpriority=\"high\" decoding=\"async\" class=\"alignnone size-full wp-image-31586\" src=\"https:\/\/wisperbikes.com\/pt\/wp-content\/uploads\/2021\/09\/Wisper-traditional-large-step-through-torque-model-scaled.jpg\" alt=\"\" width=\"1416\" height=\"787\" \/><\/p>\n<p>&nbsp;<\/p>\n","protected":false},"excerpt":{"rendered":"<p>&nbsp;<\/p>\n<p>&nbsp;<\/p>\n","protected":false},"featured_media":39217,"comment_status":"open","ping_status":"closed","template":"","meta":[],"product_cat":[916,958,160,158],"product_tag":[],"class_list":{"0":"post-30758","1":"product","2":"type-product","3":"status-publish","4":"has-post-thumbnail","6":"product_cat-throttle-electric-bikes","7":"product_cat-traditional","8":"product_cat-e-bikes","9":"product_cat-step-through-ebikes","10":"product_shipping_class-wisper-shipping-bikes","11":"pa_battery-375wh","12":"pa_battery-575wh","13":"pa_battery-700wh","14":"pa_colour-electric-blue","15":"pa_colour-red","16":"pa_colour-stealth-black","17":"description-off","19":"first","20":"instock","21":"taxable","22":"shipping-taxable","23":"product-type-variable","24":"has-default-attributes"},"acf":[],"yoast_head":"<!-- This site is optimized with the Yoast SEO plugin v24.1 - https:\/\/yoast.com\/wordpress\/plugins\/seo\/ -->\n<title>Wisper 705 26&quot; Step-Through eBike | Bicicletas El\u00e9tricas Wisper<\/title>\n<meta name=\"description\" content=\"A Wisper 705 Step-Through Electric Bike \u00e9 a eBike perfeita para passear. Confort\u00e1vel, confi\u00e1vel e repleto de \u00f3timos recursos! Compre agora.\" \/>\n<meta name=\"robots\" content=\"index, follow, max-snippet:-1, max-image-preview:large, max-video-preview:-1\" \/>\n<link rel=\"canonical\" href=\"https:\/\/wisperbikes.com\/pt\/shop\/e-bikes\/step-through-ebikes\/wisper-705-26\/\" \/>\n<meta property=\"og:locale\" content=\"pt_PT\" \/>\n<meta property=\"og:type\" content=\"article\" \/>\n<meta property=\"og:title\" content=\"Wisper 705 26&quot; Step-Through eBike | Bicicletas El\u00e9tricas Wisper\" \/>\n<meta property=\"og:description\" content=\"A Wisper 705 Step-Through Electric Bike \u00e9 a eBike perfeita para passear. Confort\u00e1vel, confi\u00e1vel e repleto de \u00f3timos recursos! Compre agora.\" \/>\n<meta property=\"og:url\" content=\"https:\/\/wisperbikes.com\/pt\/shop\/e-bikes\/step-through-ebikes\/wisper-705-26\/\" \/>\n<meta property=\"og:site_name\" content=\"Wisper Bikes\" \/>\n<meta property=\"article:publisher\" content=\"https:\/\/www.facebook.com\/Amps.Bike\/\" \/>\n<meta property=\"article:modified_time\" content=\"2023-08-23T17:27:49+00:00\" \/>\n<meta property=\"og:image\" content=\"https:\/\/wisperbikes.com\/pt\/wp-content\/uploads\/2021\/04\/705-26-Red.webp\" \/>\n\t<meta property=\"og:image:width\" content=\"1000\" \/>\n\t<meta property=\"og:image:height\" content=\"1000\" \/>\n\t<meta property=\"og:image:type\" content=\"image\/webp\" \/>\n<meta name=\"twitter:card\" content=\"summary_large_image\" \/>\n<meta name=\"twitter:site\" content=\"@wisperebikes\" \/>\n<meta name=\"twitter:label1\" content=\"Tempo estimado de leitura\" \/>\n\t<meta name=\"twitter:data1\" content=\"2 minutos\" \/>\n<script type=\"application\/ld+json\" class=\"yoast-schema-graph\">{\"@context\":\"https:\/\/schema.org\",\"@graph\":[{\"@type\":\"WebPage\",\"@id\":\"https:\/\/wisperbikes.com\/pt\/shop\/e-bikes\/step-through-ebikes\/wisper-705-26\/\",\"url\":\"https:\/\/wisperbikes.com\/pt\/shop\/e-bikes\/step-through-ebikes\/wisper-705-26\/\",\"name\":\"Wisper 705 26\\\" Step-Through eBike | Bicicletas El\u00e9tricas Wisper\",\"isPartOf\":{\"@id\":\"https:\/\/wisperbikes.com\/pt\/#website\"},\"primaryImageOfPage\":{\"@id\":\"https:\/\/wisperbikes.com\/pt\/shop\/e-bikes\/step-through-ebikes\/wisper-705-26\/#primaryimage\"},\"image\":{\"@id\":\"https:\/\/wisperbikes.com\/pt\/shop\/e-bikes\/step-through-ebikes\/wisper-705-26\/#primaryimage\"},\"thumbnailUrl\":\"https:\/\/wisperbikes.com\/pt\/wp-content\/uploads\/2021\/04\/705-26-Red.webp\",\"datePublished\":\"2021-04-30T17:31:26+00:00\",\"dateModified\":\"2023-08-23T17:27:49+00:00\",\"description\":\"A Wisper 705 Step-Through Electric Bike \u00e9 a eBike perfeita para passear. Confort\u00e1vel, confi\u00e1vel e repleto de \u00f3timos recursos! Compre agora.\",\"breadcrumb\":{\"@id\":\"https:\/\/wisperbikes.com\/pt\/shop\/e-bikes\/step-through-ebikes\/wisper-705-26\/#breadcrumb\"},\"inLanguage\":\"pt-PT\",\"potentialAction\":[{\"@type\":\"ReadAction\",\"target\":[\"https:\/\/wisperbikes.com\/pt\/shop\/e-bikes\/step-through-ebikes\/wisper-705-26\/\"]}]},{\"@type\":\"ImageObject\",\"inLanguage\":\"pt-PT\",\"@id\":\"https:\/\/wisperbikes.com\/pt\/shop\/e-bikes\/step-through-ebikes\/wisper-705-26\/#primaryimage\",\"url\":\"https:\/\/wisperbikes.com\/pt\/wp-content\/uploads\/2021\/04\/705-26-Red.webp\",\"contentUrl\":\"https:\/\/wisperbikes.com\/pt\/wp-content\/uploads\/2021\/04\/705-26-Red.webp\",\"width\":1000,\"height\":1000},{\"@type\":\"BreadcrumbList\",\"@id\":\"https:\/\/wisperbikes.com\/pt\/shop\/e-bikes\/step-through-ebikes\/wisper-705-26\/#breadcrumb\",\"itemListElement\":[{\"@type\":\"ListItem\",\"position\":1,\"name\":\"Home\",\"item\":\"https:\/\/wisperbikes.com\/pt\/\"},{\"@type\":\"ListItem\",\"position\":2,\"name\":\"Our Shop\",\"item\":\"https:\/\/wisperbikes.com\/pt\/shop\/\"},{\"@type\":\"ListItem\",\"position\":3,\"name\":\"Wisper 705 26\u201d Step-Through eBike\"}]},{\"@type\":\"WebSite\",\"@id\":\"https:\/\/wisperbikes.com\/pt\/#website\",\"url\":\"https:\/\/wisperbikes.com\/pt\/\",\"name\":\"Wisper Bikes\",\"description\":\"Electric Bikes\",\"publisher\":{\"@id\":\"https:\/\/wisperbikes.com\/pt\/#organization\"},\"potentialAction\":[{\"@type\":\"SearchAction\",\"target\":{\"@type\":\"EntryPoint\",\"urlTemplate\":\"https:\/\/wisperbikes.com\/pt\/?s={search_term_string}\"},\"query-input\":{\"@type\":\"PropertyValueSpecification\",\"valueRequired\":true,\"valueName\":\"search_term_string\"}}],\"inLanguage\":\"pt-PT\"},{\"@type\":\"Organization\",\"@id\":\"https:\/\/wisperbikes.com\/pt\/#organization\",\"name\":\"Wisper Electric Bikes\",\"alternateName\":\"Wisper E-Bikes\",\"url\":\"https:\/\/wisperbikes.com\/pt\/\",\"logo\":{\"@type\":\"ImageObject\",\"inLanguage\":\"pt-PT\",\"@id\":\"https:\/\/wisperbikes.com\/pt\/#\/schema\/logo\/image\/\",\"url\":\"https:\/\/wisperbikes.com\/pt\/wp-content\/uploads\/2021\/06\/WISPER-Logo.png\",\"contentUrl\":\"https:\/\/wisperbikes.com\/pt\/wp-content\/uploads\/2021\/06\/WISPER-Logo.png\",\"width\":250,\"height\":65,\"caption\":\"Wisper Electric Bikes\"},\"image\":{\"@id\":\"https:\/\/wisperbikes.com\/pt\/#\/schema\/logo\/image\/\"},\"sameAs\":[\"https:\/\/www.facebook.com\/Amps.Bike\/\",\"https:\/\/x.com\/wisperebikes\",\"https:\/\/www.instagram.com\/wisperbikes\/\"]}]}<\/script>\n<!-- \/ Yoast SEO plugin. -->","yoast_head_json":{"title":"Wisper 705 26\" Step-Through eBike | Bicicletas El\u00e9tricas Wisper","description":"A Wisper 705 Step-Through Electric Bike \u00e9 a eBike perfeita para passear. Confort\u00e1vel, confi\u00e1vel e repleto de \u00f3timos recursos! Compre agora.","robots":{"index":"index","follow":"follow","max-snippet":"max-snippet:-1","max-image-preview":"max-image-preview:large","max-video-preview":"max-video-preview:-1"},"canonical":"https:\/\/wisperbikes.com\/pt\/shop\/e-bikes\/step-through-ebikes\/wisper-705-26\/","og_locale":"pt_PT","og_type":"article","og_title":"Wisper 705 26\" Step-Through eBike | Bicicletas El\u00e9tricas Wisper","og_description":"A Wisper 705 Step-Through Electric Bike \u00e9 a eBike perfeita para passear. Confort\u00e1vel, confi\u00e1vel e repleto de \u00f3timos recursos! Compre agora.","og_url":"https:\/\/wisperbikes.com\/pt\/shop\/e-bikes\/step-through-ebikes\/wisper-705-26\/","og_site_name":"Wisper Bikes","article_publisher":"https:\/\/www.facebook.com\/Amps.Bike\/","article_modified_time":"2023-08-23T17:27:49+00:00","og_image":[{"width":1000,"height":1000,"url":"https:\/\/wisperbikes.com\/pt\/wp-content\/uploads\/2021\/04\/705-26-Red.webp","type":"image\/webp"}],"twitter_card":"summary_large_image","twitter_site":"@wisperebikes","twitter_misc":{"Tempo estimado de leitura":"2 minutos"},"schema":{"@context":"https:\/\/schema.org","@graph":[{"@type":"WebPage","@id":"https:\/\/wisperbikes.com\/pt\/shop\/e-bikes\/step-through-ebikes\/wisper-705-26\/","url":"https:\/\/wisperbikes.com\/pt\/shop\/e-bikes\/step-through-ebikes\/wisper-705-26\/","name":"Wisper 705 26\" Step-Through eBike | Bicicletas El\u00e9tricas Wisper","isPartOf":{"@id":"https:\/\/wisperbikes.com\/pt\/#website"},"primaryImageOfPage":{"@id":"https:\/\/wisperbikes.com\/pt\/shop\/e-bikes\/step-through-ebikes\/wisper-705-26\/#primaryimage"},"image":{"@id":"https:\/\/wisperbikes.com\/pt\/shop\/e-bikes\/step-through-ebikes\/wisper-705-26\/#primaryimage"},"thumbnailUrl":"https:\/\/wisperbikes.com\/pt\/wp-content\/uploads\/2021\/04\/705-26-Red.webp","datePublished":"2021-04-30T17:31:26+00:00","dateModified":"2023-08-23T17:27:49+00:00","description":"A Wisper 705 Step-Through Electric Bike \u00e9 a eBike perfeita para passear. Confort\u00e1vel, confi\u00e1vel e repleto de \u00f3timos recursos! Compre agora.","breadcrumb":{"@id":"https:\/\/wisperbikes.com\/pt\/shop\/e-bikes\/step-through-ebikes\/wisper-705-26\/#breadcrumb"},"inLanguage":"pt-PT","potentialAction":[{"@type":"ReadAction","target":["https:\/\/wisperbikes.com\/pt\/shop\/e-bikes\/step-through-ebikes\/wisper-705-26\/"]}]},{"@type":"ImageObject","inLanguage":"pt-PT","@id":"https:\/\/wisperbikes.com\/pt\/shop\/e-bikes\/step-through-ebikes\/wisper-705-26\/#primaryimage","url":"https:\/\/wisperbikes.com\/pt\/wp-content\/uploads\/2021\/04\/705-26-Red.webp","contentUrl":"https:\/\/wisperbikes.com\/pt\/wp-content\/uploads\/2021\/04\/705-26-Red.webp","width":1000,"height":1000},{"@type":"BreadcrumbList","@id":"https:\/\/wisperbikes.com\/pt\/shop\/e-bikes\/step-through-ebikes\/wisper-705-26\/#breadcrumb","itemListElement":[{"@type":"ListItem","position":1,"name":"Home","item":"https:\/\/wisperbikes.com\/pt\/"},{"@type":"ListItem","position":2,"name":"Our Shop","item":"https:\/\/wisperbikes.com\/pt\/shop\/"},{"@type":"ListItem","position":3,"name":"Wisper 705 26\u201d Step-Through eBike"}]},{"@type":"WebSite","@id":"https:\/\/wisperbikes.com\/pt\/#website","url":"https:\/\/wisperbikes.com\/pt\/","name":"Wisper Bikes","description":"Electric Bikes","publisher":{"@id":"https:\/\/wisperbikes.com\/pt\/#organization"},"potentialAction":[{"@type":"SearchAction","target":{"@type":"EntryPoint","urlTemplate":"https:\/\/wisperbikes.com\/pt\/?s={search_term_string}"},"query-input":{"@type":"PropertyValueSpecification","valueRequired":true,"valueName":"search_term_string"}}],"inLanguage":"pt-PT"},{"@type":"Organization","@id":"https:\/\/wisperbikes.com\/pt\/#organization","name":"Wisper Electric Bikes","alternateName":"Wisper E-Bikes","url":"https:\/\/wisperbikes.com\/pt\/","logo":{"@type":"ImageObject","inLanguage":"pt-PT","@id":"https:\/\/wisperbikes.com\/pt\/#\/schema\/logo\/image\/","url":"https:\/\/wisperbikes.com\/pt\/wp-content\/uploads\/2021\/06\/WISPER-Logo.png","contentUrl":"https:\/\/wisperbikes.com\/pt\/wp-content\/uploads\/2021\/06\/WISPER-Logo.png","width":250,"height":65,"caption":"Wisper Electric Bikes"},"image":{"@id":"https:\/\/wisperbikes.com\/pt\/#\/schema\/logo\/image\/"},"sameAs":["https:\/\/www.facebook.com\/Amps.Bike\/","https:\/\/x.com\/wisperebikes","https:\/\/www.instagram.com\/wisperbikes\/"]}]}},"_links":{"self":[{"href":"https:\/\/wisperbikes.com\/pt\/wp-json\/wp\/v2\/product\/30758","targetHints":{"allow":["GET"]}}],"collection":[{"href":"https:\/\/wisperbikes.com\/pt\/wp-json\/wp\/v2\/product"}],"about":[{"href":"https:\/\/wisperbikes.com\/pt\/wp-json\/wp\/v2\/types\/product"}],"replies":[{"embeddable":true,"href":"https:\/\/wisperbikes.com\/pt\/wp-json\/wp\/v2\/comments?post=30758"}],"wp:featuredmedia":[{"embeddable":true,"href":"https:\/\/wisperbikes.com\/pt\/wp-json\/wp\/v2\/media\/39217"}],"wp:attachment":[{"href":"https:\/\/wisperbikes.com\/pt\/wp-json\/wp\/v2\/media?parent=30758"}],"wp:term":[{"taxonomy":"product_cat","embeddable":true,"href":"https:\/\/wisperbikes.com\/pt\/wp-json\/wp\/v2\/product_cat?post=30758"},{"taxonomy":"product_tag","embeddable":true,"href":"https:\/\/wisperbikes.com\/pt\/wp-json\/wp\/v2\/product_tag?post=30758"}],"curies":[{"name":"wp","href":"https:\/\/api.w.org\/{rel}","templated":true}]}}