{"id":38343,"date":"2022-12-05T13:11:03","date_gmt":"2022-12-05T13:11:03","guid":{"rendered":"https:\/\/wisperbikes.com\/pt\/?post_type=product&#038;p=38343"},"modified":"2024-03-06T17:04:58","modified_gmt":"2024-03-06T17:04:58","slug":"torque-controller-20","status":"publish","type":"product","link":"https:\/\/wisperbikes.com\/pt\/shop\/electronic\/torque-controller-20\/","title":{"rendered":"Torque Controller &#8211; 20&#8243;"},"content":{"rendered":"<p>SKU: PWOT31021<\/p>\n","protected":false},"excerpt":{"rendered":"<p>SKU: PWOT31021<\/p>\n","protected":false},"featured_media":38368,"comment_status":"closed","ping_status":"closed","template":"","meta":[],"product_cat":[169],"product_tag":[],"class_list":{"0":"post-38343","1":"product","2":"type-product","3":"status-publish","4":"has-post-thumbnail","6":"product_cat-electronic","7":"description-off","9":"first","10":"instock","11":"taxable","12":"shipping-taxable","13":"product-type-simple"},"acf":[],"yoast_head":"<!-- This site is optimized with the Yoast SEO plugin v24.1 - https:\/\/yoast.com\/wordpress\/plugins\/seo\/ -->\n<title>Controlador de Torque - 20&quot; - Wisper Bikes<\/title>\n<meta name=\"description\" content=\"Controlador de Torque de alta qualidade - 20&quot;, dispon\u00edvel na Wisper Electric Bikes, o fornecedor l\u00edder do Reino Unido de pe\u00e7as e acess\u00f3rios para e-bikes.\" \/>\n<meta name=\"robots\" content=\"index, follow, max-snippet:-1, max-image-preview:large, max-video-preview:-1\" \/>\n<link rel=\"canonical\" href=\"https:\/\/wisperbikes.com\/pt\/shop\/electronic\/torque-controller-20\/\" \/>\n<meta property=\"og:locale\" content=\"pt_PT\" \/>\n<meta property=\"og:type\" content=\"article\" \/>\n<meta property=\"og:title\" content=\"Controlador de Torque - 20&quot; - Wisper Bikes\" \/>\n<meta property=\"og:description\" content=\"Controlador de Torque de alta qualidade - 20&quot;, dispon\u00edvel na Wisper Electric Bikes, o fornecedor l\u00edder do Reino Unido de pe\u00e7as e acess\u00f3rios para e-bikes.\" \/>\n<meta property=\"og:url\" content=\"https:\/\/wisperbikes.com\/pt\/shop\/electronic\/torque-controller-20\/\" \/>\n<meta property=\"og:site_name\" content=\"Wisper Bikes\" \/>\n<meta property=\"article:publisher\" content=\"https:\/\/www.facebook.com\/Amps.Bike\/\" \/>\n<meta property=\"article:modified_time\" content=\"2024-03-06T17:04:58+00:00\" \/>\n<meta property=\"og:image\" content=\"https:\/\/wisperbikes.com\/pt\/wp-content\/uploads\/2022\/12\/20-T-Controller-Top.png\" \/>\n\t<meta property=\"og:image:width\" content=\"2976\" \/>\n\t<meta property=\"og:image:height\" content=\"2976\" \/>\n\t<meta property=\"og:image:type\" content=\"image\/png\" \/>\n<meta name=\"twitter:card\" content=\"summary_large_image\" \/>\n<meta name=\"twitter:site\" content=\"@wisperebikes\" \/>\n<meta name=\"twitter:label1\" content=\"Tempo estimado de leitura\" \/>\n\t<meta name=\"twitter:data1\" content=\"1 minuto\" \/>\n<script type=\"application\/ld+json\" class=\"yoast-schema-graph\">{\"@context\":\"https:\/\/schema.org\",\"@graph\":[{\"@type\":\"WebPage\",\"@id\":\"https:\/\/wisperbikes.com\/pt\/shop\/electronic\/torque-controller-20\/\",\"url\":\"https:\/\/wisperbikes.com\/pt\/shop\/electronic\/torque-controller-20\/\",\"name\":\"Controlador de Torque - 20\\\" - Wisper Bikes\",\"isPartOf\":{\"@id\":\"https:\/\/wisperbikes.com\/pt\/#website\"},\"primaryImageOfPage\":{\"@id\":\"https:\/\/wisperbikes.com\/pt\/shop\/electronic\/torque-controller-20\/#primaryimage\"},\"image\":{\"@id\":\"https:\/\/wisperbikes.com\/pt\/shop\/electronic\/torque-controller-20\/#primaryimage\"},\"thumbnailUrl\":\"https:\/\/wisperbikes.com\/pt\/wp-content\/uploads\/2022\/12\/20-T-Controller-Top.png\",\"datePublished\":\"2022-12-05T13:11:03+00:00\",\"dateModified\":\"2024-03-06T17:04:58+00:00\",\"description\":\"Controlador de Torque de alta qualidade - 20\\\", dispon\u00edvel na Wisper Electric Bikes, o fornecedor l\u00edder do Reino Unido de pe\u00e7as e acess\u00f3rios para e-bikes.\",\"breadcrumb\":{\"@id\":\"https:\/\/wisperbikes.com\/pt\/shop\/electronic\/torque-controller-20\/#breadcrumb\"},\"inLanguage\":\"pt-PT\",\"potentialAction\":[{\"@type\":\"ReadAction\",\"target\":[\"https:\/\/wisperbikes.com\/pt\/shop\/electronic\/torque-controller-20\/\"]}]},{\"@type\":\"ImageObject\",\"inLanguage\":\"pt-PT\",\"@id\":\"https:\/\/wisperbikes.com\/pt\/shop\/electronic\/torque-controller-20\/#primaryimage\",\"url\":\"https:\/\/wisperbikes.com\/pt\/wp-content\/uploads\/2022\/12\/20-T-Controller-Top.png\",\"contentUrl\":\"https:\/\/wisperbikes.com\/pt\/wp-content\/uploads\/2022\/12\/20-T-Controller-Top.png\",\"width\":2976,\"height\":2976,\"caption\":\"Wisper 20 T Controller\"},{\"@type\":\"BreadcrumbList\",\"@id\":\"https:\/\/wisperbikes.com\/pt\/shop\/electronic\/torque-controller-20\/#breadcrumb\",\"itemListElement\":[{\"@type\":\"ListItem\",\"position\":1,\"name\":\"Home\",\"item\":\"https:\/\/wisperbikes.com\/pt\/\"},{\"@type\":\"ListItem\",\"position\":2,\"name\":\"Our Shop\",\"item\":\"https:\/\/wisperbikes.com\/pt\/shop\/\"},{\"@type\":\"ListItem\",\"position\":3,\"name\":\"Torque Controller &#8211; 20&#8243;\"}]},{\"@type\":\"WebSite\",\"@id\":\"https:\/\/wisperbikes.com\/pt\/#website\",\"url\":\"https:\/\/wisperbikes.com\/pt\/\",\"name\":\"Wisper Bikes\",\"description\":\"Electric Bikes\",\"publisher\":{\"@id\":\"https:\/\/wisperbikes.com\/pt\/#organization\"},\"potentialAction\":[{\"@type\":\"SearchAction\",\"target\":{\"@type\":\"EntryPoint\",\"urlTemplate\":\"https:\/\/wisperbikes.com\/pt\/?s={search_term_string}\"},\"query-input\":{\"@type\":\"PropertyValueSpecification\",\"valueRequired\":true,\"valueName\":\"search_term_string\"}}],\"inLanguage\":\"pt-PT\"},{\"@type\":\"Organization\",\"@id\":\"https:\/\/wisperbikes.com\/pt\/#organization\",\"name\":\"Wisper Electric Bikes\",\"alternateName\":\"Wisper E-Bikes\",\"url\":\"https:\/\/wisperbikes.com\/pt\/\",\"logo\":{\"@type\":\"ImageObject\",\"inLanguage\":\"pt-PT\",\"@id\":\"https:\/\/wisperbikes.com\/pt\/#\/schema\/logo\/image\/\",\"url\":\"https:\/\/wisperbikes.com\/pt\/wp-content\/uploads\/2021\/06\/WISPER-Logo.png\",\"contentUrl\":\"https:\/\/wisperbikes.com\/pt\/wp-content\/uploads\/2021\/06\/WISPER-Logo.png\",\"width\":250,\"height\":65,\"caption\":\"Wisper Electric Bikes\"},\"image\":{\"@id\":\"https:\/\/wisperbikes.com\/pt\/#\/schema\/logo\/image\/\"},\"sameAs\":[\"https:\/\/www.facebook.com\/Amps.Bike\/\",\"https:\/\/x.com\/wisperebikes\",\"https:\/\/www.instagram.com\/wisperbikes\/\"]}]}<\/script>\n<!-- \/ Yoast SEO plugin. -->","yoast_head_json":{"title":"Controlador de Torque - 20\" - Wisper Bikes","description":"Controlador de Torque de alta qualidade - 20\", dispon\u00edvel na Wisper Electric Bikes, o fornecedor l\u00edder do Reino Unido de pe\u00e7as e acess\u00f3rios para e-bikes.","robots":{"index":"index","follow":"follow","max-snippet":"max-snippet:-1","max-image-preview":"max-image-preview:large","max-video-preview":"max-video-preview:-1"},"canonical":"https:\/\/wisperbikes.com\/pt\/shop\/electronic\/torque-controller-20\/","og_locale":"pt_PT","og_type":"article","og_title":"Controlador de Torque - 20\" - Wisper Bikes","og_description":"Controlador de Torque de alta qualidade - 20\", dispon\u00edvel na Wisper Electric Bikes, o fornecedor l\u00edder do Reino Unido de pe\u00e7as e acess\u00f3rios para e-bikes.","og_url":"https:\/\/wisperbikes.com\/pt\/shop\/electronic\/torque-controller-20\/","og_site_name":"Wisper Bikes","article_publisher":"https:\/\/www.facebook.com\/Amps.Bike\/","article_modified_time":"2024-03-06T17:04:58+00:00","og_image":[{"width":2976,"height":2976,"url":"https:\/\/wisperbikes.com\/pt\/wp-content\/uploads\/2022\/12\/20-T-Controller-Top.png","type":"image\/png"}],"twitter_card":"summary_large_image","twitter_site":"@wisperebikes","twitter_misc":{"Tempo estimado de leitura":"1 minuto"},"schema":{"@context":"https:\/\/schema.org","@graph":[{"@type":"WebPage","@id":"https:\/\/wisperbikes.com\/pt\/shop\/electronic\/torque-controller-20\/","url":"https:\/\/wisperbikes.com\/pt\/shop\/electronic\/torque-controller-20\/","name":"Controlador de Torque - 20\" - Wisper Bikes","isPartOf":{"@id":"https:\/\/wisperbikes.com\/pt\/#website"},"primaryImageOfPage":{"@id":"https:\/\/wisperbikes.com\/pt\/shop\/electronic\/torque-controller-20\/#primaryimage"},"image":{"@id":"https:\/\/wisperbikes.com\/pt\/shop\/electronic\/torque-controller-20\/#primaryimage"},"thumbnailUrl":"https:\/\/wisperbikes.com\/pt\/wp-content\/uploads\/2022\/12\/20-T-Controller-Top.png","datePublished":"2022-12-05T13:11:03+00:00","dateModified":"2024-03-06T17:04:58+00:00","description":"Controlador de Torque de alta qualidade - 20\", dispon\u00edvel na Wisper Electric Bikes, o fornecedor l\u00edder do Reino Unido de pe\u00e7as e acess\u00f3rios para e-bikes.","breadcrumb":{"@id":"https:\/\/wisperbikes.com\/pt\/shop\/electronic\/torque-controller-20\/#breadcrumb"},"inLanguage":"pt-PT","potentialAction":[{"@type":"ReadAction","target":["https:\/\/wisperbikes.com\/pt\/shop\/electronic\/torque-controller-20\/"]}]},{"@type":"ImageObject","inLanguage":"pt-PT","@id":"https:\/\/wisperbikes.com\/pt\/shop\/electronic\/torque-controller-20\/#primaryimage","url":"https:\/\/wisperbikes.com\/pt\/wp-content\/uploads\/2022\/12\/20-T-Controller-Top.png","contentUrl":"https:\/\/wisperbikes.com\/pt\/wp-content\/uploads\/2022\/12\/20-T-Controller-Top.png","width":2976,"height":2976,"caption":"Wisper 20 T Controller"},{"@type":"BreadcrumbList","@id":"https:\/\/wisperbikes.com\/pt\/shop\/electronic\/torque-controller-20\/#breadcrumb","itemListElement":[{"@type":"ListItem","position":1,"name":"Home","item":"https:\/\/wisperbikes.com\/pt\/"},{"@type":"ListItem","position":2,"name":"Our Shop","item":"https:\/\/wisperbikes.com\/pt\/shop\/"},{"@type":"ListItem","position":3,"name":"Torque Controller &#8211; 20&#8243;"}]},{"@type":"WebSite","@id":"https:\/\/wisperbikes.com\/pt\/#website","url":"https:\/\/wisperbikes.com\/pt\/","name":"Wisper Bikes","description":"Electric Bikes","publisher":{"@id":"https:\/\/wisperbikes.com\/pt\/#organization"},"potentialAction":[{"@type":"SearchAction","target":{"@type":"EntryPoint","urlTemplate":"https:\/\/wisperbikes.com\/pt\/?s={search_term_string}"},"query-input":{"@type":"PropertyValueSpecification","valueRequired":true,"valueName":"search_term_string"}}],"inLanguage":"pt-PT"},{"@type":"Organization","@id":"https:\/\/wisperbikes.com\/pt\/#organization","name":"Wisper Electric Bikes","alternateName":"Wisper E-Bikes","url":"https:\/\/wisperbikes.com\/pt\/","logo":{"@type":"ImageObject","inLanguage":"pt-PT","@id":"https:\/\/wisperbikes.com\/pt\/#\/schema\/logo\/image\/","url":"https:\/\/wisperbikes.com\/pt\/wp-content\/uploads\/2021\/06\/WISPER-Logo.png","contentUrl":"https:\/\/wisperbikes.com\/pt\/wp-content\/uploads\/2021\/06\/WISPER-Logo.png","width":250,"height":65,"caption":"Wisper Electric Bikes"},"image":{"@id":"https:\/\/wisperbikes.com\/pt\/#\/schema\/logo\/image\/"},"sameAs":["https:\/\/www.facebook.com\/Amps.Bike\/","https:\/\/x.com\/wisperebikes","https:\/\/www.instagram.com\/wisperbikes\/"]}]}},"_links":{"self":[{"href":"https:\/\/wisperbikes.com\/pt\/wp-json\/wp\/v2\/product\/38343","targetHints":{"allow":["GET"]}}],"collection":[{"href":"https:\/\/wisperbikes.com\/pt\/wp-json\/wp\/v2\/product"}],"about":[{"href":"https:\/\/wisperbikes.com\/pt\/wp-json\/wp\/v2\/types\/product"}],"replies":[{"embeddable":true,"href":"https:\/\/wisperbikes.com\/pt\/wp-json\/wp\/v2\/comments?post=38343"}],"wp:featuredmedia":[{"embeddable":true,"href":"https:\/\/wisperbikes.com\/pt\/wp-json\/wp\/v2\/media\/38368"}],"wp:attachment":[{"href":"https:\/\/wisperbikes.com\/pt\/wp-json\/wp\/v2\/media?parent=38343"}],"wp:term":[{"taxonomy":"product_cat","embeddable":true,"href":"https:\/\/wisperbikes.com\/pt\/wp-json\/wp\/v2\/product_cat?post=38343"},{"taxonomy":"product_tag","embeddable":true,"href":"https:\/\/wisperbikes.com\/pt\/wp-json\/wp\/v2\/product_tag?post=38343"}],"curies":[{"name":"wp","href":"https:\/\/api.w.org\/{rel}","templated":true}]}}