{"id":38349,"date":"2022-12-05T13:11:03","date_gmt":"2022-12-05T13:11:03","guid":{"rendered":"https:\/\/wisperbikes.com\/pt\/?post_type=product&#038;p=38349"},"modified":"2024-03-06T16:54:40","modified_gmt":"2024-03-06T16:54:40","slug":"wayfarer-md-spoke-magnet","status":"publish","type":"product","link":"https:\/\/wisperbikes.com\/pt\/shop\/electronic\/wayfarer-md-spoke-magnet\/","title":{"rendered":"Wayfarer MD Spoke Magnet"},"content":{"rendered":"<p>SKU: ZP33022<\/p>\n","protected":false},"excerpt":{"rendered":"<p>SKU: ZP33022<\/p>\n","protected":false},"featured_media":38364,"comment_status":"closed","ping_status":"closed","template":"","meta":[],"product_cat":[169],"product_tag":[],"class_list":{"0":"post-38349","1":"product","2":"type-product","3":"status-publish","4":"has-post-thumbnail","6":"product_cat-electronic","7":"description-off","9":"first","10":"instock","11":"taxable","12":"shipping-taxable","13":"product-type-simple"},"acf":[],"yoast_head":"<!-- This site is optimized with the Yoast SEO plugin v24.1 - https:\/\/yoast.com\/wordpress\/plugins\/seo\/ -->\n<title>\u00cdm\u00e3 de Raio Wayfarer MD - Wisper Bikes<\/title>\n<meta name=\"description\" content=\"Compre o \u00cdm\u00e3 de Raio Wayfarer MD da Wisper UK, o principal fabricante de pe\u00e7as e acess\u00f3rios para e-bikes. Entrega no dia seguinte dispon\u00edvel!\" \/>\n<meta name=\"robots\" content=\"index, follow, max-snippet:-1, max-image-preview:large, max-video-preview:-1\" \/>\n<link rel=\"canonical\" href=\"https:\/\/wisperbikes.com\/pt\/shop\/electronic\/wayfarer-md-spoke-magnet\/\" \/>\n<meta property=\"og:locale\" content=\"pt_PT\" \/>\n<meta property=\"og:type\" content=\"article\" \/>\n<meta property=\"og:title\" content=\"\u00cdm\u00e3 de Raio Wayfarer MD - Wisper Bikes\" \/>\n<meta property=\"og:description\" content=\"Compre o \u00cdm\u00e3 de Raio Wayfarer MD da Wisper UK, o principal fabricante de pe\u00e7as e acess\u00f3rios para e-bikes. Entrega no dia seguinte dispon\u00edvel!\" \/>\n<meta property=\"og:url\" content=\"https:\/\/wisperbikes.com\/pt\/shop\/electronic\/wayfarer-md-spoke-magnet\/\" \/>\n<meta property=\"og:site_name\" content=\"Wisper Bikes\" \/>\n<meta property=\"article:publisher\" content=\"https:\/\/www.facebook.com\/Amps.Bike\/\" \/>\n<meta property=\"article:modified_time\" content=\"2024-03-06T16:54:40+00:00\" \/>\n<meta property=\"og:image\" content=\"https:\/\/wisperbikes.com\/pt\/wp-content\/uploads\/2022\/12\/MD-Spoke-Magnet.png\" \/>\n\t<meta property=\"og:image:width\" content=\"2784\" \/>\n\t<meta property=\"og:image:height\" content=\"2784\" \/>\n\t<meta property=\"og:image:type\" content=\"image\/png\" \/>\n<meta name=\"twitter:card\" content=\"summary_large_image\" \/>\n<meta name=\"twitter:site\" content=\"@wisperebikes\" \/>\n<meta name=\"twitter:label1\" content=\"Tempo estimado de leitura\" \/>\n\t<meta name=\"twitter:data1\" content=\"1 minuto\" \/>\n<script type=\"application\/ld+json\" class=\"yoast-schema-graph\">{\"@context\":\"https:\/\/schema.org\",\"@graph\":[{\"@type\":\"WebPage\",\"@id\":\"https:\/\/wisperbikes.com\/pt\/shop\/electronic\/wayfarer-md-spoke-magnet\/\",\"url\":\"https:\/\/wisperbikes.com\/pt\/shop\/electronic\/wayfarer-md-spoke-magnet\/\",\"name\":\"\u00cdm\u00e3 de Raio Wayfarer MD - Wisper Bikes\",\"isPartOf\":{\"@id\":\"https:\/\/wisperbikes.com\/pt\/#website\"},\"primaryImageOfPage\":{\"@id\":\"https:\/\/wisperbikes.com\/pt\/shop\/electronic\/wayfarer-md-spoke-magnet\/#primaryimage\"},\"image\":{\"@id\":\"https:\/\/wisperbikes.com\/pt\/shop\/electronic\/wayfarer-md-spoke-magnet\/#primaryimage\"},\"thumbnailUrl\":\"https:\/\/wisperbikes.com\/pt\/wp-content\/uploads\/2022\/12\/MD-Spoke-Magnet.png\",\"datePublished\":\"2022-12-05T13:11:03+00:00\",\"dateModified\":\"2024-03-06T16:54:40+00:00\",\"description\":\"Compre o \u00cdm\u00e3 de Raio Wayfarer MD da Wisper UK, o principal fabricante de pe\u00e7as e acess\u00f3rios para e-bikes. Entrega no dia seguinte dispon\u00edvel!\",\"breadcrumb\":{\"@id\":\"https:\/\/wisperbikes.com\/pt\/shop\/electronic\/wayfarer-md-spoke-magnet\/#breadcrumb\"},\"inLanguage\":\"pt-PT\",\"potentialAction\":[{\"@type\":\"ReadAction\",\"target\":[\"https:\/\/wisperbikes.com\/pt\/shop\/electronic\/wayfarer-md-spoke-magnet\/\"]}]},{\"@type\":\"ImageObject\",\"inLanguage\":\"pt-PT\",\"@id\":\"https:\/\/wisperbikes.com\/pt\/shop\/electronic\/wayfarer-md-spoke-magnet\/#primaryimage\",\"url\":\"https:\/\/wisperbikes.com\/pt\/wp-content\/uploads\/2022\/12\/MD-Spoke-Magnet.png\",\"contentUrl\":\"https:\/\/wisperbikes.com\/pt\/wp-content\/uploads\/2022\/12\/MD-Spoke-Magnet.png\",\"width\":2784,\"height\":2784,\"caption\":\"MD Spoke Magnet\"},{\"@type\":\"BreadcrumbList\",\"@id\":\"https:\/\/wisperbikes.com\/pt\/shop\/electronic\/wayfarer-md-spoke-magnet\/#breadcrumb\",\"itemListElement\":[{\"@type\":\"ListItem\",\"position\":1,\"name\":\"Home\",\"item\":\"https:\/\/wisperbikes.com\/pt\/\"},{\"@type\":\"ListItem\",\"position\":2,\"name\":\"Our Shop\",\"item\":\"https:\/\/wisperbikes.com\/pt\/shop\/\"},{\"@type\":\"ListItem\",\"position\":3,\"name\":\"Wayfarer MD Spoke Magnet\"}]},{\"@type\":\"WebSite\",\"@id\":\"https:\/\/wisperbikes.com\/pt\/#website\",\"url\":\"https:\/\/wisperbikes.com\/pt\/\",\"name\":\"Wisper Bikes\",\"description\":\"Electric Bikes\",\"publisher\":{\"@id\":\"https:\/\/wisperbikes.com\/pt\/#organization\"},\"potentialAction\":[{\"@type\":\"SearchAction\",\"target\":{\"@type\":\"EntryPoint\",\"urlTemplate\":\"https:\/\/wisperbikes.com\/pt\/?s={search_term_string}\"},\"query-input\":{\"@type\":\"PropertyValueSpecification\",\"valueRequired\":true,\"valueName\":\"search_term_string\"}}],\"inLanguage\":\"pt-PT\"},{\"@type\":\"Organization\",\"@id\":\"https:\/\/wisperbikes.com\/pt\/#organization\",\"name\":\"Wisper Electric Bikes\",\"alternateName\":\"Wisper E-Bikes\",\"url\":\"https:\/\/wisperbikes.com\/pt\/\",\"logo\":{\"@type\":\"ImageObject\",\"inLanguage\":\"pt-PT\",\"@id\":\"https:\/\/wisperbikes.com\/pt\/#\/schema\/logo\/image\/\",\"url\":\"https:\/\/wisperbikes.com\/pt\/wp-content\/uploads\/2021\/06\/WISPER-Logo.png\",\"contentUrl\":\"https:\/\/wisperbikes.com\/pt\/wp-content\/uploads\/2021\/06\/WISPER-Logo.png\",\"width\":250,\"height\":65,\"caption\":\"Wisper Electric Bikes\"},\"image\":{\"@id\":\"https:\/\/wisperbikes.com\/pt\/#\/schema\/logo\/image\/\"},\"sameAs\":[\"https:\/\/www.facebook.com\/Amps.Bike\/\",\"https:\/\/x.com\/wisperebikes\",\"https:\/\/www.instagram.com\/wisperbikes\/\"]}]}<\/script>\n<!-- \/ Yoast SEO plugin. -->","yoast_head_json":{"title":"\u00cdm\u00e3 de Raio Wayfarer MD - Wisper Bikes","description":"Compre o \u00cdm\u00e3 de Raio Wayfarer MD da Wisper UK, o principal fabricante de pe\u00e7as e acess\u00f3rios para e-bikes. Entrega no dia seguinte dispon\u00edvel!","robots":{"index":"index","follow":"follow","max-snippet":"max-snippet:-1","max-image-preview":"max-image-preview:large","max-video-preview":"max-video-preview:-1"},"canonical":"https:\/\/wisperbikes.com\/pt\/shop\/electronic\/wayfarer-md-spoke-magnet\/","og_locale":"pt_PT","og_type":"article","og_title":"\u00cdm\u00e3 de Raio Wayfarer MD - Wisper Bikes","og_description":"Compre o \u00cdm\u00e3 de Raio Wayfarer MD da Wisper UK, o principal fabricante de pe\u00e7as e acess\u00f3rios para e-bikes. Entrega no dia seguinte dispon\u00edvel!","og_url":"https:\/\/wisperbikes.com\/pt\/shop\/electronic\/wayfarer-md-spoke-magnet\/","og_site_name":"Wisper Bikes","article_publisher":"https:\/\/www.facebook.com\/Amps.Bike\/","article_modified_time":"2024-03-06T16:54:40+00:00","og_image":[{"width":2784,"height":2784,"url":"https:\/\/wisperbikes.com\/pt\/wp-content\/uploads\/2022\/12\/MD-Spoke-Magnet.png","type":"image\/png"}],"twitter_card":"summary_large_image","twitter_site":"@wisperebikes","twitter_misc":{"Tempo estimado de leitura":"1 minuto"},"schema":{"@context":"https:\/\/schema.org","@graph":[{"@type":"WebPage","@id":"https:\/\/wisperbikes.com\/pt\/shop\/electronic\/wayfarer-md-spoke-magnet\/","url":"https:\/\/wisperbikes.com\/pt\/shop\/electronic\/wayfarer-md-spoke-magnet\/","name":"\u00cdm\u00e3 de Raio Wayfarer MD - Wisper Bikes","isPartOf":{"@id":"https:\/\/wisperbikes.com\/pt\/#website"},"primaryImageOfPage":{"@id":"https:\/\/wisperbikes.com\/pt\/shop\/electronic\/wayfarer-md-spoke-magnet\/#primaryimage"},"image":{"@id":"https:\/\/wisperbikes.com\/pt\/shop\/electronic\/wayfarer-md-spoke-magnet\/#primaryimage"},"thumbnailUrl":"https:\/\/wisperbikes.com\/pt\/wp-content\/uploads\/2022\/12\/MD-Spoke-Magnet.png","datePublished":"2022-12-05T13:11:03+00:00","dateModified":"2024-03-06T16:54:40+00:00","description":"Compre o \u00cdm\u00e3 de Raio Wayfarer MD da Wisper UK, o principal fabricante de pe\u00e7as e acess\u00f3rios para e-bikes. Entrega no dia seguinte dispon\u00edvel!","breadcrumb":{"@id":"https:\/\/wisperbikes.com\/pt\/shop\/electronic\/wayfarer-md-spoke-magnet\/#breadcrumb"},"inLanguage":"pt-PT","potentialAction":[{"@type":"ReadAction","target":["https:\/\/wisperbikes.com\/pt\/shop\/electronic\/wayfarer-md-spoke-magnet\/"]}]},{"@type":"ImageObject","inLanguage":"pt-PT","@id":"https:\/\/wisperbikes.com\/pt\/shop\/electronic\/wayfarer-md-spoke-magnet\/#primaryimage","url":"https:\/\/wisperbikes.com\/pt\/wp-content\/uploads\/2022\/12\/MD-Spoke-Magnet.png","contentUrl":"https:\/\/wisperbikes.com\/pt\/wp-content\/uploads\/2022\/12\/MD-Spoke-Magnet.png","width":2784,"height":2784,"caption":"MD Spoke Magnet"},{"@type":"BreadcrumbList","@id":"https:\/\/wisperbikes.com\/pt\/shop\/electronic\/wayfarer-md-spoke-magnet\/#breadcrumb","itemListElement":[{"@type":"ListItem","position":1,"name":"Home","item":"https:\/\/wisperbikes.com\/pt\/"},{"@type":"ListItem","position":2,"name":"Our Shop","item":"https:\/\/wisperbikes.com\/pt\/shop\/"},{"@type":"ListItem","position":3,"name":"Wayfarer MD Spoke Magnet"}]},{"@type":"WebSite","@id":"https:\/\/wisperbikes.com\/pt\/#website","url":"https:\/\/wisperbikes.com\/pt\/","name":"Wisper Bikes","description":"Electric Bikes","publisher":{"@id":"https:\/\/wisperbikes.com\/pt\/#organization"},"potentialAction":[{"@type":"SearchAction","target":{"@type":"EntryPoint","urlTemplate":"https:\/\/wisperbikes.com\/pt\/?s={search_term_string}"},"query-input":{"@type":"PropertyValueSpecification","valueRequired":true,"valueName":"search_term_string"}}],"inLanguage":"pt-PT"},{"@type":"Organization","@id":"https:\/\/wisperbikes.com\/pt\/#organization","name":"Wisper Electric Bikes","alternateName":"Wisper E-Bikes","url":"https:\/\/wisperbikes.com\/pt\/","logo":{"@type":"ImageObject","inLanguage":"pt-PT","@id":"https:\/\/wisperbikes.com\/pt\/#\/schema\/logo\/image\/","url":"https:\/\/wisperbikes.com\/pt\/wp-content\/uploads\/2021\/06\/WISPER-Logo.png","contentUrl":"https:\/\/wisperbikes.com\/pt\/wp-content\/uploads\/2021\/06\/WISPER-Logo.png","width":250,"height":65,"caption":"Wisper Electric Bikes"},"image":{"@id":"https:\/\/wisperbikes.com\/pt\/#\/schema\/logo\/image\/"},"sameAs":["https:\/\/www.facebook.com\/Amps.Bike\/","https:\/\/x.com\/wisperebikes","https:\/\/www.instagram.com\/wisperbikes\/"]}]}},"_links":{"self":[{"href":"https:\/\/wisperbikes.com\/pt\/wp-json\/wp\/v2\/product\/38349","targetHints":{"allow":["GET"]}}],"collection":[{"href":"https:\/\/wisperbikes.com\/pt\/wp-json\/wp\/v2\/product"}],"about":[{"href":"https:\/\/wisperbikes.com\/pt\/wp-json\/wp\/v2\/types\/product"}],"replies":[{"embeddable":true,"href":"https:\/\/wisperbikes.com\/pt\/wp-json\/wp\/v2\/comments?post=38349"}],"wp:featuredmedia":[{"embeddable":true,"href":"https:\/\/wisperbikes.com\/pt\/wp-json\/wp\/v2\/media\/38364"}],"wp:attachment":[{"href":"https:\/\/wisperbikes.com\/pt\/wp-json\/wp\/v2\/media?parent=38349"}],"wp:term":[{"taxonomy":"product_cat","embeddable":true,"href":"https:\/\/wisperbikes.com\/pt\/wp-json\/wp\/v2\/product_cat?post=38349"},{"taxonomy":"product_tag","embeddable":true,"href":"https:\/\/wisperbikes.com\/pt\/wp-json\/wp\/v2\/product_tag?post=38349"}],"curies":[{"name":"wp","href":"https:\/\/api.w.org\/{rel}","templated":true}]}}