{"id":38351,"date":"2022-12-05T13:11:04","date_gmt":"2022-12-05T13:11:04","guid":{"rendered":"https:\/\/wisperbikes.com\/pt\/?post_type=product&#038;p=38351"},"modified":"2024-03-06T13:37:33","modified_gmt":"2024-03-06T13:37:33","slug":"wayfarer-mid-drive-throttle-and-display-cable","status":"publish","type":"product","link":"https:\/\/wisperbikes.com\/pt\/shop\/electronic\/wayfarer-mid-drive-throttle-and-display-cable\/","title":{"rendered":"Wayfarer Mid-Drive Throttle and Display Cable"},"content":{"rendered":"<p>SKU: ZP32019<\/p>\n","protected":false},"excerpt":{"rendered":"<p>SKU: ZP32019<\/p>\n","protected":false},"featured_media":38356,"comment_status":"closed","ping_status":"closed","template":"","meta":[],"product_cat":[169],"product_tag":[],"class_list":{"0":"post-38351","1":"product","2":"type-product","3":"status-publish","4":"has-post-thumbnail","6":"product_cat-electronic","7":"description-off","9":"first","10":"instock","11":"taxable","12":"shipping-taxable","13":"product-type-simple"},"acf":[],"yoast_head":"<!-- This site is optimized with the Yoast SEO plugin v24.1 - https:\/\/yoast.com\/wordpress\/plugins\/seo\/ -->\n<title>Cabo de Acelerador e Display Wayfarer Mid-Drive - Wisper<\/title>\n<meta name=\"description\" content=\"O Cabo de Acelerador e Display Wayfarer Mid-Drive \u00e9 uma \u00f3tima adi\u00e7\u00e3o \u00e0 sua eBike. Compre na Wisper agora e aproveite a m\u00e1xima conveni\u00eancia ao pedalar!\" \/>\n<meta name=\"robots\" content=\"index, follow, max-snippet:-1, max-image-preview:large, max-video-preview:-1\" \/>\n<link rel=\"canonical\" href=\"https:\/\/wisperbikes.com\/pt\/shop\/electronic\/wayfarer-mid-drive-throttle-and-display-cable\/\" \/>\n<meta property=\"og:locale\" content=\"pt_PT\" \/>\n<meta property=\"og:type\" content=\"article\" \/>\n<meta property=\"og:title\" content=\"Cabo de Acelerador e Display Wayfarer Mid-Drive - Wisper\" \/>\n<meta property=\"og:description\" content=\"O Cabo de Acelerador e Display Wayfarer Mid-Drive \u00e9 uma \u00f3tima adi\u00e7\u00e3o \u00e0 sua eBike. Compre na Wisper agora e aproveite a m\u00e1xima conveni\u00eancia ao pedalar!\" \/>\n<meta property=\"og:url\" content=\"https:\/\/wisperbikes.com\/pt\/shop\/electronic\/wayfarer-mid-drive-throttle-and-display-cable\/\" \/>\n<meta property=\"og:site_name\" content=\"Wisper Bikes\" \/>\n<meta property=\"article:publisher\" content=\"https:\/\/www.facebook.com\/Amps.Bike\/\" \/>\n<meta property=\"article:modified_time\" content=\"2024-03-06T13:37:33+00:00\" \/>\n<meta property=\"og:image\" content=\"https:\/\/wisperbikes.com\/pt\/wp-content\/uploads\/2022\/12\/Wayfarer-MD-Throttle-and-Display-Cable.png\" \/>\n\t<meta property=\"og:image:width\" content=\"2448\" \/>\n\t<meta property=\"og:image:height\" content=\"2448\" \/>\n\t<meta property=\"og:image:type\" content=\"image\/png\" \/>\n<meta name=\"twitter:card\" content=\"summary_large_image\" \/>\n<meta name=\"twitter:site\" content=\"@wisperebikes\" \/>\n<meta name=\"twitter:label1\" content=\"Tempo estimado de leitura\" \/>\n\t<meta name=\"twitter:data1\" content=\"1 minuto\" \/>\n<script type=\"application\/ld+json\" class=\"yoast-schema-graph\">{\"@context\":\"https:\/\/schema.org\",\"@graph\":[{\"@type\":\"WebPage\",\"@id\":\"https:\/\/wisperbikes.com\/pt\/shop\/electronic\/wayfarer-mid-drive-throttle-and-display-cable\/\",\"url\":\"https:\/\/wisperbikes.com\/pt\/shop\/electronic\/wayfarer-mid-drive-throttle-and-display-cable\/\",\"name\":\"Cabo de Acelerador e Display Wayfarer Mid-Drive - Wisper\",\"isPartOf\":{\"@id\":\"https:\/\/wisperbikes.com\/pt\/#website\"},\"primaryImageOfPage\":{\"@id\":\"https:\/\/wisperbikes.com\/pt\/shop\/electronic\/wayfarer-mid-drive-throttle-and-display-cable\/#primaryimage\"},\"image\":{\"@id\":\"https:\/\/wisperbikes.com\/pt\/shop\/electronic\/wayfarer-mid-drive-throttle-and-display-cable\/#primaryimage\"},\"thumbnailUrl\":\"https:\/\/wisperbikes.com\/pt\/wp-content\/uploads\/2022\/12\/Wayfarer-MD-Throttle-and-Display-Cable.png\",\"datePublished\":\"2022-12-05T13:11:04+00:00\",\"dateModified\":\"2024-03-06T13:37:33+00:00\",\"description\":\"O Cabo de Acelerador e Display Wayfarer Mid-Drive \u00e9 uma \u00f3tima adi\u00e7\u00e3o \u00e0 sua eBike. Compre na Wisper agora e aproveite a m\u00e1xima conveni\u00eancia ao pedalar!\",\"breadcrumb\":{\"@id\":\"https:\/\/wisperbikes.com\/pt\/shop\/electronic\/wayfarer-mid-drive-throttle-and-display-cable\/#breadcrumb\"},\"inLanguage\":\"pt-PT\",\"potentialAction\":[{\"@type\":\"ReadAction\",\"target\":[\"https:\/\/wisperbikes.com\/pt\/shop\/electronic\/wayfarer-mid-drive-throttle-and-display-cable\/\"]}]},{\"@type\":\"ImageObject\",\"inLanguage\":\"pt-PT\",\"@id\":\"https:\/\/wisperbikes.com\/pt\/shop\/electronic\/wayfarer-mid-drive-throttle-and-display-cable\/#primaryimage\",\"url\":\"https:\/\/wisperbikes.com\/pt\/wp-content\/uploads\/2022\/12\/Wayfarer-MD-Throttle-and-Display-Cable.png\",\"contentUrl\":\"https:\/\/wisperbikes.com\/pt\/wp-content\/uploads\/2022\/12\/Wayfarer-MD-Throttle-and-Display-Cable.png\",\"width\":2448,\"height\":2448,\"caption\":\"Wayfarer MD Throttle and Display Cable\"},{\"@type\":\"BreadcrumbList\",\"@id\":\"https:\/\/wisperbikes.com\/pt\/shop\/electronic\/wayfarer-mid-drive-throttle-and-display-cable\/#breadcrumb\",\"itemListElement\":[{\"@type\":\"ListItem\",\"position\":1,\"name\":\"Home\",\"item\":\"https:\/\/wisperbikes.com\/pt\/\"},{\"@type\":\"ListItem\",\"position\":2,\"name\":\"Our Shop\",\"item\":\"https:\/\/wisperbikes.com\/pt\/shop\/\"},{\"@type\":\"ListItem\",\"position\":3,\"name\":\"Wayfarer Mid-Drive Throttle and Display Cable\"}]},{\"@type\":\"WebSite\",\"@id\":\"https:\/\/wisperbikes.com\/pt\/#website\",\"url\":\"https:\/\/wisperbikes.com\/pt\/\",\"name\":\"Wisper Bikes\",\"description\":\"Electric Bikes\",\"publisher\":{\"@id\":\"https:\/\/wisperbikes.com\/pt\/#organization\"},\"potentialAction\":[{\"@type\":\"SearchAction\",\"target\":{\"@type\":\"EntryPoint\",\"urlTemplate\":\"https:\/\/wisperbikes.com\/pt\/?s={search_term_string}\"},\"query-input\":{\"@type\":\"PropertyValueSpecification\",\"valueRequired\":true,\"valueName\":\"search_term_string\"}}],\"inLanguage\":\"pt-PT\"},{\"@type\":\"Organization\",\"@id\":\"https:\/\/wisperbikes.com\/pt\/#organization\",\"name\":\"Wisper Electric Bikes\",\"alternateName\":\"Wisper E-Bikes\",\"url\":\"https:\/\/wisperbikes.com\/pt\/\",\"logo\":{\"@type\":\"ImageObject\",\"inLanguage\":\"pt-PT\",\"@id\":\"https:\/\/wisperbikes.com\/pt\/#\/schema\/logo\/image\/\",\"url\":\"https:\/\/wisperbikes.com\/pt\/wp-content\/uploads\/2021\/06\/WISPER-Logo.png\",\"contentUrl\":\"https:\/\/wisperbikes.com\/pt\/wp-content\/uploads\/2021\/06\/WISPER-Logo.png\",\"width\":250,\"height\":65,\"caption\":\"Wisper Electric Bikes\"},\"image\":{\"@id\":\"https:\/\/wisperbikes.com\/pt\/#\/schema\/logo\/image\/\"},\"sameAs\":[\"https:\/\/www.facebook.com\/Amps.Bike\/\",\"https:\/\/x.com\/wisperebikes\",\"https:\/\/www.instagram.com\/wisperbikes\/\"]}]}<\/script>\n<!-- \/ Yoast SEO plugin. -->","yoast_head_json":{"title":"Cabo de Acelerador e Display Wayfarer Mid-Drive - Wisper","description":"O Cabo de Acelerador e Display Wayfarer Mid-Drive \u00e9 uma \u00f3tima adi\u00e7\u00e3o \u00e0 sua eBike. Compre na Wisper agora e aproveite a m\u00e1xima conveni\u00eancia ao pedalar!","robots":{"index":"index","follow":"follow","max-snippet":"max-snippet:-1","max-image-preview":"max-image-preview:large","max-video-preview":"max-video-preview:-1"},"canonical":"https:\/\/wisperbikes.com\/pt\/shop\/electronic\/wayfarer-mid-drive-throttle-and-display-cable\/","og_locale":"pt_PT","og_type":"article","og_title":"Cabo de Acelerador e Display Wayfarer Mid-Drive - Wisper","og_description":"O Cabo de Acelerador e Display Wayfarer Mid-Drive \u00e9 uma \u00f3tima adi\u00e7\u00e3o \u00e0 sua eBike. Compre na Wisper agora e aproveite a m\u00e1xima conveni\u00eancia ao pedalar!","og_url":"https:\/\/wisperbikes.com\/pt\/shop\/electronic\/wayfarer-mid-drive-throttle-and-display-cable\/","og_site_name":"Wisper Bikes","article_publisher":"https:\/\/www.facebook.com\/Amps.Bike\/","article_modified_time":"2024-03-06T13:37:33+00:00","og_image":[{"width":2448,"height":2448,"url":"https:\/\/wisperbikes.com\/pt\/wp-content\/uploads\/2022\/12\/Wayfarer-MD-Throttle-and-Display-Cable.png","type":"image\/png"}],"twitter_card":"summary_large_image","twitter_site":"@wisperebikes","twitter_misc":{"Tempo estimado de leitura":"1 minuto"},"schema":{"@context":"https:\/\/schema.org","@graph":[{"@type":"WebPage","@id":"https:\/\/wisperbikes.com\/pt\/shop\/electronic\/wayfarer-mid-drive-throttle-and-display-cable\/","url":"https:\/\/wisperbikes.com\/pt\/shop\/electronic\/wayfarer-mid-drive-throttle-and-display-cable\/","name":"Cabo de Acelerador e Display Wayfarer Mid-Drive - Wisper","isPartOf":{"@id":"https:\/\/wisperbikes.com\/pt\/#website"},"primaryImageOfPage":{"@id":"https:\/\/wisperbikes.com\/pt\/shop\/electronic\/wayfarer-mid-drive-throttle-and-display-cable\/#primaryimage"},"image":{"@id":"https:\/\/wisperbikes.com\/pt\/shop\/electronic\/wayfarer-mid-drive-throttle-and-display-cable\/#primaryimage"},"thumbnailUrl":"https:\/\/wisperbikes.com\/pt\/wp-content\/uploads\/2022\/12\/Wayfarer-MD-Throttle-and-Display-Cable.png","datePublished":"2022-12-05T13:11:04+00:00","dateModified":"2024-03-06T13:37:33+00:00","description":"O Cabo de Acelerador e Display Wayfarer Mid-Drive \u00e9 uma \u00f3tima adi\u00e7\u00e3o \u00e0 sua eBike. Compre na Wisper agora e aproveite a m\u00e1xima conveni\u00eancia ao pedalar!","breadcrumb":{"@id":"https:\/\/wisperbikes.com\/pt\/shop\/electronic\/wayfarer-mid-drive-throttle-and-display-cable\/#breadcrumb"},"inLanguage":"pt-PT","potentialAction":[{"@type":"ReadAction","target":["https:\/\/wisperbikes.com\/pt\/shop\/electronic\/wayfarer-mid-drive-throttle-and-display-cable\/"]}]},{"@type":"ImageObject","inLanguage":"pt-PT","@id":"https:\/\/wisperbikes.com\/pt\/shop\/electronic\/wayfarer-mid-drive-throttle-and-display-cable\/#primaryimage","url":"https:\/\/wisperbikes.com\/pt\/wp-content\/uploads\/2022\/12\/Wayfarer-MD-Throttle-and-Display-Cable.png","contentUrl":"https:\/\/wisperbikes.com\/pt\/wp-content\/uploads\/2022\/12\/Wayfarer-MD-Throttle-and-Display-Cable.png","width":2448,"height":2448,"caption":"Wayfarer MD Throttle and Display Cable"},{"@type":"BreadcrumbList","@id":"https:\/\/wisperbikes.com\/pt\/shop\/electronic\/wayfarer-mid-drive-throttle-and-display-cable\/#breadcrumb","itemListElement":[{"@type":"ListItem","position":1,"name":"Home","item":"https:\/\/wisperbikes.com\/pt\/"},{"@type":"ListItem","position":2,"name":"Our Shop","item":"https:\/\/wisperbikes.com\/pt\/shop\/"},{"@type":"ListItem","position":3,"name":"Wayfarer Mid-Drive Throttle and Display Cable"}]},{"@type":"WebSite","@id":"https:\/\/wisperbikes.com\/pt\/#website","url":"https:\/\/wisperbikes.com\/pt\/","name":"Wisper Bikes","description":"Electric Bikes","publisher":{"@id":"https:\/\/wisperbikes.com\/pt\/#organization"},"potentialAction":[{"@type":"SearchAction","target":{"@type":"EntryPoint","urlTemplate":"https:\/\/wisperbikes.com\/pt\/?s={search_term_string}"},"query-input":{"@type":"PropertyValueSpecification","valueRequired":true,"valueName":"search_term_string"}}],"inLanguage":"pt-PT"},{"@type":"Organization","@id":"https:\/\/wisperbikes.com\/pt\/#organization","name":"Wisper Electric Bikes","alternateName":"Wisper E-Bikes","url":"https:\/\/wisperbikes.com\/pt\/","logo":{"@type":"ImageObject","inLanguage":"pt-PT","@id":"https:\/\/wisperbikes.com\/pt\/#\/schema\/logo\/image\/","url":"https:\/\/wisperbikes.com\/pt\/wp-content\/uploads\/2021\/06\/WISPER-Logo.png","contentUrl":"https:\/\/wisperbikes.com\/pt\/wp-content\/uploads\/2021\/06\/WISPER-Logo.png","width":250,"height":65,"caption":"Wisper Electric Bikes"},"image":{"@id":"https:\/\/wisperbikes.com\/pt\/#\/schema\/logo\/image\/"},"sameAs":["https:\/\/www.facebook.com\/Amps.Bike\/","https:\/\/x.com\/wisperebikes","https:\/\/www.instagram.com\/wisperbikes\/"]}]}},"_links":{"self":[{"href":"https:\/\/wisperbikes.com\/pt\/wp-json\/wp\/v2\/product\/38351","targetHints":{"allow":["GET"]}}],"collection":[{"href":"https:\/\/wisperbikes.com\/pt\/wp-json\/wp\/v2\/product"}],"about":[{"href":"https:\/\/wisperbikes.com\/pt\/wp-json\/wp\/v2\/types\/product"}],"replies":[{"embeddable":true,"href":"https:\/\/wisperbikes.com\/pt\/wp-json\/wp\/v2\/comments?post=38351"}],"wp:featuredmedia":[{"embeddable":true,"href":"https:\/\/wisperbikes.com\/pt\/wp-json\/wp\/v2\/media\/38356"}],"wp:attachment":[{"href":"https:\/\/wisperbikes.com\/pt\/wp-json\/wp\/v2\/media?parent=38351"}],"wp:term":[{"taxonomy":"product_cat","embeddable":true,"href":"https:\/\/wisperbikes.com\/pt\/wp-json\/wp\/v2\/product_cat?post=38351"},{"taxonomy":"product_tag","embeddable":true,"href":"https:\/\/wisperbikes.com\/pt\/wp-json\/wp\/v2\/product_tag?post=38351"}],"curies":[{"name":"wp","href":"https:\/\/api.w.org\/{rel}","templated":true}]}}